{"id":7166,"date":"2015-09-03T09:54:27","date_gmt":"2015-09-03T09:54:27","guid":{"rendered":"http:\/\/www.finser.ch\/fr\/produits\/imballaggi-in-carta-e-cartone-ondulato\/"},"modified":"2023-03-06T12:30:25","modified_gmt":"2023-03-06T11:30:25","slug":"emballages-en-papier-et-en-carton","status":"publish","type":"page","link":"https:\/\/www.finser.ch\/fr\/emballages-en-papier-et-en-carton\/","title":{"rendered":"Emballages en papier et en carton"},"content":{"rendered":"<div class=\"vc_row wpb_row vc_row-fluid\"><div class=\"wpb_column vc_column_container vc_col-sm-4\"><div class=\"wpb_wrapper\"><h2  style=\"text-align:center;\" >Emballages en carton ondul\u00e9<\/h2><div class=\"photo_slider-1 \" style=\"\"><ul><li  style=\"width:0;\" ><img decoding=\"async\" src=\"https:\/\/www.finser.ch\/wp-content\/uploads\/freshizer\/a4602985e011a71f9def0bc564271e82_01_Finser_Packaging_Scatola_in_cartone_ondulato-393-c.jpg\" data-at2x=\"https:\/\/www.finser.ch\/wp-content\/uploads\/freshizer\/a4602985e011a71f9def0bc564271e82_01_Finser_Packaging_Scatola_in_cartone_ondulato-393-c@2x.jpg\" alt=\"\" \/><h3 class=\"slider-caption\">Bo\u00eete en carton<\/h3><\/li><li  style=\"width:0;\" ><img decoding=\"async\" src=\"https:\/\/www.finser.ch\/wp-content\/uploads\/freshizer\/7a7a2008ea43bf63a229d9187d558189_02_Finser_Packaging_Fustellato_automontante_in_cartone_ondulato-393-c.jpg\" data-at2x=\"https:\/\/www.finser.ch\/wp-content\/uploads\/freshizer\/7a7a2008ea43bf63a229d9187d558189_02_Finser_Packaging_Fustellato_automontante_in_cartone_ondulato-393-c@2x.jpg\" alt=\"\" \/><h3 class=\"slider-caption\">Bo\u00eete \u00e0 oreilles en carton ondul\u00e9<\/h3><\/li><li  style=\"width:0;\" ><img decoding=\"async\" src=\"https:\/\/www.finser.ch\/wp-content\/uploads\/freshizer\/e0682ee5fe85ae88f72d3fa06f8f0b16_03_Finser_Packaging_Fustellato_automontante_in_cartone_ondulato-393-c.jpg\" data-at2x=\"https:\/\/www.finser.ch\/wp-content\/uploads\/freshizer\/e0682ee5fe85ae88f72d3fa06f8f0b16_03_Finser_Packaging_Fustellato_automontante_in_cartone_ondulato-393-c@2x.jpg\" alt=\"\" \/><h3 class=\"slider-caption\">Bo\u00eete \u00e0 oreilles en carton ondul\u00e9<\/h3><\/li><li  style=\"width:0;\" ><img decoding=\"async\" src=\"https:\/\/www.finser.ch\/wp-content\/uploads\/freshizer\/6e6d95cc41ea517a77afc876b8b75be1_04_Finser_Packaging_Fustellato_automontante_in_cartone_ondulato-393-c.jpg\" data-at2x=\"https:\/\/www.finser.ch\/wp-content\/uploads\/freshizer\/6e6d95cc41ea517a77afc876b8b75be1_04_Finser_Packaging_Fustellato_automontante_in_cartone_ondulato-393-c@2x.jpg\" alt=\"\" \/><h3 class=\"slider-caption\">Bo\u00eete \u00e0 oreilles en carton ondul\u00e9<\/h3><\/li><li  style=\"width:0;\" ><img decoding=\"async\" src=\"https:\/\/www.finser.ch\/wp-content\/uploads\/freshizer\/1d8c292e2ab2317d17220107b69f06e5_05_Finser_Packaging_Scatola_in_cartone_ondulato-393-c.jpg\" data-at2x=\"https:\/\/www.finser.ch\/wp-content\/uploads\/freshizer\/1d8c292e2ab2317d17220107b69f06e5_05_Finser_Packaging_Scatola_in_cartone_ondulato-393-c@2x.jpg\" alt=\"\" \/><h3 class=\"slider-caption\">Bo\u00eete en carton ondul\u00e9<\/h3><\/li><li  style=\"width:0;\" ><img decoding=\"async\" src=\"https:\/\/www.finser.ch\/wp-content\/uploads\/freshizer\/28db8579ed26e4a781127030e9adf4d5_06_Finser_Packaging_Scatola_in_cartone_ondulato-393-c.jpg\" data-at2x=\"https:\/\/www.finser.ch\/wp-content\/uploads\/freshizer\/28db8579ed26e4a781127030e9adf4d5_06_Finser_Packaging_Scatola_in_cartone_ondulato-393-c@2x.jpg\" alt=\"\" \/><h3 class=\"slider-caption\">Bo\u00eete en carton ondul\u00e9<\/h3><\/li><li  style=\"width:0;\" ><img decoding=\"async\" src=\"https:\/\/www.finser.ch\/wp-content\/uploads\/freshizer\/4b06786700168b2f4790f02025f30bd0_07_Finser_Packaging_Scatola_in_cartone_ondulato-393-c.jpg\" data-at2x=\"https:\/\/www.finser.ch\/wp-content\/uploads\/freshizer\/4b06786700168b2f4790f02025f30bd0_07_Finser_Packaging_Scatola_in_cartone_ondulato-393-c@2x.jpg\" alt=\"\" \/><h3 class=\"slider-caption\">Bo\u00eete en carton ondul\u00e9<\/h3><\/li><\/ul><\/div><\/div><\/div><div class=\"wpb_column vc_column_container vc_col-sm-4\"><div class=\"wpb_wrapper\"><h2  style=\"text-align:center;\" >Caisses en carton pour fruits et l\u00e9gumes<\/h2><div class=\"photo_slider-1 \" style=\"\"><ul><li  style=\"width:0;\" ><img decoding=\"async\" src=\"https:\/\/www.finser.ch\/wp-content\/uploads\/freshizer\/9ff13cfc3b0e3072fe7770c892b9e098_01_Finser_Packaging_Plaform_e_plateaux_per_ortofrutta_40x30-393-c.jpg\" data-at2x=\"https:\/\/www.finser.ch\/wp-content\/uploads\/freshizer\/9ff13cfc3b0e3072fe7770c892b9e098_01_Finser_Packaging_Plaform_e_plateaux_per_ortofrutta_40x30-393-c@2x.jpg\" alt=\"\" \/><h3 class=\"slider-caption\">Caisses en carton paraffin\u00e9es pour fruits et l\u00e9gumes 40x30<\/h3><\/li><li  style=\"width:0;\" ><img decoding=\"async\" src=\"https:\/\/www.finser.ch\/wp-content\/uploads\/freshizer\/d863d5432bc4e0db804778ab2099f57a_02_Finser_Packaging_Plaform_e_plateaux_per_ortofrutta_40x30-393-c.jpg\" data-at2x=\"https:\/\/www.finser.ch\/wp-content\/uploads\/freshizer\/d863d5432bc4e0db804778ab2099f57a_02_Finser_Packaging_Plaform_e_plateaux_per_ortofrutta_40x30-393-c@2x.jpg\" alt=\"\" \/><h3 class=\"slider-caption\">Caisses en carton paraffin\u00e9es pour fruits et l\u00e9gumes 40x30<\/h3><\/li><li  style=\"width:0;\" ><img decoding=\"async\" src=\"https:\/\/www.finser.ch\/wp-content\/uploads\/freshizer\/4af4baedb0a597ccaf0e4cea4974a987_03_Finser_Packaging_Plaform_e_plateaux_per_ortofrutta_40x30-393-c.jpg\" data-at2x=\"https:\/\/www.finser.ch\/wp-content\/uploads\/freshizer\/4af4baedb0a597ccaf0e4cea4974a987_03_Finser_Packaging_Plaform_e_plateaux_per_ortofrutta_40x30-393-c@2x.jpg\" alt=\"\" \/><h3 class=\"slider-caption\">Caisses en carton paraffin\u00e9es pour fruits et l\u00e9gumes 40x30<\/h3><\/li><li  style=\"width:0;\" ><img decoding=\"async\" src=\"https:\/\/www.finser.ch\/wp-content\/uploads\/freshizer\/db34f549665e1d5f0ec2f215739b855b_04_Finser_Packaging_Plaform_e_plateaux_per_ortofrutta_40x30-393-c.jpg\" data-at2x=\"https:\/\/www.finser.ch\/wp-content\/uploads\/freshizer\/db34f549665e1d5f0ec2f215739b855b_04_Finser_Packaging_Plaform_e_plateaux_per_ortofrutta_40x30-393-c@2x.jpg\" alt=\"\" \/><h3 class=\"slider-caption\">Caisses en carton paraffin\u00e9es pour fruits et l\u00e9gumes 40x30<\/h3><\/li><li  style=\"width:0;\" ><img decoding=\"async\" src=\"https:\/\/www.finser.ch\/wp-content\/uploads\/freshizer\/be47d178e053ab699ff06d5790b8ca05_05_Finser_Packaging_Plaform_e_plateaux_per_ortofrutta_60x40-393-c.jpg\" data-at2x=\"https:\/\/www.finser.ch\/wp-content\/uploads\/freshizer\/be47d178e053ab699ff06d5790b8ca05_05_Finser_Packaging_Plaform_e_plateaux_per_ortofrutta_60x40-393-c@2x.jpg\" alt=\"\" \/><h3 class=\"slider-caption\">Caisses en carton paraffin\u00e9es pour fruits et l\u00e9gumes 60x40<\/h3><\/li><li  style=\"width:0;\" ><img decoding=\"async\" src=\"https:\/\/www.finser.ch\/wp-content\/uploads\/freshizer\/59963c15ae696405463542cbffe2db93_06_Finser_Packaging_Plaform_e_plateaux_per_ortofrutta_60x40-393-c.jpg\" data-at2x=\"https:\/\/www.finser.ch\/wp-content\/uploads\/freshizer\/59963c15ae696405463542cbffe2db93_06_Finser_Packaging_Plaform_e_plateaux_per_ortofrutta_60x40-393-c@2x.jpg\" alt=\"\" \/><h3 class=\"slider-caption\">Caisses en carton paraffin\u00e9es pour fruits et l\u00e9gumes 60x40<\/h3><\/li><li  style=\"width:0;\" ><img decoding=\"async\" src=\"https:\/\/www.finser.ch\/wp-content\/uploads\/freshizer\/87d2f45dc2ebec01ba1d5f940cbfade9_07_Finser_Packaging_Plaform_e_plateaux_per_ortofrutta_60x40-393-c.jpg\" data-at2x=\"https:\/\/www.finser.ch\/wp-content\/uploads\/freshizer\/87d2f45dc2ebec01ba1d5f940cbfade9_07_Finser_Packaging_Plaform_e_plateaux_per_ortofrutta_60x40-393-c@2x.jpg\" alt=\"\" \/><h3 class=\"slider-caption\">Caisses en carton paraffin\u00e9es pour fruits et l\u00e9gumes 60x40<\/h3><\/li><li  style=\"width:0;\" ><img decoding=\"async\" src=\"https:\/\/www.finser.ch\/wp-content\/uploads\/freshizer\/ca99072567d4bf702a89d1b88e30cd75_08_Finser_Packaging_Plaform_e_plateaux_per_ortofrutta_60x40-393-c.jpg\" data-at2x=\"https:\/\/www.finser.ch\/wp-content\/uploads\/freshizer\/ca99072567d4bf702a89d1b88e30cd75_08_Finser_Packaging_Plaform_e_plateaux_per_ortofrutta_60x40-393-c@2x.jpg\" alt=\"\" \/><h3 class=\"slider-caption\">Caisses en carton paraffin\u00e9es pour fruits et l\u00e9gumes 60x40<\/h3><\/li><\/ul><\/div><\/div><\/div><div class=\"wpb_column vc_column_container vc_col-sm-4\"><div class=\"wpb_wrapper\"><h2  style=\"text-align:center;\" >Bag in box<\/h2><div class=\"photo_slider-1 \" style=\"\"><ul><li  style=\"width:0;\" ><img decoding=\"async\" src=\"https:\/\/www.finser.ch\/wp-content\/uploads\/freshizer\/b99b8183f338bcd5c6ededa586c8a025_01_Finser_Packaging-393-c.jpg\" data-at2x=\"https:\/\/www.finser.ch\/wp-content\/uploads\/freshizer\/b99b8183f338bcd5c6ededa586c8a025_01_Finser_Packaging-393-c@2x.jpg\" alt=\"\" \/><h3 class=\"slider-caption\">Bag-in-box en carton 5 L.<\/h3><\/li><li  style=\"width:0;\" ><img decoding=\"async\" src=\"https:\/\/www.finser.ch\/wp-content\/uploads\/freshizer\/305ddcd0a9cb341a38c9617fece1a17f_02_Finser_Packaging-393-c.jpg\" data-at2x=\"https:\/\/www.finser.ch\/wp-content\/uploads\/freshizer\/305ddcd0a9cb341a38c9617fece1a17f_02_Finser_Packaging-393-c@2x.jpg\" alt=\"\" \/><h3 class=\"slider-caption\">Bag-in-box en carton 5 L.<\/h3><\/li><li  style=\"width:0;\" ><img decoding=\"async\" src=\"https:\/\/www.finser.ch\/wp-content\/uploads\/freshizer\/b0866be5ee9c8fe7ec991fa01a136926_03_Finser_Packaging-393-c.jpg\" data-at2x=\"https:\/\/www.finser.ch\/wp-content\/uploads\/freshizer\/b0866be5ee9c8fe7ec991fa01a136926_03_Finser_Packaging-393-c@2x.jpg\" alt=\"\" \/><h3 class=\"slider-caption\">Bag-in-box en carton 10 L.<\/h3><\/li><li  style=\"width:0;\" ><img decoding=\"async\" src=\"https:\/\/www.finser.ch\/wp-content\/uploads\/freshizer\/7c5f9b911e0246eae97a2157fb09ba06_04_Finser_Packaging-393-c.jpg\" data-at2x=\"https:\/\/www.finser.ch\/wp-content\/uploads\/freshizer\/7c5f9b911e0246eae97a2157fb09ba06_04_Finser_Packaging-393-c@2x.jpg\" alt=\"\" \/><h3 class=\"slider-caption\">Bag-in-box en carton 10 L.<\/h3><\/li><li  style=\"width:0;\" ><img decoding=\"async\" src=\"https:\/\/www.finser.ch\/wp-content\/uploads\/freshizer\/dab85110f1ce85b204740a6c7c0c4b58_05_Finser_Packaging-393-c.jpg\" data-at2x=\"https:\/\/www.finser.ch\/wp-content\/uploads\/freshizer\/dab85110f1ce85b204740a6c7c0c4b58_05_Finser_Packaging-393-c@2x.jpg\" alt=\"\" \/><h3 class=\"slider-caption\">Bag-in-box en carton 10 L.<\/h3><\/li><\/ul><\/div><\/div><\/div><\/div><div class=\"vc_row wpb_row vc_row-fluid\"><div class=\"wpb_column vc_column_container vc_col-sm-4\"><div class=\"wpb_wrapper\"><h2  style=\"text-align:center;\" >Boites, paniers et barquettes en carton compact<\/h2><div class=\"photo_slider-1 \" style=\"\"><ul><li  style=\"width:0;\" ><img decoding=\"async\" src=\"https:\/\/www.finser.ch\/wp-content\/uploads\/freshizer\/ca6c502d32750fe7dca680732653a7f7_vaschetta-lamponi-1x1-1-393-c.jpg\" data-at2x=\"https:\/\/www.finser.ch\/wp-content\/uploads\/freshizer\/ca6c502d32750fe7dca680732653a7f7_vaschetta-lamponi-1x1-1-393-c@2x.jpg\" alt=\"\" \/><h3 class=\"slider-caption\">Barquettes en carton compact pour fruits et l\u00e9gumes<\/h3><\/li><li  style=\"width:0;\" ><img decoding=\"async\" src=\"https:\/\/www.finser.ch\/wp-content\/uploads\/freshizer\/1fae22063c89164b5b763f4bf463a864_mirtlli-393-c.jpg\" data-at2x=\"https:\/\/www.finser.ch\/wp-content\/uploads\/freshizer\/1fae22063c89164b5b763f4bf463a864_mirtlli-393-c@2x.jpg\" alt=\"\" \/><h3 class=\"slider-caption\">Barquettes en carton compact pour fruits et l\u00e9gumes<\/h3><\/li><li  style=\"width:0;\" ><img decoding=\"async\" src=\"https:\/\/www.finser.ch\/wp-content\/uploads\/freshizer\/7cc9198745063c4497236c063de1587d_02_Finser_Packaging_Vaschette_in_cartoncino_per_ortofruta-393-c.jpg\" data-at2x=\"https:\/\/www.finser.ch\/wp-content\/uploads\/freshizer\/7cc9198745063c4497236c063de1587d_02_Finser_Packaging_Vaschette_in_cartoncino_per_ortofruta-393-c@2x.jpg\" alt=\"\" \/><h3 class=\"slider-caption\">Barquettes en carton compact pour fruits et l\u00e9gumes<\/h3><\/li><li  style=\"width:0;\" ><img decoding=\"async\" src=\"https:\/\/www.finser.ch\/wp-content\/uploads\/freshizer\/81f0eb73ef44f43292f031cec387f8f7_03_Finser_Packaging_Vaschette_finestrate_per_ortofrutta-393-c.jpg\" data-at2x=\"https:\/\/www.finser.ch\/wp-content\/uploads\/freshizer\/81f0eb73ef44f43292f031cec387f8f7_03_Finser_Packaging_Vaschette_finestrate_per_ortofrutta-393-c@2x.jpg\" alt=\"\" \/><h3 class=\"slider-caption\">Barquettes pour fruits et l\u00e9gumes avec fen\u00eatre<\/h3><\/li><li  style=\"width:0;\" ><img decoding=\"async\" src=\"https:\/\/www.finser.ch\/wp-content\/uploads\/freshizer\/1e6078b4278200bd4e9ef58db407f8c5_04_Finser_Packaging_Cestelli_in_cartoncino_teso_per_piccoli_frutti-393-c.jpg\" data-at2x=\"https:\/\/www.finser.ch\/wp-content\/uploads\/freshizer\/1e6078b4278200bd4e9ef58db407f8c5_04_Finser_Packaging_Cestelli_in_cartoncino_teso_per_piccoli_frutti-393-c@2x.jpg\" alt=\"\" \/><h3 class=\"slider-caption\">Barquettes en carton compact pour fruits et l\u00e9gumes<\/h3><\/li><li  style=\"width:0;\" ><img decoding=\"async\" src=\"https:\/\/www.finser.ch\/wp-content\/uploads\/freshizer\/818e34cab98ac5acbcee368afb9ef58b_05_Finser_Packaging_Cestelli_in_cartoncino_teso_per_piccoli_frutti-393-c.jpg\" data-at2x=\"https:\/\/www.finser.ch\/wp-content\/uploads\/freshizer\/818e34cab98ac5acbcee368afb9ef58b_05_Finser_Packaging_Cestelli_in_cartoncino_teso_per_piccoli_frutti-393-c@2x.jpg\" alt=\"\" \/><h3 class=\"slider-caption\">Barquettes en carton compact pour fruits et l\u00e9gumes<\/h3><\/li><li  style=\"width:0;\" ><img decoding=\"async\" src=\"https:\/\/www.finser.ch\/wp-content\/uploads\/freshizer\/ee0d24469eddea4820f30496033dbd23_06_Finser_Packaging_Cestelli_in_cartoncino_teso_per_piccoli_frutti-393-c.jpg\" data-at2x=\"https:\/\/www.finser.ch\/wp-content\/uploads\/freshizer\/ee0d24469eddea4820f30496033dbd23_06_Finser_Packaging_Cestelli_in_cartoncino_teso_per_piccoli_frutti-393-c@2x.jpg\" alt=\"\" \/><h3 class=\"slider-caption\">Barquettes en carton compact pour fruits et l\u00e9gumes<\/h3><\/li><li  style=\"width:0;\" ><img decoding=\"async\" src=\"https:\/\/www.finser.ch\/wp-content\/uploads\/freshizer\/e4121c59f36e3264ef277c06c1032b45_01_Finser_Packaging_Vaschetta_in_cartoncino_per-ortofrutta-393-c.jpg\" data-at2x=\"https:\/\/www.finser.ch\/wp-content\/uploads\/freshizer\/e4121c59f36e3264ef277c06c1032b45_01_Finser_Packaging_Vaschetta_in_cartoncino_per-ortofrutta-393-c@2x.jpg\" alt=\"\" \/><h3 class=\"slider-caption\">Barquettes en carton compact pour fruits et l\u00e9gumes<\/h3><\/li><li  style=\"width:0;\" ><img decoding=\"async\" src=\"https:\/\/www.finser.ch\/wp-content\/uploads\/freshizer\/e086cb162f0f70c8da580aa9fcc9b4b1_02_Finser_Packaging_Cestello_in_cartoncino_teso-393-c.jpg\" data-at2x=\"https:\/\/www.finser.ch\/wp-content\/uploads\/freshizer\/e086cb162f0f70c8da580aa9fcc9b4b1_02_Finser_Packaging_Cestello_in_cartoncino_teso-393-c@2x.jpg\" alt=\"\" \/><h3 class=\"slider-caption\">Paniers de fruits en carton compact<\/h3><\/li><li  style=\"width:0;\" ><img decoding=\"async\" src=\"https:\/\/www.finser.ch\/wp-content\/uploads\/freshizer\/6cf55c0e92c8838f78bfea4aca5f95fc_03_Finser_Packaging_Astuccio_in_cartoncino_teso_con_finestra-393-c.jpg\" data-at2x=\"https:\/\/www.finser.ch\/wp-content\/uploads\/freshizer\/6cf55c0e92c8838f78bfea4aca5f95fc_03_Finser_Packaging_Astuccio_in_cartoncino_teso_con_finestra-393-c@2x.jpg\" alt=\"\" \/><h3 class=\"slider-caption\">Boites pour fruits et l\u00e9gumes en carton compact avec fen\u00eatre <\/h3><\/li><li  style=\"width:0;\" ><img decoding=\"async\" src=\"https:\/\/www.finser.ch\/wp-content\/uploads\/freshizer\/f78c4444e08f244b6717ba73551a40d7_04_Finser_Packaging_Astuccio_in_cartoncino_teso_per_industria_alimentare-393-c.jpg\" data-at2x=\"https:\/\/www.finser.ch\/wp-content\/uploads\/freshizer\/f78c4444e08f244b6717ba73551a40d7_04_Finser_Packaging_Astuccio_in_cartoncino_teso_per_industria_alimentare-393-c@2x.jpg\" alt=\"\" \/><h3 class=\"slider-caption\">Boites en carton compact pour l\u2019industrie alimentaire<\/h3><\/li><li  style=\"width:0;\" ><img decoding=\"async\" src=\"https:\/\/www.finser.ch\/wp-content\/uploads\/freshizer\/fef385e64aaa646dd1d4cf663ab29399_05_Finser_Packaging_Astuccio_in_cartoncino_teso_per_industria_alimentare-393-c.jpg\" data-at2x=\"https:\/\/www.finser.ch\/wp-content\/uploads\/freshizer\/fef385e64aaa646dd1d4cf663ab29399_05_Finser_Packaging_Astuccio_in_cartoncino_teso_per_industria_alimentare-393-c@2x.jpg\" alt=\"\" \/><h3 class=\"slider-caption\">Boites en carton compact pour l\u2019industrie alimentaire<\/h3><\/li><li  style=\"width:0;\" ><img decoding=\"async\" src=\"https:\/\/www.finser.ch\/wp-content\/uploads\/freshizer\/40706e2b93d8acff22e49afc80e3a540_01_Finser_Packaging_Vaschetta_in_cartoncino_per-ortofrutta-600x600_04-393-c.jpg\" data-at2x=\"https:\/\/www.finser.ch\/wp-content\/uploads\/freshizer\/40706e2b93d8acff22e49afc80e3a540_01_Finser_Packaging_Vaschetta_in_cartoncino_per-ortofrutta-600x600_04-393-c@2x.jpg\" alt=\"\" \/><h3 class=\"slider-caption\">Paniers en papier pour fruits et l\u00e9gumes<\/h3><\/li><\/ul><\/div><\/div><\/div><div class=\"wpb_column vc_column_container vc_col-sm-4\"><div class=\"wpb_wrapper\"><h2  style=\"text-align:center;\" >Pr\u00e9sentoirs en carton<\/h2><div class=\"photo_slider-1 \" style=\"\"><ul><li  style=\"width:0;\" ><img decoding=\"async\" src=\"https:\/\/www.finser.ch\/wp-content\/uploads\/freshizer\/2eaee9501ee10ed96cfa732121b507cd_01_Finser_Packaging_Espositore_in_cartone_con_carrelli-393-c.jpg\" data-at2x=\"https:\/\/www.finser.ch\/wp-content\/uploads\/freshizer\/2eaee9501ee10ed96cfa732121b507cd_01_Finser_Packaging_Espositore_in_cartone_con_carrelli-393-c@2x.jpg\" alt=\"\" \/><h3 class=\"slider-caption\">Pr\u00e9sentoirs en carton<\/h3><\/li><li  style=\"width:0;\" ><img decoding=\"async\" src=\"https:\/\/www.finser.ch\/wp-content\/uploads\/freshizer\/72dbb17046288e406a3553220fafbc7f_02_Finser_Packaging_Espositori_in_cartone-393-c.jpg\" data-at2x=\"https:\/\/www.finser.ch\/wp-content\/uploads\/freshizer\/72dbb17046288e406a3553220fafbc7f_02_Finser_Packaging_Espositori_in_cartone-393-c@2x.jpg\" alt=\"\" \/><h3 class=\"slider-caption\">Pr\u00e9sentoirs en carton<\/h3><\/li><li  style=\"width:0;\" ><img decoding=\"async\" src=\"https:\/\/www.finser.ch\/wp-content\/uploads\/freshizer\/e1381340eaef094ed681f74fc6262be6_03_Finser_Packaging_Espositori_in_cartone-393-c.jpg\" data-at2x=\"https:\/\/www.finser.ch\/wp-content\/uploads\/freshizer\/e1381340eaef094ed681f74fc6262be6_03_Finser_Packaging_Espositori_in_cartone-393-c@2x.jpg\" alt=\"\" \/><h3 class=\"slider-caption\">Pr\u00e9sentoirs en carton<\/h3><\/li><\/ul><\/div><\/div><\/div><div class=\"wpb_column vc_column_container vc_col-sm-4\"><div class=\"wpb_wrapper\"><h2  style=\"text-align:center;\" >Sacs et sachets en papier<\/h2><div class=\"photo_slider-1 \" style=\"\"><ul><li  style=\"width:0;\" ><img decoding=\"async\" src=\"https:\/\/www.finser.ch\/wp-content\/uploads\/freshizer\/f48918ea76739920a4dbcdb155b40bcd_01_Finser_Packaging_Sacchi_in_carta_per_industria-393-c.jpg\" data-at2x=\"https:\/\/www.finser.ch\/wp-content\/uploads\/freshizer\/f48918ea76739920a4dbcdb155b40bcd_01_Finser_Packaging_Sacchi_in_carta_per_industria-393-c@2x.jpg\" alt=\"\" \/><h3 class=\"slider-caption\">Sacs en papier pour l\u2019industrie<\/h3><\/li><li  style=\"width:0;\" ><img decoding=\"async\" src=\"https:\/\/www.finser.ch\/wp-content\/uploads\/freshizer\/95c6c2ccb93aab76a2790ec6fc57437f_02_Finser_Packaging_Sacchi_in_carta_per_industria-393-c.jpg\" data-at2x=\"https:\/\/www.finser.ch\/wp-content\/uploads\/freshizer\/95c6c2ccb93aab76a2790ec6fc57437f_02_Finser_Packaging_Sacchi_in_carta_per_industria-393-c@2x.jpg\" alt=\"\" \/><h3 class=\"slider-caption\">Sacs en papier pour l\u2019industrie<\/h3><\/li><li  style=\"width:0;\" ><img decoding=\"async\" src=\"https:\/\/www.finser.ch\/wp-content\/uploads\/freshizer\/e5cbd337170c942af888e3435c71ef1b_03_Finser_Packaging_Sacchetti_in_carta-393-c.jpg\" data-at2x=\"https:\/\/www.finser.ch\/wp-content\/uploads\/freshizer\/e5cbd337170c942af888e3435c71ef1b_03_Finser_Packaging_Sacchetti_in_carta-393-c@2x.jpg\" alt=\"\" \/><h3 class=\"slider-caption\">Sacs en papier<\/h3><\/li><li  style=\"width:0;\" ><img decoding=\"async\" src=\"https:\/\/www.finser.ch\/wp-content\/uploads\/freshizer\/e80c3374e1c38303d3211e42770ef163_04_Finser_Packaging_Sacchetti_in_carta-393-c.jpg\" data-at2x=\"https:\/\/www.finser.ch\/wp-content\/uploads\/freshizer\/e80c3374e1c38303d3211e42770ef163_04_Finser_Packaging_Sacchetti_in_carta-393-c@2x.jpg\" alt=\"\" \/><h3 class=\"slider-caption\">Sacs en papier<\/h3><\/li><li  style=\"width:0;\" ><img decoding=\"async\" src=\"https:\/\/www.finser.ch\/wp-content\/uploads\/freshizer\/d0538b23d142da6780777541c6a79e62_05_Finser_Packaging_Sacchetti_in_carta-393-c.jpg\" data-at2x=\"https:\/\/www.finser.ch\/wp-content\/uploads\/freshizer\/d0538b23d142da6780777541c6a79e62_05_Finser_Packaging_Sacchetti_in_carta-393-c@2x.jpg\" alt=\"\" \/><h3 class=\"slider-caption\">Sacs en papier<\/h3><\/li><li  style=\"width:0;\" ><img decoding=\"async\" src=\"https:\/\/www.finser.ch\/wp-content\/uploads\/freshizer\/7d3c8bf37a5c563ac97418066b287c58_06_Finser_Packaging_Sacchetti_in_carta-393-c.jpg\" data-at2x=\"https:\/\/www.finser.ch\/wp-content\/uploads\/freshizer\/7d3c8bf37a5c563ac97418066b287c58_06_Finser_Packaging_Sacchetti_in_carta-393-c@2x.jpg\" alt=\"\" \/><h3 class=\"slider-caption\">Sacs en papier<\/h3><\/li><li  style=\"width:0;\" ><img decoding=\"async\" src=\"https:\/\/www.finser.ch\/wp-content\/uploads\/freshizer\/7c7ab385fed4ae61c888d18e6755e03a_07_Finser_Packaging_Sacchetti_in_carta-393-c.jpg\" data-at2x=\"https:\/\/www.finser.ch\/wp-content\/uploads\/freshizer\/7c7ab385fed4ae61c888d18e6755e03a_07_Finser_Packaging_Sacchetti_in_carta-393-c@2x.jpg\" alt=\"\" \/><h3 class=\"slider-caption\">Sacs en papier<\/h3><\/li><li  style=\"width:0;\" ><img decoding=\"async\" src=\"https:\/\/www.finser.ch\/wp-content\/uploads\/freshizer\/5924fb13faa01c538a64280a4be3b5bc_08_Finser_Packaging_Sacchetti_in_carta-393-c.jpg\" data-at2x=\"https:\/\/www.finser.ch\/wp-content\/uploads\/freshizer\/5924fb13faa01c538a64280a4be3b5bc_08_Finser_Packaging_Sacchetti_in_carta-393-c@2x.jpg\" alt=\"\" \/><h3 class=\"slider-caption\">Sacs en papier<\/h3><\/li><\/ul><\/div><\/div><\/div><\/div><div class=\"vc_row wpb_row vc_row-fluid\"><div class=\"wpb_column vc_column_container vc_col-sm-4\"><div class=\"wpb_wrapper\"><h2  style=\"text-align:center;\" >Autres emballages<\/h2><div class=\"photo_slider-1 \" style=\"\"><ul><li  style=\"width:0;\" ><img decoding=\"async\" src=\"https:\/\/www.finser.ch\/wp-content\/uploads\/freshizer\/6899bb2b1711809931b4f72ddbcd89da_01_Finser_Packaging_Astucci_cartoncino_teso-393-c.jpg\" data-at2x=\"https:\/\/www.finser.ch\/wp-content\/uploads\/freshizer\/6899bb2b1711809931b4f72ddbcd89da_01_Finser_Packaging_Astucci_cartoncino_teso-393-c@2x.jpg\" alt=\"\" \/><h3 class=\"slider-caption\">Boites en carton compact<\/h3><\/li><li  style=\"width:0;\" ><img decoding=\"async\" src=\"https:\/\/www.finser.ch\/wp-content\/uploads\/freshizer\/6fc2456b7293e6aa71e27aaba3541036_07_Finser_Packaging_Astucci_in_cartoncino_teso_per_industria-393-c.jpg\" data-at2x=\"https:\/\/www.finser.ch\/wp-content\/uploads\/freshizer\/6fc2456b7293e6aa71e27aaba3541036_07_Finser_Packaging_Astucci_in_cartoncino_teso_per_industria-393-c@2x.jpg\" alt=\"\" \/><h3 class=\"slider-caption\">Boites en carton compact pour l\u2019industrie<\/h3><\/li><\/ul><\/div><\/div><\/div><div class=\"wpb_column vc_column_container vc_col-sm-4\"><div class=\"wpb_wrapper\"><h2  style=\"text-align:center;\" >Fond de caisse en papier<\/h2><div class=\"photo_slider-1 \" style=\"\"><ul><li  style=\"width:0;\" ><img decoding=\"async\" src=\"https:\/\/www.finser.ch\/wp-content\/uploads\/freshizer\/e0278b93a0402408089ff0c7d52b9e92_01_Finser_Packaging1-393-c.jpg\" data-at2x=\"https:\/\/www.finser.ch\/wp-content\/uploads\/freshizer\/e0278b93a0402408089ff0c7d52b9e92_01_Finser_Packaging1-393-c@2x.jpg\" alt=\"\" \/><h3 class=\"slider-caption\">Fond de caisse en papier <\/h3><\/li><li  style=\"width:0;\" ><img decoding=\"async\" src=\"https:\/\/www.finser.ch\/wp-content\/uploads\/freshizer\/254b58a3c0b5c2c4720815e921e7f076_02_Finser_Packaging1-393-c.jpg\" data-at2x=\"https:\/\/www.finser.ch\/wp-content\/uploads\/freshizer\/254b58a3c0b5c2c4720815e921e7f076_02_Finser_Packaging1-393-c@2x.jpg\" alt=\"\" \/><h3 class=\"slider-caption\">Fond de caisse en papier<\/h3><\/li><\/ul><\/div><\/div><\/div><div class=\"wpb_column vc_column_container vc_col-sm-4\"><div class=\"wpb_wrapper\"><\/div><\/div><\/div>\n","protected":false},"excerpt":{"rendered":"Emballages en carton ondul\u00e9Bo\u00eete en cartonBo\u00eete \u00e0 oreilles en carton ondul\u00e9Bo\u00eete \u00e0 oreilles en carton ondul\u00e9Bo\u00eete \u00e0 oreilles en carton ondul\u00e9Bo\u00eete en carton ondul\u00e9Bo\u00eete en carton ondul\u00e9Bo\u00eete en carton ondul\u00e9Caisses en carton pour fruits et l\u00e9gumesCaisses en carton paraffin\u00e9es pour fruits et l\u00e9gumes 40x30Caisses en carton paraffin\u00e9es pour fruits et l\u00e9gumes 40x30Caisses en carton paraffin\u00e9es [...]","protected":false},"author":1,"featured_media":0,"parent":0,"menu_order":0,"comment_status":"open","ping_status":"closed","template":"","meta":{"footnotes":""},"class_list":["post-7166","page","type-page","status-publish","hentry"],"_links":{"self":[{"href":"https:\/\/www.finser.ch\/fr\/wp-json\/wp\/v2\/pages\/7166","targetHints":{"allow":["GET"]}}],"collection":[{"href":"https:\/\/www.finser.ch\/fr\/wp-json\/wp\/v2\/pages"}],"about":[{"href":"https:\/\/www.finser.ch\/fr\/wp-json\/wp\/v2\/types\/page"}],"author":[{"embeddable":true,"href":"https:\/\/www.finser.ch\/fr\/wp-json\/wp\/v2\/users\/1"}],"replies":[{"embeddable":true,"href":"https:\/\/www.finser.ch\/fr\/wp-json\/wp\/v2\/comments?post=7166"}],"version-history":[{"count":17,"href":"https:\/\/www.finser.ch\/fr\/wp-json\/wp\/v2\/pages\/7166\/revisions"}],"predecessor-version":[{"id":8450,"href":"https:\/\/www.finser.ch\/fr\/wp-json\/wp\/v2\/pages\/7166\/revisions\/8450"}],"wp:attachment":[{"href":"https:\/\/www.finser.ch\/fr\/wp-json\/wp\/v2\/media?parent=7166"}],"curies":[{"name":"wp","href":"https:\/\/api.w.org\/{rel}","templated":true}]}}