{"id":6989,"date":"2015-11-13T10:55:17","date_gmt":"2015-11-13T10:55:17","guid":{"rendered":"http:\/\/www.finser.ch\/fr\/societe\/aspetti-ambientali\/"},"modified":"2016-03-21T14:15:12","modified_gmt":"2016-03-21T13:15:12","slug":"aspects-ecologiques","status":"publish","type":"page","link":"https:\/\/www.finser.ch\/fr\/aspects-ecologiques\/","title":{"rendered":"Aspects \u00e9cologiques"},"content":{"rendered":"<div class=\"vc_row wpb_row vc_row-fluid\"><div class=\"wpb_column vc_column_container vc_col-sm-12\"><div class=\"wpb_wrapper\"><div class=\"\"><p>Nous sommes particuli\u00e8rement sensibles aux aspects \u00e9cologiques et minimisons l&rsquo;impact environnemental que l&#8217;emballage peut avoir durant son cycle de vie.<\/p>\n<p><strong>Plus concr\u00e8tement<\/strong>\u00a0:<\/p>\n<ul>\n<li>Nous utilisons des mati\u00e8res premi\u00e8res certifi\u00e9es FSC et FSC MIX (provenant de for\u00eats g\u00e9r\u00e9es dans le respect des exigences sociales, \u00e9conomiques et environnementales des g\u00e9n\u00e9rations actuelles et futures).<\/li>\n<li>Nous utilisons des mati\u00e8res premi\u00e8res recycl\u00e9es pour les emballages \u00e0 base de plastique.<\/li>\n<li>Nous conseillons le PLA (plastique biod\u00e9gradable) comme alternative au plastique.<\/li>\n<li>Notre fabrication se caract\u00e9rise par un faible impact \u00e9cologique gr\u00e2ce \u00e0 l&rsquo;utilisation d&rsquo;\u00e9nergies renouvelables et \u00e0 la r\u00e9cup\u00e9ration de l&rsquo;\u00e9nergie restante \u00e0 l&rsquo;issue de la production.<\/li>\n<li>Nous privil\u00e9gions le recours au transport sur rail pour minimiser notre empreinte carbone.<\/li>\n<li>Nous \u00e9tudions constamment de nouvelles structures d&#8217;emballage afin d&rsquo;am\u00e9liorer le rapport entre quantit\u00e9 de mati\u00e8re premi\u00e8re utilis\u00e9e et performance du conditionnement.<\/li>\n<\/ul>\n<p>\n<\/div><\/div><\/div><\/div>\n","protected":false},"excerpt":{"rendered":"Nous sommes particuli\u00e8rement sensibles aux aspects \u00e9cologiques et minimisons l'impact environnemental que l'emballage peut avoir durant son cycle de vie. Plus concr\u00e8tement\u00a0: Nous utilisons des mati\u00e8res premi\u00e8res certifi\u00e9es FSC et FSC MIX (provenant de for\u00eats g\u00e9r\u00e9es dans le respect des exigences sociales, \u00e9conomiques et environnementales des g\u00e9n\u00e9rations actuelles et futures). Nous utilisons des mati\u00e8res premi\u00e8res [...]","protected":false},"author":1,"featured_media":0,"parent":0,"menu_order":0,"comment_status":"open","ping_status":"closed","template":"","meta":{"footnotes":""},"class_list":["post-6989","page","type-page","status-publish","hentry"],"_links":{"self":[{"href":"https:\/\/www.finser.ch\/fr\/wp-json\/wp\/v2\/pages\/6989","targetHints":{"allow":["GET"]}}],"collection":[{"href":"https:\/\/www.finser.ch\/fr\/wp-json\/wp\/v2\/pages"}],"about":[{"href":"https:\/\/www.finser.ch\/fr\/wp-json\/wp\/v2\/types\/page"}],"author":[{"embeddable":true,"href":"https:\/\/www.finser.ch\/fr\/wp-json\/wp\/v2\/users\/1"}],"replies":[{"embeddable":true,"href":"https:\/\/www.finser.ch\/fr\/wp-json\/wp\/v2\/comments?post=6989"}],"version-history":[{"count":7,"href":"https:\/\/www.finser.ch\/fr\/wp-json\/wp\/v2\/pages\/6989\/revisions"}],"predecessor-version":[{"id":7470,"href":"https:\/\/www.finser.ch\/fr\/wp-json\/wp\/v2\/pages\/6989\/revisions\/7470"}],"wp:attachment":[{"href":"https:\/\/www.finser.ch\/fr\/wp-json\/wp\/v2\/media?parent=6989"}],"curies":[{"name":"wp","href":"https:\/\/api.w.org\/{rel}","templated":true}]}}