{"id":6986,"date":"2014-11-27T13:40:47","date_gmt":"2014-11-27T13:40:47","guid":{"rendered":"http:\/\/www.finser.ch\/fr\/logistica-e-magazzino\/"},"modified":"2016-03-20T11:17:12","modified_gmt":"2016-03-20T10:17:12","slug":"logistique-et-entrepot","status":"publish","type":"page","link":"https:\/\/www.finser.ch\/fr\/logistique-et-entrepot\/","title":{"rendered":"Logistique et entrep\u00f4t"},"content":{"rendered":"<div class=\"vc_row wpb_row vc_row-fluid\"><div class=\"wpb_column vc_column_container vc_col-sm-12\"><div class=\"wpb_wrapper\"><div class=\"\"><p>Notre objectif est de vous d\u00e9livrer des probl\u00e9matiques li\u00e9es au conditionnement et au stockage\u00a0: vous gagnez ainsi du temps que vous pourrez consacrer \u00e0 votre c\u0153ur de m\u00e9tier.<\/p>\n<p>Nous vous proposons un forfait \u00ab\u00a0tout en un\u00a0\u00bb allant de la conception\/fourniture de l&#8217;emballage \u00e0 la gestion correspondante du stockage avec des livraisons en flux tendu et une coordination en temps r\u00e9el pour \u00e9viter les ruptures de stock et les invendus.<\/p>\n<p>Cette modalit\u00e9 vous permet d&rsquo;oublier tous les tracas li\u00e9s \u00e0 la gestion des espaces de stockage et \u00e0 la r\u00e9int\u00e9gration des marchandises dans la mesure o\u00f9 notre personnel s&rsquo;occupe de tout, dans nos locaux ou directement dans les v\u00f4tres.<\/p>\n<p>Plusieurs de nos clients ont d\u00e9j\u00e0 adopt\u00e9 ce syst\u00e8me. En plus d&rsquo;all\u00e9ger leur gestion, il a \u00e9galement permis d&rsquo;optimiser les quantit\u00e9s command\u00e9es ainsi que les d\u00e9lais de stock du mat\u00e9riel d&#8217;emballage.<\/p>\n<\/div><\/div><\/div><\/div>\n","protected":false},"excerpt":{"rendered":"Notre objectif est de vous d\u00e9livrer des probl\u00e9matiques li\u00e9es au conditionnement et au stockage\u00a0: vous gagnez ainsi du temps que vous pourrez consacrer \u00e0 votre c\u0153ur de m\u00e9tier. Nous vous proposons un forfait \u00ab\u00a0tout en un\u00a0\u00bb allant de la conception\/fourniture de l'emballage \u00e0 la gestion correspondante du stockage avec des livraisons en flux tendu et [...]","protected":false},"author":1,"featured_media":5898,"parent":0,"menu_order":0,"comment_status":"open","ping_status":"closed","template":"page-sidebar-right.php","meta":{"footnotes":""},"class_list":["post-6986","page","type-page","status-publish","has-post-thumbnail","hentry"],"_links":{"self":[{"href":"https:\/\/www.finser.ch\/fr\/wp-json\/wp\/v2\/pages\/6986","targetHints":{"allow":["GET"]}}],"collection":[{"href":"https:\/\/www.finser.ch\/fr\/wp-json\/wp\/v2\/pages"}],"about":[{"href":"https:\/\/www.finser.ch\/fr\/wp-json\/wp\/v2\/types\/page"}],"author":[{"embeddable":true,"href":"https:\/\/www.finser.ch\/fr\/wp-json\/wp\/v2\/users\/1"}],"replies":[{"embeddable":true,"href":"https:\/\/www.finser.ch\/fr\/wp-json\/wp\/v2\/comments?post=6986"}],"version-history":[{"count":3,"href":"https:\/\/www.finser.ch\/fr\/wp-json\/wp\/v2\/pages\/6986\/revisions"}],"predecessor-version":[{"id":7453,"href":"https:\/\/www.finser.ch\/fr\/wp-json\/wp\/v2\/pages\/6986\/revisions\/7453"}],"wp:featuredmedia":[{"embeddable":true,"href":"https:\/\/www.finser.ch\/fr\/wp-json\/wp\/v2\/media\/5898"}],"wp:attachment":[{"href":"https:\/\/www.finser.ch\/fr\/wp-json\/wp\/v2\/media?parent=6986"}],"curies":[{"name":"wp","href":"https:\/\/api.w.org\/{rel}","templated":true}]}}