{"id":6982,"date":"2014-11-27T13:34:44","date_gmt":"2014-11-27T13:34:44","guid":{"rendered":"http:\/\/www.finser.ch\/fr\/display\/"},"modified":"2021-06-18T14:27:56","modified_gmt":"2021-06-18T13:27:56","slug":"plv","status":"publish","type":"page","link":"https:\/\/www.finser.ch\/fr\/plv\/","title":{"rendered":"PLV"},"content":{"rendered":"<div class=\"vc_row wpb_row vc_row-fluid\"><div class=\"wpb_column vc_column_container vc_col-sm-12\"><div class=\"wpb_wrapper\"><div class=\"\"><p>La <strong>division<\/strong> \u00ab\u00a0<strong>PLV<\/strong>\u00a0\u00bb s&rsquo;adresse \u00e0 toutes les entreprises qui souhaitent pr\u00e9senter leur soci\u00e9t\u00e9 et ses produits sous une forme innovante et s\u00e9duisante. Dans la mesure o\u00f9 un m\u00eame produit pr\u00e9sent\u00e9 non pas en rayon mais sur un PLV focalise l&rsquo;attention du client en augmentant consid\u00e9rablement les ventes, l&rsquo;utilisation des PLV (ou pr\u00e9sentoirs) fait aujourd&rsquo;hui tache d&rsquo;huile. Notre offre, gr\u00e2ce \u00e0 ses mod\u00e8les standards ou con\u00e7us sur mesure, est \u00e0 la pointe du secteur. En phase de conception, notre bureau graphique peut pr\u00e9parer un rendu 3D de mani\u00e8re \u00e0 obtenir un aper\u00e7u imm\u00e9diat et r\u00e9aliste de la structure et de son visuel. Cette \u00e9tape permet d&rsquo;apporter toutes les modifications ou am\u00e9liorations requises. Avant de lancer la production, nous concr\u00e9tisons toutes nos propositions en r\u00e9alisant un \u00e9chantillon \u00e0 \u00e9chelle 1:1 par impression num\u00e9rique.<\/p>\n<p><strong>Gamme de produits:<\/strong><\/p>\n<ul>\n<li>pr\u00e9sentoirs de sol en carton ondul\u00e9<\/li>\n<li>pr\u00e9sentoirs de comptoir en carton ou papier cartonn\u00e9<\/li>\n<li>pr\u00e9sentoirs en papier contrecoll\u00e9 \u00e0 haute r\u00e9solution graphique<\/li>\n<li>shelf ready packaging (PAV = pr\u00eat \u00e0 vendre)<\/li>\n<\/ul>\n<p>\n<\/div><\/div><\/div><\/div><div class=\"vc_row wpb_row vc_row-fluid\"><div class=\"wpb_column vc_column_container vc_col-sm-4\"><div class=\"wpb_wrapper\"><div class=\"team_member \"><img decoding=\"async\" class=\"team_member_photo\" src=\"https:\/\/www.finser.ch\/wp-content\/uploads\/freshizer\/f1774c3de06a73658d9a73a2985ad7f1_FINSER_display_cover-615-c.png\" alt=\"\"><h3 class=\"team_member_title\">Catalogue display<\/h3><div class=\"team_member_description\"><p><\/p>\n<p class=\"p1\"><span class=\"s1\"><a href=\"https:\/\/www.finser.ch\/wp-content\/uploads\/2021\/06\/brevetti.pdf\" target=\"_blank\">T\u00e9l\u00e9charger\u00a0pdf<\/a><\/span><\/p>\n<p><\/p><\/div><\/div><\/div><\/div><div class=\"wpb_column vc_column_container vc_col-sm-4\"><div class=\"wpb_wrapper\"><\/div><\/div><\/div><div class=\"vc_row wpb_row vc_row-fluid vc_custom_1624022471139\"><div class=\"wpb_column vc_column_container vc_col-sm-6\"><div class=\"wpb_wrapper\"><iframe loading=\"lazy\" title=\"YouTube video player\" src=\"https:\/\/www.youtube.com\/embed\/OFuRWw92mbE\" width=\"350\" height=\"196\" frameborder=\"0\" allowfullscreen=\"allowfullscreen\"><\/iframe><iframe loading=\"lazy\" title=\"YouTube video player\" src=\"https:\/\/www.youtube.com\/embed\/76Digt5Po94\" width=\"350\" height=\"196\" frameborder=\"0\" allowfullscreen=\"allowfullscreen\"><\/iframe><iframe loading=\"lazy\" title=\"YouTube video player\" src=\"https:\/\/www.youtube.com\/embed\/ltcP4MGh2IE\" width=\"350\" height=\"196\" frameborder=\"0\" allowfullscreen=\"allowfullscreen\"><\/iframe><\/div><\/div><div class=\"wpb_column vc_column_container vc_col-sm-6\"><div class=\"wpb_wrapper\"><iframe loading=\"lazy\" title=\"YouTube video player\" src=\"https:\/\/www.youtube.com\/embed\/Q5gW_Ljh1s0\" width=\"350\" height=\"196\" frameborder=\"0\" allowfullscreen=\"allowfullscreen\"><\/iframe><iframe loading=\"lazy\" title=\"YouTube video player\" src=\"https:\/\/www.youtube.com\/embed\/lwmLejaVBXQ\" width=\"350\" height=\"196\" frameborder=\"0\" allowfullscreen=\"allowfullscreen\"><\/iframe><\/div><\/div><\/div>\n","protected":false},"excerpt":{"rendered":"La division \u00ab\u00a0PLV\u00a0\u00bb s'adresse \u00e0 toutes les entreprises qui souhaitent pr\u00e9senter leur soci\u00e9t\u00e9 et ses produits sous une forme innovante et s\u00e9duisante. Dans la mesure o\u00f9 un m\u00eame produit pr\u00e9sent\u00e9 non pas en rayon mais sur un PLV focalise l'attention du client en augmentant consid\u00e9rablement les ventes, l'utilisation des PLV (ou pr\u00e9sentoirs) fait aujourd'hui tache [...]","protected":false},"author":1,"featured_media":5901,"parent":0,"menu_order":0,"comment_status":"open","ping_status":"closed","template":"page-sidebar-right.php","meta":{"footnotes":""},"class_list":["post-6982","page","type-page","status-publish","has-post-thumbnail","hentry"],"_links":{"self":[{"href":"https:\/\/www.finser.ch\/fr\/wp-json\/wp\/v2\/pages\/6982","targetHints":{"allow":["GET"]}}],"collection":[{"href":"https:\/\/www.finser.ch\/fr\/wp-json\/wp\/v2\/pages"}],"about":[{"href":"https:\/\/www.finser.ch\/fr\/wp-json\/wp\/v2\/types\/page"}],"author":[{"embeddable":true,"href":"https:\/\/www.finser.ch\/fr\/wp-json\/wp\/v2\/users\/1"}],"replies":[{"embeddable":true,"href":"https:\/\/www.finser.ch\/fr\/wp-json\/wp\/v2\/comments?post=6982"}],"version-history":[{"count":10,"href":"https:\/\/www.finser.ch\/fr\/wp-json\/wp\/v2\/pages\/6982\/revisions"}],"predecessor-version":[{"id":8286,"href":"https:\/\/www.finser.ch\/fr\/wp-json\/wp\/v2\/pages\/6982\/revisions\/8286"}],"wp:featuredmedia":[{"embeddable":true,"href":"https:\/\/www.finser.ch\/fr\/wp-json\/wp\/v2\/media\/5901"}],"wp:attachment":[{"href":"https:\/\/www.finser.ch\/fr\/wp-json\/wp\/v2\/media?parent=6982"}],"curies":[{"name":"wp","href":"https:\/\/api.w.org\/{rel}","templated":true}]}}