{"id":6976,"date":"2014-11-27T13:52:28","date_gmt":"2014-11-27T13:52:28","guid":{"rendered":"http:\/\/www.finser.ch\/fr\/imballaggio-non-food\/"},"modified":"2016-04-20T16:37:33","modified_gmt":"2016-04-20T15:37:33","slug":"emballage-non-alimentaire","status":"publish","type":"page","link":"https:\/\/www.finser.ch\/fr\/emballage-non-alimentaire\/","title":{"rendered":"Emballage non-alimentaire"},"content":{"rendered":"<div class=\"vc_row wpb_row vc_row-fluid\"><div class=\"wpb_column vc_column_container vc_col-sm-12\"><div class=\"wpb_wrapper\"><div class=\"\"><p>Notre division <strong>\u00ab\u00a0Industrie non\u2011alimentaire\u00a0\u00bb<\/strong> se tourne principalement vers le secteur \u00e9lectronique, pharmaceutique, cosm\u00e9tique, m\u00e9canique ainsi que vers la confection, les d\u00e9m\u00e9nagements et les services.<\/p>\n<p><strong>Gamme de produits\u00a0:<\/strong><\/p>\n<ul>\n<li>Emballages standards et personnalis\u00e9s<\/li>\n<li>Emballages en carton ondul\u00e9<\/li>\n<li>\u00c9tuis en carton tendu<\/li>\n<li>Emballages sp\u00e9ciaux et\/ou de grandes dimensions<\/li>\n<li>Blisters<\/li>\n<li>Grands conteneurs en plastique<\/li>\n<li>Caisses en plastique et bois<\/li>\n<li>Sachets en papier ou en plastique<\/li>\n<li>Pr\u00e9sentoirs<\/li>\n<\/ul>\n<ul>\n<li>Caisses en plastique et bois<\/li>\n<li>Sachets en plastique<\/li>\n<li>Sachets en papier<\/li>\n<li>Pr\u00e9sentoirs<\/li>\n<\/ul>\n<p>Nous concevons et proposons \u00e9galement des produits sp\u00e9ciaux comme le TCP, un emballage brevet\u00e9 garantissant le maintien de la temp\u00e9rature du contenu en dessous de 8 degr\u00e9s pendant 48\u00a0heures.<\/p>\n<\/div><\/div><\/div><\/div>\n","protected":false},"excerpt":{"rendered":"Notre division \u00ab\u00a0Industrie non\u2011alimentaire\u00a0\u00bb se tourne principalement vers le secteur \u00e9lectronique, pharmaceutique, cosm\u00e9tique, m\u00e9canique ainsi que vers la confection, les d\u00e9m\u00e9nagements et les services. Gamme de produits\u00a0: Emballages standards et personnalis\u00e9s Emballages en carton ondul\u00e9 \u00c9tuis en carton tendu Emballages sp\u00e9ciaux et\/ou de grandes dimensions Blisters Grands conteneurs en plastique Caisses en plastique et bois [...]","protected":false},"author":1,"featured_media":0,"parent":0,"menu_order":0,"comment_status":"open","ping_status":"closed","template":"page-sidebar-right.php","meta":{"footnotes":""},"class_list":["post-6976","page","type-page","status-publish","hentry"],"_links":{"self":[{"href":"https:\/\/www.finser.ch\/fr\/wp-json\/wp\/v2\/pages\/6976","targetHints":{"allow":["GET"]}}],"collection":[{"href":"https:\/\/www.finser.ch\/fr\/wp-json\/wp\/v2\/pages"}],"about":[{"href":"https:\/\/www.finser.ch\/fr\/wp-json\/wp\/v2\/types\/page"}],"author":[{"embeddable":true,"href":"https:\/\/www.finser.ch\/fr\/wp-json\/wp\/v2\/users\/1"}],"replies":[{"embeddable":true,"href":"https:\/\/www.finser.ch\/fr\/wp-json\/wp\/v2\/comments?post=6976"}],"version-history":[{"count":15,"href":"https:\/\/www.finser.ch\/fr\/wp-json\/wp\/v2\/pages\/6976\/revisions"}],"predecessor-version":[{"id":7476,"href":"https:\/\/www.finser.ch\/fr\/wp-json\/wp\/v2\/pages\/6976\/revisions\/7476"}],"wp:attachment":[{"href":"https:\/\/www.finser.ch\/fr\/wp-json\/wp\/v2\/media?parent=6976"}],"curies":[{"name":"wp","href":"https:\/\/api.w.org\/{rel}","templated":true}]}}