{"id":6972,"date":"2014-11-27T13:50:43","date_gmt":"2014-11-27T13:50:43","guid":{"rendered":"http:\/\/www.finser.ch\/fr\/imballaggio-food\/"},"modified":"2016-03-20T11:15:01","modified_gmt":"2016-03-20T10:15:01","slug":"emballage-alimentaire","status":"publish","type":"page","link":"https:\/\/www.finser.ch\/fr\/emballage-alimentaire\/","title":{"rendered":"Emballage &quot;Alimentaire&quot;"},"content":{"rendered":"<div class=\"vc_row wpb_row vc_row-fluid\"><div class=\"wpb_column vc_column_container vc_col-sm-12\"><div class=\"wpb_wrapper\"><div class=\"\"><p>Notre division <strong>\u00ab\u00a0Industrie alimentaire\u00a0\u00bb<\/strong> s&rsquo;adresse au secteur de l&rsquo;agro-alimentaire, de la fromagerie, de la poissonnerie et de la boucherie.<\/p>\n<p>Parmi les nombreuses prestations que nous proposons dans ce domaine : l&rsquo;\u00e9tude d&#8217;emballages modernes et fonctionnels, la conception et la r\u00e9alisation de visuels s\u00e9duisants, l&rsquo;utilisation de mati\u00e8res innovantes et respectueuses de l&rsquo;environnement.<\/p>\n<p><strong>Gamme de produits\u00a0:<\/strong><\/p>\n<ul>\n<li>Emballages standards et personnalis\u00e9s<\/li>\n<li>Emballages en carton ondul\u00e9<\/li>\n<li>Paniers en carton ou carton tendu<\/li>\n<li>Barquettes en plastique (PP, PET ou PS)<\/li>\n<li>Blisters<\/li>\n<li>Films plastiques pour Flow Pack et films thermor\u00e9tractables<\/li>\n<li>Bag-in-Box (caisses\u2011outres)<\/li>\n<li>Grands conteneurs en plastique<\/li>\n<li>Caisses en plastique et bois<\/li>\n<li>Sachets en plastique<\/li>\n<li>Sachets en papier<\/li>\n<li>Pr\u00e9sentoirs<\/li>\n<\/ul>\n<p>Notre \u00e9quipe suit en permanence les tendances pr\u00e9f\u00e9rentielles des consommateurs, toujours plus sensibles aux aspects \u00e9cologiques et aux normes en mati\u00e8re d&rsquo;hygi\u00e8ne et de sant\u00e9.<\/p>\n<p>Nous accordons une attention toute particuli\u00e8re au recyclage, aux exigences de stockage et aux techniques de conservation.<\/p>\n<\/div><\/div><\/div><\/div>\n","protected":false},"excerpt":{"rendered":"Notre division \u00ab\u00a0Industrie alimentaire\u00a0\u00bb s'adresse au secteur de l'agro-alimentaire, de la fromagerie, de la poissonnerie et de la boucherie. Parmi les nombreuses prestations que nous proposons dans ce domaine : l'\u00e9tude d'emballages modernes et fonctionnels, la conception et la r\u00e9alisation de visuels s\u00e9duisants, l'utilisation de mati\u00e8res innovantes et respectueuses de l'environnement. Gamme de produits\u00a0: Emballages [...]","protected":false},"author":1,"featured_media":0,"parent":0,"menu_order":0,"comment_status":"open","ping_status":"closed","template":"page-sidebar-right.php","meta":{"footnotes":""},"class_list":["post-6972","page","type-page","status-publish","hentry"],"_links":{"self":[{"href":"https:\/\/www.finser.ch\/fr\/wp-json\/wp\/v2\/pages\/6972","targetHints":{"allow":["GET"]}}],"collection":[{"href":"https:\/\/www.finser.ch\/fr\/wp-json\/wp\/v2\/pages"}],"about":[{"href":"https:\/\/www.finser.ch\/fr\/wp-json\/wp\/v2\/types\/page"}],"author":[{"embeddable":true,"href":"https:\/\/www.finser.ch\/fr\/wp-json\/wp\/v2\/users\/1"}],"replies":[{"embeddable":true,"href":"https:\/\/www.finser.ch\/fr\/wp-json\/wp\/v2\/comments?post=6972"}],"version-history":[{"count":12,"href":"https:\/\/www.finser.ch\/fr\/wp-json\/wp\/v2\/pages\/6972\/revisions"}],"predecessor-version":[{"id":7451,"href":"https:\/\/www.finser.ch\/fr\/wp-json\/wp\/v2\/pages\/6972\/revisions\/7451"}],"wp:attachment":[{"href":"https:\/\/www.finser.ch\/fr\/wp-json\/wp\/v2\/media?parent=6972"}],"curies":[{"name":"wp","href":"https:\/\/api.w.org\/{rel}","templated":true}]}}