{"id":6968,"date":"2014-11-27T13:47:02","date_gmt":"2014-11-27T13:47:02","guid":{"rendered":"http:\/\/www.finser.ch\/fr\/verpackung-obst-und-gemuese\/"},"modified":"2016-03-20T11:13:51","modified_gmt":"2016-03-20T10:13:51","slug":"emballage-fruits-et-legumes","status":"publish","type":"page","link":"https:\/\/www.finser.ch\/fr\/emballage-fruits-et-legumes\/","title":{"rendered":"Emballage fruits et l\u00e9gumes"},"content":{"rendered":"<div class=\"vc_row wpb_row vc_row-fluid\"><div class=\"wpb_column vc_column_container vc_col-sm-12\"><div class=\"wpb_wrapper\"><div class=\"\"><p>Notre division \u00ab\u00a0Fruits et l\u00e9gumes\u00a0\u00bb vous propose et fournit tout le n\u00e9cessaire pour transporter, stocker, prot\u00e9ger et exposer vos fruits et vos l\u00e9gumes.<\/p>\n<p><strong>Gamme de <\/strong><strong>produits\u00a0<\/strong><strong>:<\/strong><\/p>\n<ul>\n<li>Emballages standards et personnalis\u00e9s<\/li>\n<li>Emballages en carton ondul\u00e9, notamment caisses coll\u00e9es ou \u00e0 montage manuel<\/li>\n<li>Films de protection<\/li>\n<li>Barquettes en plastique (PP, PET ou PS)<\/li>\n<li>Alv\u00e9oles en papier et plastique<\/li>\n<li>Pr\u00e9sentoirs<\/li>\n<li>Paniers en carton ou carton tendu<\/li>\n<li>Films plastiques pour Flow Pack, thermor\u00e9tractables ou pour l&rsquo;agriculture<\/li>\n<li>Grands conteneurs en plastique<\/li>\n<li>Caisses en plastique et bois<\/li>\n<li>Sachets en plastique<\/li>\n<li>Films plastiques pour la couverture des serres, tissu-non-tiss\u00e9, film EVA<\/li>\n<\/ul>\n<p>Nos centres de collage et le pr\u00eat \u00e0 usage gratuit de machines colleuses compl\u00e8tent nos prestations.<\/p>\n<\/div><\/div><\/div><\/div>\n","protected":false},"excerpt":{"rendered":"Notre division \u00ab\u00a0Fruits et l\u00e9gumes\u00a0\u00bb vous propose et fournit tout le n\u00e9cessaire pour transporter, stocker, prot\u00e9ger et exposer vos fruits et vos l\u00e9gumes. Gamme de produits\u00a0: Emballages standards et personnalis\u00e9s Emballages en carton ondul\u00e9, notamment caisses coll\u00e9es ou \u00e0 montage manuel Films de protection Barquettes en plastique (PP, PET ou PS) Alv\u00e9oles en papier et [...]","protected":false},"author":1,"featured_media":5892,"parent":0,"menu_order":0,"comment_status":"open","ping_status":"closed","template":"page-sidebar-right.php","meta":{"footnotes":""},"class_list":["post-6968","page","type-page","status-publish","has-post-thumbnail","hentry"],"_links":{"self":[{"href":"https:\/\/www.finser.ch\/fr\/wp-json\/wp\/v2\/pages\/6968","targetHints":{"allow":["GET"]}}],"collection":[{"href":"https:\/\/www.finser.ch\/fr\/wp-json\/wp\/v2\/pages"}],"about":[{"href":"https:\/\/www.finser.ch\/fr\/wp-json\/wp\/v2\/types\/page"}],"author":[{"embeddable":true,"href":"https:\/\/www.finser.ch\/fr\/wp-json\/wp\/v2\/users\/1"}],"replies":[{"embeddable":true,"href":"https:\/\/www.finser.ch\/fr\/wp-json\/wp\/v2\/comments?post=6968"}],"version-history":[{"count":8,"href":"https:\/\/www.finser.ch\/fr\/wp-json\/wp\/v2\/pages\/6968\/revisions"}],"predecessor-version":[{"id":7450,"href":"https:\/\/www.finser.ch\/fr\/wp-json\/wp\/v2\/pages\/6968\/revisions\/7450"}],"wp:featuredmedia":[{"embeddable":true,"href":"https:\/\/www.finser.ch\/fr\/wp-json\/wp\/v2\/media\/5892"}],"wp:attachment":[{"href":"https:\/\/www.finser.ch\/fr\/wp-json\/wp\/v2\/media?parent=6968"}],"curies":[{"name":"wp","href":"https:\/\/api.w.org\/{rel}","templated":true}]}}