{"id":4886,"date":"2014-05-22T13:31:51","date_gmt":"2014-05-22T13:31:51","guid":{"rendered":"http:\/\/www.finser.ch\/?page_id=4886"},"modified":"2014-05-22T13:31:51","modified_gmt":"2014-05-22T13:31:51","slug":"oenologie","status":"publish","type":"page","link":"https:\/\/www.finser.ch\/fr\/divisions\/oenologie\/","title":{"rendered":"Oenologie"},"content":{"rendered":"<div class=\"vc_row wpb_row vc_row-fluid\"><div class=\"wpb_column vc_column_container vc_col-sm-12\"><div class=\"wpb_wrapper\"><div class=\"\"><p>Avec sa division \u0153nologie,<strong> Finser Packaging<\/strong>, propose une gamme de produits de haute qualit\u00e9 et toujours adapt\u00e9e aux nouvelles tendances.<br \/>\nLa gamme de produit offerte \u00e0 la client\u00e8le est le r\u00e9sultat de la coop\u00e9ration avec des soci\u00e9t\u00e9s leader au niveau mondial tels que International Paper, Saint-Gobain, et Alplast.<\/p>\n<p>Les familles de produits suivantes sont propos\u00e9es:<\/p>\n<ul>\n<li><strong>Bouteilles de verre<\/strong><br \/>\nStandard et sp\u00e9ciales en diff\u00e9rents mod\u00e8les, capacit\u00e9 et couleurs<\/li>\n<li><strong>Bouchons \u00e0 vis BVS en aluminium<\/strong><br \/>\nEn diff\u00e9rentes couleurs, s\u00e9rigraphi\u00e9s et avec diff\u00e9rents joints<\/li>\n<li><strong>Cartons pour bouteilles<\/strong><br \/>\nStandard, personnalis\u00e9s, avec des alv\u00e9oles de s\u00e9paration pr\u00e9-col\u00e9es<\/li>\n<li><strong>Caisses plastiques<\/strong> et mat\u00e9riels pour la vendange et la vinification<\/li>\n<li><strong>Bag in Box (BIB) <\/strong>ou fontaines \u00e0 vin en diff\u00e9rentes grandeurs, standard ou personnalis\u00e9esLes exigences particuli\u00e8res telle que la production de bouteilles personnalis\u00e9es sont \u00e9galement r\u00e9alis\u00e9es par <strong>Finser Packaging <\/strong>moyennant un modeste engagement du la part du client.<\/li>\n<\/ul>\n<p>\n<\/div><\/div><\/div><\/div>\n","protected":false},"excerpt":{"rendered":"Avec sa division \u0153nologie, Finser Packaging, propose une gamme de produits de haute qualit\u00e9 et toujours adapt\u00e9e aux nouvelles tendances. La gamme de produit offerte \u00e0 la client\u00e8le est le r\u00e9sultat de la coop\u00e9ration avec des soci\u00e9t\u00e9s leader au niveau mondial tels que International Paper, Saint-Gobain, et Alplast. Les familles de produits suivantes sont propos\u00e9es: [...]","protected":false},"author":1,"featured_media":0,"parent":4872,"menu_order":0,"comment_status":"open","ping_status":"closed","template":"page-sidebar-right.php","meta":{"footnotes":""},"class_list":["post-4886","page","type-page","status-publish","hentry"],"_links":{"self":[{"href":"https:\/\/www.finser.ch\/fr\/wp-json\/wp\/v2\/pages\/4886","targetHints":{"allow":["GET"]}}],"collection":[{"href":"https:\/\/www.finser.ch\/fr\/wp-json\/wp\/v2\/pages"}],"about":[{"href":"https:\/\/www.finser.ch\/fr\/wp-json\/wp\/v2\/types\/page"}],"author":[{"embeddable":true,"href":"https:\/\/www.finser.ch\/fr\/wp-json\/wp\/v2\/users\/1"}],"replies":[{"embeddable":true,"href":"https:\/\/www.finser.ch\/fr\/wp-json\/wp\/v2\/comments?post=4886"}],"version-history":[{"count":1,"href":"https:\/\/www.finser.ch\/fr\/wp-json\/wp\/v2\/pages\/4886\/revisions"}],"predecessor-version":[{"id":4888,"href":"https:\/\/www.finser.ch\/fr\/wp-json\/wp\/v2\/pages\/4886\/revisions\/4888"}],"up":[{"embeddable":true,"href":"https:\/\/www.finser.ch\/fr\/wp-json\/wp\/v2\/pages\/4872"}],"wp:attachment":[{"href":"https:\/\/www.finser.ch\/fr\/wp-json\/wp\/v2\/media?parent=4886"}],"curies":[{"name":"wp","href":"https:\/\/api.w.org\/{rel}","templated":true}]}}