{"id":4882,"date":"2014-05-22T13:30:16","date_gmt":"2014-05-22T13:30:16","guid":{"rendered":"http:\/\/www.finser.ch\/?page_id=4882"},"modified":"2014-05-22T13:30:16","modified_gmt":"2014-05-22T13:30:16","slug":"industrie-non-food","status":"publish","type":"page","link":"https:\/\/www.finser.ch\/fr\/divisions\/industrie-non-food\/","title":{"rendered":"Industrie \u00ab\u00a0non food\u00a0\u00bb"},"content":{"rendered":"<div class=\"vc_row wpb_row vc_row-fluid\"><div class=\"wpb_column vc_column_container vc_col-sm-12\"><div class=\"wpb_wrapper\"><div class=\"\"><p>La Division Industrie \u00ab\u00a0non food\u00a0\u00bb de <strong>Finser Packaging<\/strong> s\u2019adresse principalement aux secteurs \u00e9lectroniques, pharmaceutiques, cosm\u00e9tiques, m\u00e9caniques, de l\u2019habillement et des services.<\/p>\n<p><strong>Gamme de produits\u00a0:<\/strong><\/p>\n<ul>\n<li>Emballages standards et \/ ou personnalis\u00e9s adapt\u00e9s \u00e0 chaque exigence sp\u00e9cifique du client<\/li>\n<li>Emballages en carton ondul\u00e9<\/li>\n<li>Bo\u00eetes en carton compact<\/li>\n<li>Etuis<\/li>\n<li>Formes en plastique<\/li>\n<li>Grands r\u00e9cipients en plastique<\/li>\n<li>Caisses en plastique et en bois<\/li>\n<li>Sacs en plastique et en papier<\/li>\n<li>Pr\u00e9sentoirs<\/li>\n<\/ul>\n<p><strong>Finser packaging<\/strong> offre \u00e9galement des produits sp\u00e9ciaux, comme le TCP, l\u2019emballage brevet\u00e9 qui permet de garantir jusqu\u2019\u00e0 48 heures de basse temp\u00e9rature aux produits transport\u00e9s.<\/p>\n<\/div><\/div><\/div><\/div>\n","protected":false},"excerpt":{"rendered":"La Division Industrie \u00ab\u00a0non food\u00a0\u00bb de Finser Packaging s\u2019adresse principalement aux secteurs \u00e9lectroniques, pharmaceutiques, cosm\u00e9tiques, m\u00e9caniques, de l\u2019habillement et des services. Gamme de produits\u00a0: Emballages standards et \/ ou personnalis\u00e9s adapt\u00e9s \u00e0 chaque exigence sp\u00e9cifique du client Emballages en carton ondul\u00e9 Bo\u00eetes en carton compact Etuis Formes en plastique Grands r\u00e9cipients en plastique Caisses en [...]","protected":false},"author":1,"featured_media":0,"parent":4872,"menu_order":0,"comment_status":"open","ping_status":"closed","template":"page-sidebar-right.php","meta":{"footnotes":""},"class_list":["post-4882","page","type-page","status-publish","hentry"],"_links":{"self":[{"href":"https:\/\/www.finser.ch\/fr\/wp-json\/wp\/v2\/pages\/4882","targetHints":{"allow":["GET"]}}],"collection":[{"href":"https:\/\/www.finser.ch\/fr\/wp-json\/wp\/v2\/pages"}],"about":[{"href":"https:\/\/www.finser.ch\/fr\/wp-json\/wp\/v2\/types\/page"}],"author":[{"embeddable":true,"href":"https:\/\/www.finser.ch\/fr\/wp-json\/wp\/v2\/users\/1"}],"replies":[{"embeddable":true,"href":"https:\/\/www.finser.ch\/fr\/wp-json\/wp\/v2\/comments?post=4882"}],"version-history":[{"count":1,"href":"https:\/\/www.finser.ch\/fr\/wp-json\/wp\/v2\/pages\/4882\/revisions"}],"predecessor-version":[{"id":4884,"href":"https:\/\/www.finser.ch\/fr\/wp-json\/wp\/v2\/pages\/4882\/revisions\/4884"}],"up":[{"embeddable":true,"href":"https:\/\/www.finser.ch\/fr\/wp-json\/wp\/v2\/pages\/4872"}],"wp:attachment":[{"href":"https:\/\/www.finser.ch\/fr\/wp-json\/wp\/v2\/media?parent=4882"}],"curies":[{"name":"wp","href":"https:\/\/api.w.org\/{rel}","templated":true}]}}