{"id":4878,"date":"2014-05-22T13:24:27","date_gmt":"2014-05-22T13:24:27","guid":{"rendered":"http:\/\/www.finser.ch\/?page_id=4878"},"modified":"2014-05-22T13:24:27","modified_gmt":"2014-05-22T13:24:27","slug":"industrie-food","status":"publish","type":"page","link":"https:\/\/www.finser.ch\/fr\/divisions\/industrie-food\/","title":{"rendered":"Industrie \u00ab\u00a0food\u00a0\u00bb"},"content":{"rendered":"<div class=\"vc_row wpb_row vc_row-fluid\"><div class=\"wpb_column vc_column_container vc_col-sm-12\"><div class=\"wpb_wrapper\"><div class=\"\"><p>La Division Industrie \u00ab\u00a0food\u00a0\u00bb de <strong>Finser Packaging<\/strong> s\u2019adresse \u00e0 la vaste et h\u00e9t\u00e9rog\u00e8ne client\u00e8le de l&rsquo;industrie alimentaire, fromag\u00e8re du poisson et de la viande. L&rsquo;\u00e9tude d&#8217;emballages modernes et fonctionnels, la cr\u00e9ation et la r\u00e9alisation\u00a0 de graphiques attrayants et s\u00e9duisants, l\u2019utilisation de mat\u00e9riaux respectueux de la sauvegarde de la sant\u00e9 et de l\u2019environnement, sont quelques uns des services que\u00a0<strong>Finser Packaging<\/strong> offre \u00e0 ce secteur.<\/p>\n<p><strong>Gamme de produits\u00a0:<\/strong><\/p>\n<ul>\n<li>Emballages standards et \/ ou personnalis\u00e9s adapt\u00e9s \u00e0 chaque exigence sp\u00e9cifique du client<\/li>\n<li>Emballages en carton ondul\u00e9 tels que les plateaux et cartons<\/li>\n<li>Barquettes en PP ou PET ou PS<\/li>\n<li>Paniers et corbeilles en carton<\/li>\n<li>Formes en plastique<\/li>\n<li>Film plastiques pour le \u00ab\u00a0flow-pack\u00a0\u00bb et thermo-r\u00e9tractables<\/li>\n<li>Grands r\u00e9cipients en plastique<\/li>\n<li>Caisses en plastique et en bois<\/li>\n<li>Sacs en plastique et en papier<\/li>\n<li>Bag in Box<\/li>\n<li>Pr\u00e9sentoirs<\/li>\n<\/ul>\n<p><strong>Finser Packaging<\/strong> suit constamment les tendances et les \u00e9volutions li\u00e9es aux go\u00fbts des consommateurs, \u00a0toujours plus sensibles \u00e0 l\u2019\u00e9cologie et au respect des normes sp\u00e9cifiques sanitaires. Une attention particuli\u00e8re est donc toujours r\u00e9serv\u00e9e au recyclage, aux exigences de stockage et aux techniques de conservation.<\/p>\n<\/div><\/div><\/div><\/div>\n","protected":false},"excerpt":{"rendered":"La Division Industrie \u00ab\u00a0food\u00a0\u00bb de Finser Packaging s\u2019adresse \u00e0 la vaste et h\u00e9t\u00e9rog\u00e8ne client\u00e8le de l'industrie alimentaire, fromag\u00e8re du poisson et de la viande. L'\u00e9tude d'emballages modernes et fonctionnels, la cr\u00e9ation et la r\u00e9alisation\u00a0 de graphiques attrayants et s\u00e9duisants, l\u2019utilisation de mat\u00e9riaux respectueux de la sauvegarde de la sant\u00e9 et de l\u2019environnement, sont quelques uns [...]","protected":false},"author":1,"featured_media":0,"parent":4872,"menu_order":0,"comment_status":"open","ping_status":"closed","template":"page-sidebar-right.php","meta":{"footnotes":""},"class_list":["post-4878","page","type-page","status-publish","hentry"],"_links":{"self":[{"href":"https:\/\/www.finser.ch\/fr\/wp-json\/wp\/v2\/pages\/4878","targetHints":{"allow":["GET"]}}],"collection":[{"href":"https:\/\/www.finser.ch\/fr\/wp-json\/wp\/v2\/pages"}],"about":[{"href":"https:\/\/www.finser.ch\/fr\/wp-json\/wp\/v2\/types\/page"}],"author":[{"embeddable":true,"href":"https:\/\/www.finser.ch\/fr\/wp-json\/wp\/v2\/users\/1"}],"replies":[{"embeddable":true,"href":"https:\/\/www.finser.ch\/fr\/wp-json\/wp\/v2\/comments?post=4878"}],"version-history":[{"count":1,"href":"https:\/\/www.finser.ch\/fr\/wp-json\/wp\/v2\/pages\/4878\/revisions"}],"predecessor-version":[{"id":4880,"href":"https:\/\/www.finser.ch\/fr\/wp-json\/wp\/v2\/pages\/4878\/revisions\/4880"}],"up":[{"embeddable":true,"href":"https:\/\/www.finser.ch\/fr\/wp-json\/wp\/v2\/pages\/4872"}],"wp:attachment":[{"href":"https:\/\/www.finser.ch\/fr\/wp-json\/wp\/v2\/media?parent=4878"}],"curies":[{"name":"wp","href":"https:\/\/api.w.org\/{rel}","templated":true}]}}