{"id":4874,"date":"2014-05-22T13:22:30","date_gmt":"2014-05-22T13:22:30","guid":{"rendered":"http:\/\/www.finser.ch\/?page_id=4874"},"modified":"2014-05-22T13:22:30","modified_gmt":"2014-05-22T13:22:30","slug":"horticole-maraichaire-et-agricole","status":"publish","type":"page","link":"https:\/\/www.finser.ch\/fr\/divisions\/horticole-maraichaire-et-agricole\/","title":{"rendered":"Horticole, Maraichaire et Agricole"},"content":{"rendered":"<div class=\"vc_row wpb_row vc_row-fluid\"><div class=\"wpb_column vc_column_container vc_col-sm-12\"><div class=\"wpb_wrapper\"><div class=\"\"><p>La division horticole, mara\u00eech\u00e8re et agricole de <strong>Finser Packaging<\/strong> propose une vaste offre de produits sp\u00e9cifiques pour cultiver, emballer, pr\u00e9server, transporter, stocker, prot\u00e9ger et exposer les fruits et l\u00e9gumes.<\/p>\n<p>Gamme des produits pour la <strong>production<\/strong>:<\/p>\n<ul>\n<li>Films plastiques: pour paillages, pour couvertures de serres, tiss\u00e9s non tiss\u00e9s, films EVA<\/li>\n<li>Films de couverture: paillages tiss\u00e9s et non tiss\u00e9s<\/li>\n<\/ul>\n<p>Gamme des produits pour le <strong>conditionnement<\/strong>:<\/p>\n<ul>\n<li>Emballages standards et \/ ou personnalis\u00e9s adapt\u00e9s \u00e0 chaque exigence sp\u00e9cifique du client<\/li>\n<li>Emballages en carton ondul\u00e9 tels que les plateaux et cartons<\/li>\n<li>Barquettes en PP ou PET ou PS<\/li>\n<li>Paniers et corbeilles en carton<\/li>\n<li>Alv\u00e9oles en papier et en plastique<\/li>\n<li>Film plastiques pour le \u00ab\u00a0flow-pack\u00a0\u00bb et thermo-r\u00e9tractables<\/li>\n<li>Grands r\u00e9cipients en plastique<\/li>\n<li>Caisses en plastique et en bois<\/li>\n<li>Sacs plastique<\/li>\n<li>Pr\u00e9sentoirs<\/li>\n<\/ul>\n<p>L\u2019offre <strong>Finser Packaging<\/strong> est compl\u00e9t\u00e9e par notre centre de collage du Valais et la mise \u00e0 disposition gratuite chez nos clients de machines plieuses colleuses.<\/p>\n<\/div><\/div><\/div><\/div>\n","protected":false},"excerpt":{"rendered":"La division horticole, mara\u00eech\u00e8re et agricole de Finser Packaging propose une vaste offre de produits sp\u00e9cifiques pour cultiver, emballer, pr\u00e9server, transporter, stocker, prot\u00e9ger et exposer les fruits et l\u00e9gumes. Gamme des produits pour la production: Films plastiques: pour paillages, pour couvertures de serres, tiss\u00e9s non tiss\u00e9s, films EVA Films de couverture: paillages tiss\u00e9s et non [...]","protected":false},"author":1,"featured_media":0,"parent":4872,"menu_order":0,"comment_status":"open","ping_status":"closed","template":"page-sidebar-right.php","meta":{"footnotes":""},"class_list":["post-4874","page","type-page","status-publish","hentry"],"_links":{"self":[{"href":"https:\/\/www.finser.ch\/fr\/wp-json\/wp\/v2\/pages\/4874","targetHints":{"allow":["GET"]}}],"collection":[{"href":"https:\/\/www.finser.ch\/fr\/wp-json\/wp\/v2\/pages"}],"about":[{"href":"https:\/\/www.finser.ch\/fr\/wp-json\/wp\/v2\/types\/page"}],"author":[{"embeddable":true,"href":"https:\/\/www.finser.ch\/fr\/wp-json\/wp\/v2\/users\/1"}],"replies":[{"embeddable":true,"href":"https:\/\/www.finser.ch\/fr\/wp-json\/wp\/v2\/comments?post=4874"}],"version-history":[{"count":1,"href":"https:\/\/www.finser.ch\/fr\/wp-json\/wp\/v2\/pages\/4874\/revisions"}],"predecessor-version":[{"id":4876,"href":"https:\/\/www.finser.ch\/fr\/wp-json\/wp\/v2\/pages\/4874\/revisions\/4876"}],"up":[{"embeddable":true,"href":"https:\/\/www.finser.ch\/fr\/wp-json\/wp\/v2\/pages\/4872"}],"wp:attachment":[{"href":"https:\/\/www.finser.ch\/fr\/wp-json\/wp\/v2\/media?parent=4874"}],"curies":[{"name":"wp","href":"https:\/\/api.w.org\/{rel}","templated":true}]}}