{"id":4854,"date":"2014-05-22T12:54:08","date_gmt":"2014-05-22T12:54:08","guid":{"rendered":"http:\/\/www.finser.ch\/?page_id=4854"},"modified":"2016-03-21T13:38:53","modified_gmt":"2016-03-21T12:38:53","slug":"les-valeurs","status":"publish","type":"page","link":"https:\/\/www.finser.ch\/fr\/les-valeurs\/","title":{"rendered":"Valeurs"},"content":{"rendered":"<div class=\"vc_row wpb_row vc_row-fluid\"><div class=\"wpb_column vc_column_container vc_col-sm-12\"><div class=\"wpb_wrapper\"><div class=\"\"><p>Nous proposons nos services non seulement en tant que simple fournisseur mais aussi en tant que partenaire fiable, comp\u00e9tent et professionnel. Notre objectif est, depuis toujours, la satisfaction absolue du client.<\/p>\n<p><strong>Nos points forts<\/strong>\u00a0:<\/p>\n<ul>\n<li>Un personnel poss\u00e9dant 30 ans d&rsquo;exp\u00e9rience<\/li>\n<li>Une haute qualit\u00e9 du produit et du service<\/li>\n<li>La ponctualit\u00e9 et le respect des d\u00e9lais des livraisons gr\u00e2ce \u00e0 un r\u00e9seau de distribution particuli\u00e8rement dense<\/li>\n<li>Une qu\u00eate constante d&rsquo;innovations<\/li>\n<li>Des solutions de conditionnement sur mesure<\/li>\n<li>La conception de nouveaux produits et l\u2019optimisation des produits existants<\/li>\n<li>Des solutions de conditionnement incluant la radio\u2011identification (RFID)<\/li>\n<li>Des \u00e9tudes et r\u00e9alisations de visuels personnalis\u00e9s<\/li>\n<li>L&rsquo;int\u00e9gration des machines de formage ou de conditionnement au sein de vos lignes de production<\/li>\n<li>Une gestion du stock pour le compte du client et des fournitures en flux tendu<\/li>\n<\/ul>\n<p>\n<\/div><\/div><\/div><\/div>\n","protected":false},"excerpt":{"rendered":"Nous proposons nos services non seulement en tant que simple fournisseur mais aussi en tant que partenaire fiable, comp\u00e9tent et professionnel. Notre objectif est, depuis toujours, la satisfaction absolue du client. Nos points forts\u00a0: Un personnel poss\u00e9dant 30 ans d'exp\u00e9rience Une haute qualit\u00e9 du produit et du service La ponctualit\u00e9 et le respect des d\u00e9lais [...]","protected":false},"author":1,"featured_media":0,"parent":0,"menu_order":0,"comment_status":"open","ping_status":"closed","template":"page-sidebar-right.php","meta":{"footnotes":""},"class_list":["post-4854","page","type-page","status-publish","hentry"],"_links":{"self":[{"href":"https:\/\/www.finser.ch\/fr\/wp-json\/wp\/v2\/pages\/4854","targetHints":{"allow":["GET"]}}],"collection":[{"href":"https:\/\/www.finser.ch\/fr\/wp-json\/wp\/v2\/pages"}],"about":[{"href":"https:\/\/www.finser.ch\/fr\/wp-json\/wp\/v2\/types\/page"}],"author":[{"embeddable":true,"href":"https:\/\/www.finser.ch\/fr\/wp-json\/wp\/v2\/users\/1"}],"replies":[{"embeddable":true,"href":"https:\/\/www.finser.ch\/fr\/wp-json\/wp\/v2\/comments?post=4854"}],"version-history":[{"count":6,"href":"https:\/\/www.finser.ch\/fr\/wp-json\/wp\/v2\/pages\/4854\/revisions"}],"predecessor-version":[{"id":7458,"href":"https:\/\/www.finser.ch\/fr\/wp-json\/wp\/v2\/pages\/4854\/revisions\/7458"}],"wp:attachment":[{"href":"https:\/\/www.finser.ch\/fr\/wp-json\/wp\/v2\/media?parent=4854"}],"curies":[{"name":"wp","href":"https:\/\/api.w.org\/{rel}","templated":true}]}}