{"id":4852,"date":"2014-05-22T12:52:07","date_gmt":"2014-05-22T12:52:07","guid":{"rendered":"http:\/\/www.finser.ch\/?page_id=4852"},"modified":"2016-03-20T11:18:05","modified_gmt":"2016-03-20T10:18:05","slug":"le-profil-de-entreprise","status":"publish","type":"page","link":"https:\/\/www.finser.ch\/fr\/le-profil-de-entreprise\/","title":{"rendered":"Le Profil de l&rsquo;Entreprise"},"content":{"rendered":"<div class=\"vc_row wpb_row vc_row-fluid\"><div class=\"wpb_column vc_column_container vc_col-sm-12\"><div class=\"wpb_wrapper\"><div class=\"\"><p>Entreprise suisse souple et flexible, notre organisation se base sur de stricts crit\u00e8res de performance et de comp\u00e9tence pour contenter et satisfaire vos diff\u00e9rentes exigences en mati\u00e8re d&#8217;emballage et de conditionnement.<\/p>\n<p>Que vous soyez une petite soci\u00e9t\u00e9 familiale\/artisanale ou une grande industrie, nous vous proposons des emballages et des solutions de conditionnement de toutes sortes allant de la bo\u00eete en carton standard \u00e0 l&#8217;emballage sp\u00e9cial r\u00e9alis\u00e9 sur mesure ou personnalis\u00e9.<\/p>\n<p>La gestion de la client\u00e8le se fait via 4 divisions sectorielles dirig\u00e9es par des Area Managers sp\u00e9cialis\u00e9s :<\/p>\n<ul>\n<li>Division Fruits et l\u00e9gumes<\/li>\n<li>Division Industrie alimentaire<\/li>\n<li>Division Industrie non alimentaire<\/li>\n<li>Division PLV<\/li>\n<\/ul>\n<p>Nous g\u00e9rons et effectuons le suivi de toutes les phases de production, depuis la r\u00e9alisation des \u00e9chantillonnages jusqu&rsquo;\u00e0 l&rsquo;\u00e9tude des visuels en passant par les fournitures d&rsquo;essai et les livraisons finales.<\/p>\n<p>Notre service logistique vous garantit une distribution pr\u00e9cise et ponctuelle partout en Suisse et vous assure des livraisons dans les 18\/24 heures \u00e0 compter de la commande gr\u00e2ce au transport combin\u00e9 roue\/rail.<\/p>\n<p>Notre administration et notre direction si\u00e8gent dans les bureaux de Bioggio.<\/p>\n<\/div><\/div><\/div><\/div>\n","protected":false},"excerpt":{"rendered":"Entreprise suisse souple et flexible, notre organisation se base sur de stricts crit\u00e8res de performance et de comp\u00e9tence pour contenter et satisfaire vos diff\u00e9rentes exigences en mati\u00e8re d'emballage et de conditionnement. Que vous soyez une petite soci\u00e9t\u00e9 familiale\/artisanale ou une grande industrie, nous vous proposons des emballages et des solutions de conditionnement de toutes sortes [...]","protected":false},"author":1,"featured_media":0,"parent":0,"menu_order":0,"comment_status":"open","ping_status":"closed","template":"page-sidebar-right.php","meta":{"footnotes":""},"class_list":["post-4852","page","type-page","status-publish","hentry"],"_links":{"self":[{"href":"https:\/\/www.finser.ch\/fr\/wp-json\/wp\/v2\/pages\/4852","targetHints":{"allow":["GET"]}}],"collection":[{"href":"https:\/\/www.finser.ch\/fr\/wp-json\/wp\/v2\/pages"}],"about":[{"href":"https:\/\/www.finser.ch\/fr\/wp-json\/wp\/v2\/types\/page"}],"author":[{"embeddable":true,"href":"https:\/\/www.finser.ch\/fr\/wp-json\/wp\/v2\/users\/1"}],"replies":[{"embeddable":true,"href":"https:\/\/www.finser.ch\/fr\/wp-json\/wp\/v2\/comments?post=4852"}],"version-history":[{"count":5,"href":"https:\/\/www.finser.ch\/fr\/wp-json\/wp\/v2\/pages\/4852\/revisions"}],"predecessor-version":[{"id":7454,"href":"https:\/\/www.finser.ch\/fr\/wp-json\/wp\/v2\/pages\/4852\/revisions\/7454"}],"wp:attachment":[{"href":"https:\/\/www.finser.ch\/fr\/wp-json\/wp\/v2\/media?parent=4852"}],"curies":[{"name":"wp","href":"https:\/\/api.w.org\/{rel}","templated":true}]}}