{"id":4849,"date":"2014-05-22T07:35:03","date_gmt":"2014-05-22T07:35:03","guid":{"rendered":"http:\/\/www.finser.ch\/?page_id=4849"},"modified":"2016-03-20T11:24:10","modified_gmt":"2016-03-20T10:24:10","slug":"partenariat","status":"publish","type":"page","link":"https:\/\/www.finser.ch\/fr\/partenariat\/","title":{"rendered":"Partenariat"},"content":{"rendered":"<div class=\"vc_row wpb_row vc_row-fluid\"><div class=\"wpb_column vc_column_container vc_col-sm-12\"><div class=\"wpb_wrapper\"><div class=\"\"><p>La qualit\u00e9 des produits et la fiabilit\u00e9 de notre service nous a permis, au fil du temps, de nouer de nombreuses relations avec de prestigieuses entreprises suisses.<\/p>\n<p>Cependant, notre but a toujours \u00e9t\u00e9 de d\u00e9passer le simple rapport fournisseur\u2011client, afin de parvenir \u00e0 des relations de partenariat, o\u00f9 une proximit\u00e9 suppl\u00e9mentaire permettrait de trouver avec vous des solutions plus larges et efficaces.<\/p>\n<\/div><\/div><\/div><\/div>\n","protected":false},"excerpt":{"rendered":"La qualit\u00e9 des produits et la fiabilit\u00e9 de notre service nous a permis, au fil du temps, de nouer de nombreuses relations avec de prestigieuses entreprises suisses. Cependant, notre but a toujours \u00e9t\u00e9 de d\u00e9passer le simple rapport fournisseur\u2011client, afin de parvenir \u00e0 des relations de partenariat, o\u00f9 une proximit\u00e9 suppl\u00e9mentaire permettrait de trouver avec [...]","protected":false},"author":1,"featured_media":0,"parent":0,"menu_order":0,"comment_status":"open","ping_status":"closed","template":"page-sidebar-right.php","meta":{"footnotes":""},"class_list":["post-4849","page","type-page","status-publish","hentry"],"_links":{"self":[{"href":"https:\/\/www.finser.ch\/fr\/wp-json\/wp\/v2\/pages\/4849","targetHints":{"allow":["GET"]}}],"collection":[{"href":"https:\/\/www.finser.ch\/fr\/wp-json\/wp\/v2\/pages"}],"about":[{"href":"https:\/\/www.finser.ch\/fr\/wp-json\/wp\/v2\/types\/page"}],"author":[{"embeddable":true,"href":"https:\/\/www.finser.ch\/fr\/wp-json\/wp\/v2\/users\/1"}],"replies":[{"embeddable":true,"href":"https:\/\/www.finser.ch\/fr\/wp-json\/wp\/v2\/comments?post=4849"}],"version-history":[{"count":4,"href":"https:\/\/www.finser.ch\/fr\/wp-json\/wp\/v2\/pages\/4849\/revisions"}],"predecessor-version":[{"id":7188,"href":"https:\/\/www.finser.ch\/fr\/wp-json\/wp\/v2\/pages\/4849\/revisions\/7188"}],"wp:attachment":[{"href":"https:\/\/www.finser.ch\/fr\/wp-json\/wp\/v2\/media?parent=4849"}],"curies":[{"name":"wp","href":"https:\/\/api.w.org\/{rel}","templated":true}]}}