{"id":4837,"date":"2014-05-22T10:56:37","date_gmt":"2014-05-22T10:56:37","guid":{"rendered":"http:\/\/www.finser.ch\/?page_id=4837"},"modified":"2014-05-22T10:56:37","modified_gmt":"2014-05-22T10:56:37","slug":"le-profil-de-lentreprise","status":"publish","type":"page","link":"https:\/\/www.finser.ch\/fr\/societe\/origine-et-marche\/le-profil-de-lentreprise\/","title":{"rendered":"Le Profil de L&rsquo;Entreprise"},"content":{"rendered":"<div class=\"vc_row wpb_row vc_row-fluid\"><div class=\"wpb_column vc_column_container vc_col-sm-12\"><div class=\"wpb_wrapper\"><div class=\"\"><p><strong>Finser Packaging <\/strong>est une soci\u00e9t\u00e9 souple et flexible qui est organis\u00e9e selon des crit\u00e8res d&rsquo;efficacit\u00e9 et de comp\u00e9tence pour accueillir et satisfaire aux diff\u00e9rentes exigences de chaque client, de la petite soci\u00e9t\u00e9 familiale et artisanale \u00e0 la grande organisation industrielle.<\/p>\n<p>La gestion de la client\u00e8le est assur\u00e9e par plusieurs area managers sp\u00e9cialis\u00e9s r\u00e9partis en 4 divisions distinctes:<\/p>\n<ul>\n<li>La division <strong>horticole, mara\u00eech\u00e8re et agricole<\/strong><\/li>\n<li>La division<strong> industrie \u00ab\u00a0food\u00a0\u00bb<\/strong><\/li>\n<li>La division<strong> industrie \u00ab\u00a0non food\u00a0\u00bb<\/strong><\/li>\n<li>La division <strong>\u0153nologie <\/strong><\/li>\n<\/ul>\n<p>La production est g\u00e9r\u00e9e et pilot\u00e9e pour chacune de ses phases, de l\u2019\u00e9tude et la r\u00e9alisation de l\u2019\u00e9chantillonnage \u00e0 la cr\u00e9ation graphique, de la fourniture de la pr\u00e9s\u00e9rie \u00e0 la livraison d\u00e9finitive.<\/p>\n<p>L&rsquo;activit\u00e9 logistique de <strong>Finser Packaging<\/strong> garantit une distribution ponctuelle et capillaire sur l\u2019ensemble du territoire suisse gr\u00e2ce \u00e0\u00a0:<\/p>\n<ul>\n<li>Ses propres entrep\u00f4ts du Tessin \u00a0(Bioggio \u2013 Lugano)<\/li>\n<li>Ses propres entrep\u00f4ts du Valais (Charat \u2013 Martigny)<\/li>\n<li>Ses magasins externalis\u00e9s et int\u00e9gr\u00e9s aux centres logistiques de Planzer (Manno \u2013 Lugano)<\/li>\n<li>Une capacit\u00e9 de stockage de plus de 10&rsquo;000 palettes<\/li>\n<li>Chaque jour 7 \u00e0 10 trains routiers pour retirer les marchandises et livrer les clients<\/li>\n<\/ul>\n<p>Cette structure, enti\u00e8rement pilot\u00e9e par les collaborateurs de Finser Packaging assure la livraison de palettes uniques, de palettes group\u00e9es et de camions remorques complets, dans les 18 \u00e0 24 heures qui suivent l\u2019appel du client. La soci\u00e9t\u00e9 traite plus de 4000 commandes annuelles pour ses 1300 clients.<\/p>\n<p>Le Si\u00e8ge de la Soci\u00e9t\u00e9, la direction et l\u2019administration sont \u00e9tablis \u00e0 Bioggio<\/p>\n<\/div><\/div><\/div><\/div>\n","protected":false},"excerpt":{"rendered":"Finser Packaging est une soci\u00e9t\u00e9 souple et flexible qui est organis\u00e9e selon des crit\u00e8res d'efficacit\u00e9 et de comp\u00e9tence pour accueillir et satisfaire aux diff\u00e9rentes exigences de chaque client, de la petite soci\u00e9t\u00e9 familiale et artisanale \u00e0 la grande organisation industrielle. La gestion de la client\u00e8le est assur\u00e9e par plusieurs area managers sp\u00e9cialis\u00e9s r\u00e9partis en 4 [...]","protected":false},"author":1,"featured_media":0,"parent":4832,"menu_order":0,"comment_status":"open","ping_status":"closed","template":"page-sidebar-right.php","meta":{"footnotes":""},"class_list":["post-4837","page","type-page","status-publish","hentry"],"_links":{"self":[{"href":"https:\/\/www.finser.ch\/fr\/wp-json\/wp\/v2\/pages\/4837","targetHints":{"allow":["GET"]}}],"collection":[{"href":"https:\/\/www.finser.ch\/fr\/wp-json\/wp\/v2\/pages"}],"about":[{"href":"https:\/\/www.finser.ch\/fr\/wp-json\/wp\/v2\/types\/page"}],"author":[{"embeddable":true,"href":"https:\/\/www.finser.ch\/fr\/wp-json\/wp\/v2\/users\/1"}],"replies":[{"embeddable":true,"href":"https:\/\/www.finser.ch\/fr\/wp-json\/wp\/v2\/comments?post=4837"}],"version-history":[{"count":1,"href":"https:\/\/www.finser.ch\/fr\/wp-json\/wp\/v2\/pages\/4837\/revisions"}],"predecessor-version":[{"id":4838,"href":"https:\/\/www.finser.ch\/fr\/wp-json\/wp\/v2\/pages\/4837\/revisions\/4838"}],"up":[{"embeddable":true,"href":"https:\/\/www.finser.ch\/fr\/wp-json\/wp\/v2\/pages\/4832"}],"wp:attachment":[{"href":"https:\/\/www.finser.ch\/fr\/wp-json\/wp\/v2\/media?parent=4837"}],"curies":[{"name":"wp","href":"https:\/\/api.w.org\/{rel}","templated":true}]}}