{"id":4835,"date":"2014-05-22T10:54:44","date_gmt":"2014-05-22T10:54:44","guid":{"rendered":"http:\/\/www.finser.ch\/?page_id=4835"},"modified":"2014-05-22T10:54:44","modified_gmt":"2014-05-22T10:54:44","slug":"les-valeurs","status":"publish","type":"page","link":"https:\/\/www.finser.ch\/fr\/societe\/origine-et-marche\/les-valeurs\/","title":{"rendered":"Les Valeurs"},"content":{"rendered":"<div align=\"left\">\n<p align=\"justify\">La compl\u00e8te satisfaction de la client\u00e8le a depuis toujours \u00e9t\u00e9 l&rsquo;objectif principal de <strong>Finser Packaging<\/strong>, que se positionne non seulement comme un simple fournisseur, mais \u00e9galement en qualit\u00e9 de partenaire fiable, innovatif, capable et professionnel.<\/p>\n<p align=\"justify\"><strong>Les atouts de Finser Packaging: <\/strong><\/p>\n<div align=\"justify\">\n<ul>\n<li>\n<div align=\"justify\">Les trente ans d\u2019exp\u00e9rience de l\u2019\u00e9quipe<\/div>\n<\/li>\n<li>\n<div align=\"justify\">L\u2019excellente qualit\u00e9 des produits distribu\u00e9s<\/div>\n<\/li>\n<li>\n<div align=\"justify\">La constante recherche d&rsquo;innovations<\/div>\n<\/li>\n<li>\n<div align=\"justify\">Les solutions d&#8217;emballage \u00ab\u00a0ad hoc\u00a0\u00bb<\/div>\n<\/li>\n<li>\n<div align=\"justify\">Des projets et \u00e9tudes pour les nouveaux produits et l\u2019optimisation de ceux d\u00e9j\u00e0 existants pour chaque nouvelle exigence d\u2019emballage<\/div>\n<\/li>\n<li><span style=\"font-family: Arial;\">Solutions d\u2019emballages avec transpondeur RFID<\/span><\/li>\n<li>\n<div align=\"justify\">L\u2019\u00e9tude et la r\u00e9alisation de graphiques personnalis\u00e9s<\/div>\n<\/li>\n<li>\n<div align=\"justify\">Un team de vente dynamique<\/div>\n<\/li>\n<li>\n<div align=\"justify\">La ponctualit\u00e9 et la rapidit\u00e9 des livraisons assur\u00e9es par une distribution capillaire sur l\u2019ensemble du territoire suisse<\/div>\n<\/li>\n<li>\n<div align=\"justify\">La gestion des stocks clients externalis\u00e9s et des livraisons \u00ab\u00a0just-in-time\u00a0\u00bb<\/div>\n<\/li>\n<\/ul>\n<\/div>\n<p align=\"justify\">Cette structure, enti\u00e8rement pilot\u00e9e par les collaborateurs de <strong>Finser Packaging<\/strong>, assure la livraison de palettes uniques, de palettes group\u00e9es et de camions remorques complets, dans les 18 \u00e0 24 heures qui suivent l\u2019appel du client. La soci\u00e9t\u00e9 traite plus de 4000 commandes annuelles pour ses 1300 clients.<\/p>\n<p align=\"justify\">Le Si\u00e8ge de la Soci\u00e9t\u00e9, la direction et l\u2019administration sont \u00e9tablis \u00e0 Bioggio-Lugano.<\/p>\n<\/div>\n","protected":false},"excerpt":{"rendered":"<p>La compl\u00e8te satisfaction de la client\u00e8le a depuis toujours \u00e9t\u00e9 l&rsquo;objectif principal de Finser Packaging, que se positionne non seulement comme un simple fournisseur, mais \u00e9galement en qualit\u00e9 de partenaire fiable, innovatif, capable et professionnel. Les atouts de Finser Packaging: Les trente ans d\u2019exp\u00e9rience de l\u2019\u00e9quipe L\u2019excellente qualit\u00e9 des produits distribu\u00e9s La constante recherche d&rsquo;innovations [&hellip;]<\/p>\n","protected":false},"author":1,"featured_media":0,"parent":4832,"menu_order":0,"comment_status":"open","ping_status":"closed","template":"page-sidebar-right.php","meta":{"footnotes":""},"class_list":["post-4835","page","type-page","status-publish","hentry"],"_links":{"self":[{"href":"https:\/\/www.finser.ch\/fr\/wp-json\/wp\/v2\/pages\/4835","targetHints":{"allow":["GET"]}}],"collection":[{"href":"https:\/\/www.finser.ch\/fr\/wp-json\/wp\/v2\/pages"}],"about":[{"href":"https:\/\/www.finser.ch\/fr\/wp-json\/wp\/v2\/types\/page"}],"author":[{"embeddable":true,"href":"https:\/\/www.finser.ch\/fr\/wp-json\/wp\/v2\/users\/1"}],"replies":[{"embeddable":true,"href":"https:\/\/www.finser.ch\/fr\/wp-json\/wp\/v2\/comments?post=4835"}],"version-history":[{"count":1,"href":"https:\/\/www.finser.ch\/fr\/wp-json\/wp\/v2\/pages\/4835\/revisions"}],"predecessor-version":[{"id":4836,"href":"https:\/\/www.finser.ch\/fr\/wp-json\/wp\/v2\/pages\/4835\/revisions\/4836"}],"up":[{"embeddable":true,"href":"https:\/\/www.finser.ch\/fr\/wp-json\/wp\/v2\/pages\/4832"}],"wp:attachment":[{"href":"https:\/\/www.finser.ch\/fr\/wp-json\/wp\/v2\/media?parent=4835"}],"curies":[{"name":"wp","href":"https:\/\/api.w.org\/{rel}","templated":true}]}}