{"id":4832,"date":"2014-05-22T10:48:27","date_gmt":"2014-05-22T10:48:27","guid":{"rendered":"http:\/\/www.finser.ch\/?page_id=4832"},"modified":"2014-05-22T10:49:09","modified_gmt":"2014-05-22T10:49:09","slug":"origine-et-marche","status":"publish","type":"page","link":"https:\/\/www.finser.ch\/fr\/societe\/origine-et-marche\/","title":{"rendered":"Origine et March\u00e8"},"content":{"rendered":"<div class=\"vc_row wpb_row vc_row-fluid\"><div class=\"wpb_column vc_column_container vc_col-sm-12\"><div class=\"wpb_wrapper\"><div class=\"\"><\/p>\n<div align=\"left\">\n<p><strong>Finser Packaging, <\/strong>soci\u00e9t\u00e9 leader en Suisse dans le secteur du packaging, fait aujourd\u2019hui figure de r\u00e9f\u00e9rence pour les solutions d&#8217;emballages.<\/p>\n<p>D\u00e8s son av\u00e8nement, le conditionnement des fruits et l\u00e9gumes a repr\u00e9sent\u00e9 un des secteurs les plus importants pour <strong>Finser Packaging<\/strong>, qui deviendra partenaire d&rsquo;importantes soci\u00e9t\u00e9s horticoles et mara\u00eech\u00e8res de toute la Suisse en fournissant des plateaux en carton ondul\u00e9, des cuves en plastique pour fruits, des corbeilles, barquettes et paniers en plastique, des films de plastiques pour le \u00ab\u00a0flow-pack\u00a0\u00bb, ainsi qu&rsquo;en pourvoyant \u00e0 l&rsquo;installation, aupr\u00e8s de la client\u00e8le, de machines plieuses et colleuses pour le montage des plateaux et barquettes.<\/p>\n<p>Au fil des ans, <strong>Finser Packaging<\/strong> acquiert une client\u00e8le importante et repr\u00e9sentative de l&rsquo;industrie food et non food en \u00e9largissant sa gamme de produits dans les secteurs du carton ondul\u00e9, du carton compact, du verre et du plastique.<\/p>\n<p>Depuis plusieurs ann\u00e9es, une \u00e9troite collaboration \u00a0avec la Grande Distribution Organis\u00e9e de Suisse permit \u00e0 <strong>Finser Packaging<\/strong> d\u2019\u00eatre officiellement reconnu en qualit\u00e9 de producteur agr\u00e9\u00e9 d\u2019emballages pour \u00a0les marques Migros et Coop.<\/p>\n<p><strong>Finser Packaging<\/strong> su \u00e9galement s\u2019imposer sur le march\u00e9 de l&#8217;emballage du secteur \u0153nologique avec des bouteilles en verre et des accessoires tels que des conditionnements en carton ondul\u00e9 pour bouteilles et des bouchons \u00e0 vis en aluminium.<\/p>\n<p>L\u2019histoire de <strong>Finser Packaging<\/strong> a \u00e9t\u00e9 marqu\u00e9e au cours des ann\u00e9es par des \u00e9tapes d\u00e9terminantes telles que \u00a0la mise en place d&rsquo;un nouveau centre pour la confection, le stockage et la distribution d&#8217;emballages en Valais, l&rsquo;alliance avec Planzer Transports et les nouveaux rapports d&rsquo;exclusivit\u00e9s avec les leaders mondiaux de la production d&#8217;emballages.<\/p>\n<\/div>\n<p>\n<\/div><\/div><\/div><\/div>\n","protected":false},"excerpt":{"rendered":"Finser Packaging, soci\u00e9t\u00e9 leader en Suisse dans le secteur du packaging, fait aujourd\u2019hui figure de r\u00e9f\u00e9rence pour les solutions d'emballages. D\u00e8s son av\u00e8nement, le conditionnement des fruits et l\u00e9gumes a repr\u00e9sent\u00e9 un des secteurs les plus importants pour Finser Packaging, qui deviendra partenaire d'importantes soci\u00e9t\u00e9s horticoles et mara\u00eech\u00e8res de toute la Suisse en fournissant des [...]","protected":false},"author":1,"featured_media":0,"parent":4841,"menu_order":0,"comment_status":"closed","ping_status":"closed","template":"page-sidebar-right.php","meta":{"footnotes":""},"class_list":["post-4832","page","type-page","status-publish","hentry"],"_links":{"self":[{"href":"https:\/\/www.finser.ch\/fr\/wp-json\/wp\/v2\/pages\/4832","targetHints":{"allow":["GET"]}}],"collection":[{"href":"https:\/\/www.finser.ch\/fr\/wp-json\/wp\/v2\/pages"}],"about":[{"href":"https:\/\/www.finser.ch\/fr\/wp-json\/wp\/v2\/types\/page"}],"author":[{"embeddable":true,"href":"https:\/\/www.finser.ch\/fr\/wp-json\/wp\/v2\/users\/1"}],"replies":[{"embeddable":true,"href":"https:\/\/www.finser.ch\/fr\/wp-json\/wp\/v2\/comments?post=4832"}],"version-history":[{"count":2,"href":"https:\/\/www.finser.ch\/fr\/wp-json\/wp\/v2\/pages\/4832\/revisions"}],"predecessor-version":[{"id":4834,"href":"https:\/\/www.finser.ch\/fr\/wp-json\/wp\/v2\/pages\/4832\/revisions\/4834"}],"up":[{"embeddable":true,"href":"https:\/\/www.finser.ch\/fr\/wp-json\/wp\/v2\/pages\/4841"}],"wp:attachment":[{"href":"https:\/\/www.finser.ch\/fr\/wp-json\/wp\/v2\/media?parent=4832"}],"curies":[{"name":"wp","href":"https:\/\/api.w.org\/{rel}","templated":true}]}}