{"id":4660,"date":"2013-12-04T15:30:22","date_gmt":"2013-12-04T15:30:22","guid":{"rendered":"http:\/\/www.finser.ch\/home-6-2\/"},"modified":"2022-12-21T09:39:23","modified_gmt":"2022-12-21T08:39:23","slug":"home-6","status":"publish","type":"page","link":"https:\/\/www.finser.ch\/fr\/","title":{"rendered":"Home &#8211; Finser Packaging"},"content":{"rendered":"<div class=\"vc_row wpb_row vc_row-fluid vc_custom_1521790135335\"><div class=\"wpb_column vc_column_container vc_col-sm-12 vc_hidden-lg vc_hidden-md vc_hidden-sm\"><div class=\"wpb_wrapper\">\n\t\t\t\t<p class=\"rs-p-wp-fix\"><\/p>\n\t\t\t\t<sr7-module data-alias=\"default_mobile_fr\" data-id=\"49\" id=\"SR7_49_1\" data-version=\"6.7.51\">\n\t\t\t\t\t<sr7-adjuster><\/sr7-adjuster>\n\t\t\t\t\t<sr7-content>\n\t\t\t\t\t\t<sr7-slide id=\"SR7_49_1-81\" data-key=\"81\">\n\t\t\t\t\t\t\t<sr7-bg id=\"SR7_49_1-81-slidebg\" class=\"sr7-layer\"><noscript><img decoding=\"async\" src=\"https:\/\/www.finser.ch\/wp-content\/uploads\/2022\/11\/FINSER_cest_fragole.png\" alt=\"\" title=\"Home &#8211; Finser Packaging\"><\/noscript><\/sr7-bg>\n\t\t\t\t\t\t\t<sr7-txt id=\"SR7_49_1-81-2\" class=\"sr7-layer\">Que<\/br>faisons-nou.<\/sr7-txt>\n\t\t\t\t\t\t\t<sr7-txt id=\"SR7_49_1-81-3\" class=\"sr7-layer\">Nous concevons et r\u00e9alisons <br> des solutions d\u2019emballages <br> innovantes, dont notre priorit\u00e9 <br> est la qualit\u00e9 <br> et la simplicit\u00e9 d\u2019utilisation.<\/sr7-txt>\n\t\t\t\t\t\t<\/sr7-slide>\n\t\t\t\t\t\t<sr7-slide id=\"SR7_49_1-82\" data-key=\"82\">\n\t\t\t\t\t\t\t<sr7-bg id=\"SR7_49_1-82-slidebg\" class=\"sr7-layer\"><noscript><img decoding=\"async\" src=\"https:\/\/www.finser.ch\/wp-content\/uploads\/2022\/03\/ScheFINSER_shooting-per-sito_02.jpg\" alt=\"\" title=\"Home &#8211; Finser Packaging\"><\/noscript><\/sr7-bg>\n\t\t\t\t\t\t\t<sr7-txt id=\"SR7_49_1-82-2\" class=\"sr7-layer\">Que<\/br>faisons-nou.<\/sr7-txt>\n\t\t\t\t\t\t\t<sr7-txt id=\"SR7_49_1-82-3\" class=\"sr7-layer\">Nous produisons diff\u00e9rents <br> types d\u2019emballages<br> en les associant <br>\u00e0  vos besoins marketing<\/sr7-txt>\n\t\t\t\t\t\t<\/sr7-slide>\n\t\t\t\t\t\t<sr7-slide id=\"SR7_49_1-83\" data-key=\"83\">\n\t\t\t\t\t\t\t<sr7-bg id=\"SR7_49_1-83-slidebg\" class=\"sr7-layer\"><noscript><img decoding=\"async\" src=\"https:\/\/www.finser.ch\/wp-content\/uploads\/2022\/03\/ScheFINSER_shooting-per-sito_01.jpg\" alt=\"\" title=\"Home &#8211; Finser Packaging\"><\/noscript><\/sr7-bg>\n\t\t\t\t\t\t\t<sr7-txt id=\"SR7_49_1-83-2\" class=\"sr7-layer\">Que<\/br>faisons-nous.<\/sr7-txt>\n\t\t\t\t\t\t\t<sr7-txt id=\"SR7_49_1-83-3\" class=\"sr7-layer\">Nous proposons des <br>emballages standards <br>ou personnalis\u00e9s,<br> enrichis par un ensemble <br>de services complet.<\/sr7-txt>\n\t\t\t\t\t\t<\/sr7-slide>\n\t\t\t\t\t\t<sr7-slide id=\"SR7_49_1-100\" data-key=\"100\">\n\t\t\t\t\t\t<\/sr7-slide>\n\t\t\t\t\t<\/sr7-content>\n\t\t\t\t<\/sr7-module>\n\t\t\t\t<script>\n\t\t\t\t\twindow.SR7 ??={};SR7.PMH ??={}; SR7.PMH[\"SR7_49_1\"] = {cn:100,state:false,fn: function() { if (window._tpt!==undefined && window._tpt.prepareModuleHeight !== undefined) {  _tpt.prepareModuleHeight({id:\"SR7_49_1\",el:[290,290,290,900],type:'standard',shdw:'0',gh:[290,290,290,900],gw:[1100,1100,1100,600],vpt:['-200px'],size:{fullWidth:true, fullHeight:true},offsetContainer:'',offset:'',mh:'0',onh:0,onw:0,bg:{color:'#fafafa'},plType:'0',plColor:'#FFFFFF'});   SR7.PMH[\"SR7_49_1\"].state=true;} else if(SR7.PMH[\"SR7_49_1\"].cn-->0)\tsetTimeout( SR7.PMH[\"SR7_49_1\"].fn,19);}};SR7.PMH[\"SR7_49_1\" ].fn();\n\t\t\t\t<\/script>\n<\/div><\/div><\/div><div class=\"vc_row wpb_row vc_row-fluid vc_custom_1521790148796\"><div class=\"wpb_column vc_column_container vc_col-sm-4\"><div class=\"wpb_wrapper\"><h3  style=\"text-align:left;\" >Emballage fruits et l\u00e9gumes<\/h3><div class=\"photo_slider-1 \" style=\"\"><ul><li  style=\"width:0;\" ><img decoding=\"async\" src=\"https:\/\/www.finser.ch\/wp-content\/uploads\/freshizer\/e68469b26dd28e74127d8baa5489ff89_finser_imballaggio_ortofrutta_01-615-c.jpg\" data-at2x=\"https:\/\/www.finser.ch\/wp-content\/uploads\/freshizer\/e68469b26dd28e74127d8baa5489ff89_finser_imballaggio_ortofrutta_01-615-c@2x.jpg\" alt=\"\" \/><\/li><li  style=\"width:0;\" ><img decoding=\"async\" src=\"https:\/\/www.finser.ch\/wp-content\/uploads\/freshizer\/53f858a2a8ad5d60902de067acdcdb87_finser_imballaggio_ortofrutta_02-615-c.jpg\" data-at2x=\"https:\/\/www.finser.ch\/wp-content\/uploads\/freshizer\/53f858a2a8ad5d60902de067acdcdb87_finser_imballaggio_ortofrutta_02-615-c@2x.jpg\" alt=\"\" \/><\/li><li  style=\"width:0;\" ><img decoding=\"async\" src=\"https:\/\/www.finser.ch\/wp-content\/uploads\/freshizer\/56f4bc6d73a6991aac394f46015a5ec6_finser_imballaggio_ortofrutta_06-615-c.jpg\" data-at2x=\"https:\/\/www.finser.ch\/wp-content\/uploads\/freshizer\/56f4bc6d73a6991aac394f46015a5ec6_finser_imballaggio_ortofrutta_06-615-c@2x.jpg\" alt=\"\" \/><\/li><\/ul><\/div>Notre division \u00ab Fruits et l\u00e9gumes \u00bb vous propose et fournit tout le n\u00e9cessaire pour transporter, stocker, prot\u00e9ger et exposer vos fruits et vos l\u00e9gumes&#8230; <a class=\"hp-link-finser\" href=\"\/fr\/emballage-fruits-et-legumes\/\">\u25ba<\/a><div class=\" \" style=\"margin-top:0px;padding-bottom:0px;\"><\/div><\/div><\/div><div class=\"wpb_column vc_column_container vc_col-sm-4\"><div class=\"wpb_wrapper\"><h3  style=\"text-align:left;\" >Emballage alimentaire<\/h3><div class=\"photo_slider-1 \" style=\"\"><ul><li  style=\"width:0;\" ><img decoding=\"async\" src=\"https:\/\/www.finser.ch\/wp-content\/uploads\/freshizer\/4d0acf96e9f5915e34d6d111fe0fa2b9_finser_-imballaggio_food_02-615-c.jpg\" data-at2x=\"https:\/\/www.finser.ch\/wp-content\/uploads\/freshizer\/4d0acf96e9f5915e34d6d111fe0fa2b9_finser_-imballaggio_food_02-615-c@2x.jpg\" alt=\"\" \/><\/li><li  style=\"width:0;\" ><img decoding=\"async\" src=\"https:\/\/www.finser.ch\/wp-content\/uploads\/freshizer\/440397b865857d4e68b7133dcdc7b67f_finser_imballaggio_food_01-615-c.jpg\" data-at2x=\"https:\/\/www.finser.ch\/wp-content\/uploads\/freshizer\/440397b865857d4e68b7133dcdc7b67f_finser_imballaggio_food_01-615-c@2x.jpg\" alt=\"\" \/><\/li><li  style=\"width:0;\" ><img decoding=\"async\" src=\"https:\/\/www.finser.ch\/wp-content\/uploads\/freshizer\/f4910fb6fd6f8c45d6153ba221c3dafb_finser_imballaggio_food_03-615-c.jpg\" data-at2x=\"https:\/\/www.finser.ch\/wp-content\/uploads\/freshizer\/f4910fb6fd6f8c45d6153ba221c3dafb_finser_imballaggio_food_03-615-c@2x.jpg\" alt=\"\" \/><\/li><\/ul><\/div>Notre division \u00ab Industrie alimentaire \u00bb s&rsquo;adresse au secteur de l&rsquo;agro-alimentaire, de la fromagerie, de la poissonnerie et de la boucherie. Parmi les nombreuses prestations que nous proposons dans&#8230; <a class=\"hp-link-finser\" href=\"http:\/\/www.finser.ch\/fr\/emballage-alimentaire\">\u25ba<\/a><div class=\" \" style=\"margin-top:0px;padding-bottom:0px;\"><\/div><\/div><\/div><div class=\"wpb_column vc_column_container vc_col-sm-4\"><div class=\"wpb_wrapper\"><h3  style=\"text-align:left;\" >Emballage non alimentaire<\/h3><div class=\"photo_slider-1 \" style=\"\"><ul><li  style=\"width:0;\" ><img decoding=\"async\" src=\"https:\/\/www.finser.ch\/wp-content\/uploads\/freshizer\/61023b12bf1c7924aa2e5dba867c9c00_finser_imballaggio-non-food-615-c.jpg\" data-at2x=\"https:\/\/www.finser.ch\/wp-content\/uploads\/freshizer\/61023b12bf1c7924aa2e5dba867c9c00_finser_imballaggio-non-food-615-c@2x.jpg\" alt=\"\" \/><\/li><li  style=\"width:0;\" ><img decoding=\"async\" src=\"https:\/\/www.finser.ch\/wp-content\/uploads\/freshizer\/06fbc1b7a6206d2c4259f9fcadca5d56_finser_imballaggio-non-food_02-615-c.jpg\" data-at2x=\"https:\/\/www.finser.ch\/wp-content\/uploads\/freshizer\/06fbc1b7a6206d2c4259f9fcadca5d56_finser_imballaggio-non-food_02-615-c@2x.jpg\" alt=\"\" \/><\/li><li  style=\"width:0;\" ><img decoding=\"async\" src=\"https:\/\/www.finser.ch\/wp-content\/uploads\/freshizer\/9d436c7c29857403edb6ca23209232a0_finser_imballaggio-non-food_03-615-c.jpg\" data-at2x=\"https:\/\/www.finser.ch\/wp-content\/uploads\/freshizer\/9d436c7c29857403edb6ca23209232a0_finser_imballaggio-non-food_03-615-c@2x.jpg\" alt=\"\" \/><\/li><\/ul><\/div>Cette ann\u00e9e encore, Finser Packaging sera pr\u00e9sent au salon Macfrut 2016&#8230; <a class=\"hp-link-finser\" href=\"http:\/\/www.finser.ch\/fr\/emballage-non-alimentaire\">\u25ba<\/a><div class=\" \" style=\"margin-top:0px;padding-bottom:0px;\"><\/div><\/div><\/div><\/div><div class=\"vc_row wpb_row vc_row-fluid\"><div class=\"wpb_column vc_column_container vc_col-sm-4\"><div class=\"wpb_wrapper\"><h3  style=\"text-align:left;\" >PLV<\/h3><div class=\"photo_slider-1 \" style=\"\"><ul><li  style=\"width:0;\" ><img decoding=\"async\" src=\"https:\/\/www.finser.ch\/wp-content\/uploads\/freshizer\/34ee433cce6a971ba78aa7bcbfa97edc_finser_display_02-615-c.jpg\" data-at2x=\"https:\/\/www.finser.ch\/wp-content\/uploads\/freshizer\/34ee433cce6a971ba78aa7bcbfa97edc_finser_display_02-615-c@2x.jpg\" alt=\"\" \/><\/li><li  style=\"width:0;\" ><img decoding=\"async\" src=\"https:\/\/www.finser.ch\/wp-content\/uploads\/freshizer\/3d27f6c74f98e53e3f79593502a842b9_finser_display_03-615-c.jpg\" data-at2x=\"https:\/\/www.finser.ch\/wp-content\/uploads\/freshizer\/3d27f6c74f98e53e3f79593502a842b9_finser_display_03-615-c@2x.jpg\" alt=\"\" \/><\/li><li  style=\"width:0;\" ><img decoding=\"async\" src=\"https:\/\/www.finser.ch\/wp-content\/uploads\/freshizer\/45b6cc6550a234cde4ca8cd3a9414054_finser_display_04-615-c.jpg\" data-at2x=\"https:\/\/www.finser.ch\/wp-content\/uploads\/freshizer\/45b6cc6550a234cde4ca8cd3a9414054_finser_display_04-615-c@2x.jpg\" alt=\"\" \/><\/li><\/ul><\/div>La division \u00ab PLV \u00bb s&rsquo;adresse \u00e0 toutes les entreprises qui souhaitent pr\u00e9senter leur soci\u00e9t\u00e9 et ses produits sous une forme innovante et s\u00e9duisante&#8230; <a class=\"hp-link-finser\" href=\"http:\/\/www.finser.ch\/fr\/plv\">\u25ba<\/a><div class=\" \" style=\"margin-top:0px;padding-bottom:0px;\"><\/div><\/div><\/div><div class=\"wpb_column vc_column_container vc_col-sm-4\"><div class=\"wpb_wrapper\"><h3  style=\"text-align:left;\" >Logistique et entrep\u00f4t<\/h3><div class=\"photo_slider-1 \" style=\"\"><ul><li  style=\"width:0;\" ><img decoding=\"async\" src=\"https:\/\/www.finser.ch\/wp-content\/uploads\/freshizer\/d6603bf4afd84695645ff0f79e97ae76_finser_logistica_e_magazzino_01-615-c.jpg\" data-at2x=\"https:\/\/www.finser.ch\/wp-content\/uploads\/freshizer\/d6603bf4afd84695645ff0f79e97ae76_finser_logistica_e_magazzino_01-615-c@2x.jpg\" alt=\"\" \/><\/li><li  style=\"width:0;\" ><img decoding=\"async\" src=\"https:\/\/www.finser.ch\/wp-content\/uploads\/freshizer\/f13bc2f4a1581c823cc0fabb50f5cb75_finser_logistica_e_magazzino_02-615-c.jpg\" data-at2x=\"https:\/\/www.finser.ch\/wp-content\/uploads\/freshizer\/f13bc2f4a1581c823cc0fabb50f5cb75_finser_logistica_e_magazzino_02-615-c@2x.jpg\" alt=\"\" \/><\/li><\/ul><\/div>Notre objectif est de vous d\u00e9livrer des probl\u00e9matiques li\u00e9es au conditionnement et au stockage : vous gagnez ainsi du temps que vous pourrez consacrer \u00e0 votre c\u0153ur de m\u00e9tier&#8230; <a class=\"hp-link-finser\" href=\"http:\/\/www.finser.ch\/fr\/logistique-et-entrepot\">\u25ba<\/a><div class=\" \" style=\"margin-top:0px;padding-bottom:0px;\"><\/div><\/div><\/div><div class=\"wpb_column vc_column_container vc_col-sm-4\"><div class=\"wpb_wrapper\"><h3  style=\"text-align:left;\" >Nouvelles<\/h3><div class=\"photo_slider-1 no-slider-nav\" style=\"\"><ul><li  style=\"width:0;\" ><img decoding=\"async\" src=\"https:\/\/www.finser.ch\/wp-content\/uploads\/freshizer\/9adb803b3cc67fd6ba2286f48392e3f6_FINSER-fragola_new-615-c.png\" data-at2x=\"https:\/\/www.finser.ch\/wp-content\/uploads\/freshizer\/9adb803b3cc67fd6ba2286f48392e3f6_FINSER-fragola_new-615-c@2x.png\" alt=\"\" \/><\/li><\/ul><\/div>Magnetic Display<a class=\"hp-link-finser\" href=\"\/category\/novita\/\">\u25ba<\/a><div class=\" \" style=\"margin-top:0px;padding-bottom:0px;\"><\/div><\/div><\/div><\/div>\n","protected":false},"excerpt":{"rendered":"Quefaisons-nou. Nous concevons et r\u00e9alisons des solutions d\u2019emballages innovantes, dont notre priorit\u00e9 est la qualit\u00e9 et la simplicit\u00e9 d\u2019utilisation. Quefaisons-nou. Nous produisons diff\u00e9rents types d\u2019emballages en les associant \u00e0 vos besoins marketing Quefaisons-nous. Nous proposons des emballages standards ou personnalis\u00e9s, enrichis par un ensemble de services complet. window.SR7 ??={};SR7.PMH ??={}; SR7.PMH[\"SR7_49_2\"] = {cn:100,state:false,fn: function() { [...]","protected":false},"author":1,"featured_media":0,"parent":0,"menu_order":0,"comment_status":"open","ping_status":"closed","template":"","meta":{"footnotes":""},"class_list":["post-4660","page","type-page","status-publish","hentry"],"_links":{"self":[{"href":"https:\/\/www.finser.ch\/fr\/wp-json\/wp\/v2\/pages\/4660","targetHints":{"allow":["GET"]}}],"collection":[{"href":"https:\/\/www.finser.ch\/fr\/wp-json\/wp\/v2\/pages"}],"about":[{"href":"https:\/\/www.finser.ch\/fr\/wp-json\/wp\/v2\/types\/page"}],"author":[{"embeddable":true,"href":"https:\/\/www.finser.ch\/fr\/wp-json\/wp\/v2\/users\/1"}],"replies":[{"embeddable":true,"href":"https:\/\/www.finser.ch\/fr\/wp-json\/wp\/v2\/comments?post=4660"}],"version-history":[{"count":75,"href":"https:\/\/www.finser.ch\/fr\/wp-json\/wp\/v2\/pages\/4660\/revisions"}],"predecessor-version":[{"id":8408,"href":"https:\/\/www.finser.ch\/fr\/wp-json\/wp\/v2\/pages\/4660\/revisions\/8408"}],"wp:attachment":[{"href":"https:\/\/www.finser.ch\/fr\/wp-json\/wp\/v2\/media?parent=4660"}],"curies":[{"name":"wp","href":"https:\/\/api.w.org\/{rel}","templated":true}]}}