{"id":7113,"date":"2015-09-09T12:57:19","date_gmt":"2015-09-09T12:57:19","guid":{"rendered":"http:\/\/www.finser.ch\/de\/?page_id=7113"},"modified":"2016-03-04T16:38:37","modified_gmt":"2016-03-04T15:38:37","slug":"holz-andere","status":"publish","type":"page","link":"https:\/\/www.finser.ch\/de\/holz-andere\/","title":{"rendered":"Holz \/ andere"},"content":{"rendered":"<div class=\"vc_row wpb_row vc_row-fluid\"><div class=\"wpb_column vc_column_container vc_col-sm-4\"><div class=\"wpb_wrapper\"><h2  style=\"text-align:center;\" >Holzpaletten<\/h2><div class=\"photo_slider-1 no-slider-nav\" style=\"\"><ul><li  style=\"width:0;\" ><img decoding=\"async\" src=\"https:\/\/www.finser.ch\/wp-content\/uploads\/freshizer\/c52495224e7aee08f2f2b7fcc389aaa1_PALETTE-legno-393-c.jpg\" data-at2x=\"https:\/\/www.finser.ch\/wp-content\/uploads\/freshizer\/c52495224e7aee08f2f2b7fcc389aaa1_PALETTE-legno-393-c@2x.jpg\" alt=\"\" \/><h3 class=\"slider-caption\">Holzpaletten<\/h3><\/li><\/ul><\/div><\/div><\/div><div class=\"wpb_column vc_column_container vc_col-sm-4\"><div class=\"wpb_wrapper\"><h2  style=\"text-align:center;\" >Kunststoffpaletten \u2013 Industrie \u2013 Leichtpaletten<\/h2><div class=\"photo_slider-1 \" style=\"\"><ul><li  style=\"width:0;\" ><img decoding=\"async\" src=\"https:\/\/www.finser.ch\/wp-content\/uploads\/freshizer\/33e64af21e15ab72a7acbc6e9c96bcb8_PEDANE-SRT-393-c.jpg\" data-at2x=\"https:\/\/www.finser.ch\/wp-content\/uploads\/freshizer\/33e64af21e15ab72a7acbc6e9c96bcb8_PEDANE-SRT-393-c@2x.jpg\" alt=\"\" \/><h3 class=\"slider-caption\">Kunststoffpaletten \u2013 Industrie \u2013 Leichtpaletten<\/h3><\/li><li  style=\"width:0;\" ><img decoding=\"async\" src=\"https:\/\/www.finser.ch\/wp-content\/uploads\/freshizer\/48e948306e72ec7ef83056c58114bb6e_PEDANE-SR-393-c.jpg\" data-at2x=\"https:\/\/www.finser.ch\/wp-content\/uploads\/freshizer\/48e948306e72ec7ef83056c58114bb6e_PEDANE-SR-393-c@2x.jpg\" alt=\"\" \/><h3 class=\"slider-caption\">Kunststoffpaletten \u2013 Industrie \u2013 Leichtpaletten<\/h3><\/li><li  style=\"width:0;\" ><img decoding=\"async\" src=\"https:\/\/www.finser.ch\/wp-content\/uploads\/freshizer\/364a6dbcb7b5312256cd68c16746a176_PEDANE-A4L-393-c.jpg\" data-at2x=\"https:\/\/www.finser.ch\/wp-content\/uploads\/freshizer\/364a6dbcb7b5312256cd68c16746a176_PEDANE-A4L-393-c@2x.jpg\" alt=\"\" \/><h3 class=\"slider-caption\">Kunststoffpaletten \u2013 Industrie \u2013 Leichtpaletten<\/h3><\/li><li  style=\"width:0;\" ><img decoding=\"async\" src=\"https:\/\/www.finser.ch\/wp-content\/uploads\/freshizer\/7adc7c84ea5911d1f6e1b565b34410ab_PEDANE-A4-393-c.jpg\" data-at2x=\"https:\/\/www.finser.ch\/wp-content\/uploads\/freshizer\/7adc7c84ea5911d1f6e1b565b34410ab_PEDANE-A4-393-c@2x.jpg\" alt=\"\" \/><h3 class=\"slider-caption\">Kunststoffpaletten \u2013 Industrie \u2013 Leichtpaletten<\/h3><\/li><\/ul><\/div><\/div><\/div><div class=\"wpb_column vc_column_container vc_col-sm-4\"><div class=\"wpb_wrapper\"><h2  style=\"text-align:center;\" >Inka-Paletten<\/h2><div class=\"photo_slider-1 no-slider-nav\" style=\"\"><ul><li  style=\"width:0;\" ><img decoding=\"async\" src=\"https:\/\/www.finser.ch\/wp-content\/uploads\/freshizer\/900d9b928beb48b4bfa087b1cd6da4a1_GRUPPO-PALETTE-INKA-2_72dpi-393-c.jpg\" data-at2x=\"https:\/\/www.finser.ch\/wp-content\/uploads\/freshizer\/900d9b928beb48b4bfa087b1cd6da4a1_GRUPPO-PALETTE-INKA-2_72dpi-393-c@2x.jpg\" alt=\"\" \/><h3 class=\"slider-caption\">Inka-Paletten<\/h3><\/li><\/ul><\/div><\/div><\/div><\/div><div class=\"vc_row wpb_row vc_row-fluid\"><div class=\"wpb_column vc_column_container vc_col-sm-4\"><div class=\"wpb_wrapper\"><h2  style=\"text-align:center;\" >Holz- und Holzblattk\u00f6rbe<\/h2><div class=\"photo_slider-1 \" style=\"\"><ul><li  style=\"width:0;\" ><img decoding=\"async\" src=\"https:\/\/www.finser.ch\/wp-content\/uploads\/freshizer\/1550c14908292be174b3cb3a25b04e79_GRUPPO-CEST-LEGNO-1_72dpi-393-c.jpg\" data-at2x=\"https:\/\/www.finser.ch\/wp-content\/uploads\/freshizer\/1550c14908292be174b3cb3a25b04e79_GRUPPO-CEST-LEGNO-1_72dpi-393-c@2x.jpg\" alt=\"\" \/><h3 class=\"slider-caption\">Holz- und Holzblattk\u00f6rbe<\/h3><\/li><li  style=\"width:0;\" ><img decoding=\"async\" src=\"https:\/\/www.finser.ch\/wp-content\/uploads\/freshizer\/10a07972c8b8c297ec16eb44e6cc72d2_01_Finser_Packaging_Cestello_in_legno-393-c.jpg\" data-at2x=\"https:\/\/www.finser.ch\/wp-content\/uploads\/freshizer\/10a07972c8b8c297ec16eb44e6cc72d2_01_Finser_Packaging_Cestello_in_legno-393-c@2x.jpg\" alt=\"\" \/><h3 class=\"slider-caption\">Holz- und Holzblattk\u00f6rbe<\/h3><\/li><\/ul><\/div><\/div><\/div><div class=\"wpb_column vc_column_container vc_col-sm-4\"><div class=\"wpb_wrapper\"><h2  style=\"text-align:center;\" >Winkelst\u00fccke und Zwischeneinlagen aus Kunststoff und Karton<\/h2><div class=\"photo_slider-1 no-slider-nav\" style=\"\"><ul><li  style=\"width:0;\" ><img decoding=\"async\" src=\"https:\/\/www.finser.ch\/wp-content\/uploads\/freshizer\/936b61af257ecb4451b0651621e121c3_01_Finser_Packaging_Angolari_e_interfalde_in_plastica_e_in_cartone-393-c.jpg\" data-at2x=\"https:\/\/www.finser.ch\/wp-content\/uploads\/freshizer\/936b61af257ecb4451b0651621e121c3_01_Finser_Packaging_Angolari_e_interfalde_in_plastica_e_in_cartone-393-c@2x.jpg\" alt=\"\" \/><h3 class=\"slider-caption\">Winkelst\u00fccke und Zwischeneinlagen aus Kunststoff und Karton<\/h3><\/li><\/ul><\/div><\/div><\/div><div class=\"wpb_column vc_column_container vc_col-sm-4\"><div class=\"wpb_wrapper\"><h2  style=\"text-align:center;\" >Polystyrolbeh\u00e4lter<\/h2><div class=\"photo_slider-1 no-slider-nav\" style=\"\"><ul><li  style=\"width:0;\" ><img decoding=\"async\" src=\"https:\/\/www.finser.ch\/wp-content\/uploads\/freshizer\/885627c7f80cf682ac1154c9db7c6912_01_Finser_Packaging_Contenitori_in_polistirolo-393-c.jpg\" data-at2x=\"https:\/\/www.finser.ch\/wp-content\/uploads\/freshizer\/885627c7f80cf682ac1154c9db7c6912_01_Finser_Packaging_Contenitori_in_polistirolo-393-c@2x.jpg\" alt=\"\" \/><h3 class=\"slider-caption\">Polystyrolbeh\u00e4lter<\/h3><\/li><\/ul><\/div><\/div><\/div><\/div><div class=\"vc_row wpb_row vc_row-fluid\"><div class=\"wpb_column vc_column_container vc_col-sm-4\"><div class=\"wpb_wrapper\"><h2  style=\"text-align:center;\" >Trenner und Kistenb\u00f6den aus Polyethylenschaum<\/h2><div class=\"photo_slider-1 no-slider-nav\" style=\"\"><ul><li  style=\"width:0;\" ><img decoding=\"async\" src=\"https:\/\/www.finser.ch\/wp-content\/uploads\/freshizer\/12909ed56361ce0b3493265853e215fd_01_Finser_Packaging_Divisorio_e_fondo_cassette_in_pe_easpanso-393-c.jpg\" data-at2x=\"https:\/\/www.finser.ch\/wp-content\/uploads\/freshizer\/12909ed56361ce0b3493265853e215fd_01_Finser_Packaging_Divisorio_e_fondo_cassette_in_pe_easpanso-393-c@2x.jpg\" alt=\"\" \/><h3 class=\"slider-caption\">Trenner und Kistenb\u00f6den aus Polyethylenschaum<\/h3><\/li><\/ul><\/div><\/div><\/div><div class=\"wpb_column vc_column_container vc_col-sm-4\"><div class=\"wpb_wrapper\"><h2  style=\"text-align:center;\" >Schutzvorrichtungen und Trenner aus Schaumstoff<\/h2><div class=\"photo_slider-1 no-slider-nav\" style=\"\"><ul><li  style=\"width:0;\" ><img decoding=\"async\" src=\"https:\/\/www.finser.ch\/wp-content\/uploads\/freshizer\/235b9fc763d7aa3cbf2238e126f89a80_01_Finser_Packaging_Protezioni_e_divisori_in_espanso-393-c.jpg\" data-at2x=\"https:\/\/www.finser.ch\/wp-content\/uploads\/freshizer\/235b9fc763d7aa3cbf2238e126f89a80_01_Finser_Packaging_Protezioni_e_divisori_in_espanso-393-c@2x.jpg\" alt=\"\" \/><h3 class=\"slider-caption\">Schutzvorrichtungen und Trenner aus Schaumstoff<\/h3><\/li><\/ul><\/div><\/div><\/div><div class=\"wpb_column vc_column_container vc_col-sm-4\"><div class=\"wpb_wrapper\"><h2  style=\"text-align:center;\" >Glasflaschen und Glasbeh\u00e4lter<\/h2><div class=\"photo_slider-1 no-slider-nav\" style=\"\"><ul><li  style=\"width:0;\" ><img decoding=\"async\" src=\"https:\/\/www.finser.ch\/wp-content\/uploads\/freshizer\/f5ef40e821e57ed4a7688aed5db76329_01_Finser_Packaging_Bottiglie_e_vasi_in_vetro-393-c.jpg\" data-at2x=\"https:\/\/www.finser.ch\/wp-content\/uploads\/freshizer\/f5ef40e821e57ed4a7688aed5db76329_01_Finser_Packaging_Bottiglie_e_vasi_in_vetro-393-c@2x.jpg\" alt=\"\" \/><h3 class=\"slider-caption\">Glasflaschen und Glasbeh\u00e4lter<\/h3><\/li><\/ul><\/div><\/div><\/div><\/div><div class=\"vc_row wpb_row vc_row-fluid\"><div class=\"wpb_column vc_column_container vc_col-sm-4\"><div class=\"wpb_wrapper\"><h2  style=\"text-align:center;\" >Flaschenkapseln<\/h2><div class=\"photo_slider-1 no-slider-nav\" style=\"\"><ul><li  style=\"width:0;\" ><img decoding=\"async\" src=\"https:\/\/www.finser.ch\/wp-content\/uploads\/freshizer\/2a6bcd0e73fad69eaf610e4872dcbe32_01_Finser_Packaging_Capsula_per_bottiglie-393-c.jpg\" data-at2x=\"https:\/\/www.finser.ch\/wp-content\/uploads\/freshizer\/2a6bcd0e73fad69eaf610e4872dcbe32_01_Finser_Packaging_Capsula_per_bottiglie-393-c@2x.jpg\" alt=\"\" \/><h3 class=\"slider-caption\">Flaschenkapseln<\/h3><\/li><\/ul><\/div><\/div><\/div><div class=\"wpb_column vc_column_container vc_col-sm-4\"><div class=\"wpb_wrapper\"><h2  style=\"text-align:center;\" >Stangen f\u00fcr Kleiderkisten und Polypropylenb\u00e4nder<\/h2><div class=\"photo_slider-1 no-slider-nav\" style=\"\"><ul><li  style=\"width:0;\" ><img decoding=\"async\" src=\"https:\/\/www.finser.ch\/wp-content\/uploads\/freshizer\/e8e361ff204d34e10cc9a72e10464ab6_stanga-per-bauletti-393-c.jpg\" data-at2x=\"https:\/\/www.finser.ch\/wp-content\/uploads\/freshizer\/e8e361ff204d34e10cc9a72e10464ab6_stanga-per-bauletti-393-c@2x.jpg\" alt=\"\" \/><h3 class=\"slider-caption\">Stangen f\u00fcr Kleiderkisten und Polypropylenb\u00e4nder<\/h3><\/li><\/ul><\/div><\/div><\/div><div class=\"wpb_column vc_column_container vc_col-sm-4\"><div class=\"wpb_wrapper\"><h2  style=\"text-align:center;\" >Zisternen, Kunststofff\u00e4sser und Beh\u00e4lter aller Gr\u00f6\u00dfen \u2013 Kunststofff\u00e4sser \u2013 Beh\u00e4lter f\u00fcr die Abfalltrennung \u2013 Kanister \u2013 Zisternen<\/h2><div class=\"photo_slider-1 \" style=\"\"><ul><li  style=\"width:0;\" ><img decoding=\"async\" src=\"https:\/\/www.finser.ch\/wp-content\/uploads\/freshizer\/1b18f9a1994c0a2e83882adc7125c3c3_01_Finser_Packaging_Fusti_in_plastica-393-c.jpg\" data-at2x=\"https:\/\/www.finser.ch\/wp-content\/uploads\/freshizer\/1b18f9a1994c0a2e83882adc7125c3c3_01_Finser_Packaging_Fusti_in_plastica-393-c@2x.jpg\" alt=\"\" \/><h3 class=\"slider-caption\">Zisternen, Kunststofff\u00e4sser und Beh\u00e4lter aller Gr\u00f6\u00dfen \u2013 Kunststofff\u00e4sser \u2013 Beh\u00e4lter f\u00fcr die Abfalltrennung \u2013 Kanister \u2013 Zisternen<\/h3><\/li><li  style=\"width:0;\" ><img decoding=\"async\" src=\"https:\/\/www.finser.ch\/wp-content\/uploads\/freshizer\/2a15c93dfb8c4ba0918b695d308ca049_02_Finser_Packaging_Contenitori_per_raccolta_differenziata-393-c.jpg\" data-at2x=\"https:\/\/www.finser.ch\/wp-content\/uploads\/freshizer\/2a15c93dfb8c4ba0918b695d308ca049_02_Finser_Packaging_Contenitori_per_raccolta_differenziata-393-c@2x.jpg\" alt=\"\" \/><h3 class=\"slider-caption\">Zisternen, Kunststofff\u00e4sser und Beh\u00e4lter aller Gr\u00f6\u00dfen \u2013 Kunststofff\u00e4sser \u2013 Beh\u00e4lter f\u00fcr die Abfalltrennung \u2013 Kanister \u2013 Zisternen<\/h3><\/li><li  style=\"width:0;\" ><img decoding=\"async\" src=\"https:\/\/www.finser.ch\/wp-content\/uploads\/freshizer\/889ed1a0a87a960fc56958a5d8c477d3_03_Finser_Packaging_Taniche-393-c.jpg\" data-at2x=\"https:\/\/www.finser.ch\/wp-content\/uploads\/freshizer\/889ed1a0a87a960fc56958a5d8c477d3_03_Finser_Packaging_Taniche-393-c@2x.jpg\" alt=\"\" \/><h3 class=\"slider-caption\">Zisternen, Kunststofff\u00e4sser und Beh\u00e4lter aller Gr\u00f6\u00dfen \u2013 Kunststofff\u00e4sser \u2013 Beh\u00e4lter f\u00fcr die Abfalltrennung \u2013 Kanister \u2013 Zisternen<\/h3><\/li><li  style=\"width:0;\" ><img decoding=\"async\" src=\"https:\/\/www.finser.ch\/wp-content\/uploads\/freshizer\/d4f5ffa7a28891de9dd15f1596372a8e_04_Finser_Packaging_Cisterne-393-c.jpg\" data-at2x=\"https:\/\/www.finser.ch\/wp-content\/uploads\/freshizer\/d4f5ffa7a28891de9dd15f1596372a8e_04_Finser_Packaging_Cisterne-393-c@2x.jpg\" alt=\"\" \/><h3 class=\"slider-caption\">Zisternen, Kunststofff\u00e4sser und Beh\u00e4lter aller Gr\u00f6\u00dfen \u2013 Kunststofff\u00e4sser \u2013 Beh\u00e4lter f\u00fcr die Abfalltrennung \u2013 Kanister \u2013 Zisternen<\/h3><\/li><\/ul><\/div><\/div><\/div><\/div><div class=\"vc_row wpb_row vc_row-fluid\"><div class=\"wpb_column vc_column_container vc_col-sm-4\"><div class=\"wpb_wrapper\"><h2  style=\"text-align:center;\" >Klebeb\u00e4nder<\/h2><div class=\"photo_slider-1 no-slider-nav\" style=\"\"><ul><li  style=\"width:0;\" ><img decoding=\"async\" src=\"https:\/\/www.finser.ch\/wp-content\/uploads\/freshizer\/4b0a58e526affb96ab15b53aff266962_01_Finser_Packaging_Nastri_adesivi-393-c.jpg\" data-at2x=\"https:\/\/www.finser.ch\/wp-content\/uploads\/freshizer\/4b0a58e526affb96ab15b53aff266962_01_Finser_Packaging_Nastri_adesivi-393-c@2x.jpg\" alt=\"\" \/><h3 class=\"slider-caption\">Klebeb\u00e4nder<\/h3><\/li><\/ul><\/div><\/div><\/div><div class=\"wpb_column vc_column_container vc_col-sm-4\"><div class=\"wpb_wrapper\"><\/div><\/div><div class=\"wpb_column vc_column_container vc_col-sm-4\"><div class=\"wpb_wrapper\"><\/div><\/div><\/div>\n","protected":false},"excerpt":{"rendered":"HolzpalettenHolzpalettenKunststoffpaletten \u2013 Industrie \u2013 LeichtpalettenKunststoffpaletten \u2013 Industrie \u2013 LeichtpalettenKunststoffpaletten \u2013 Industrie \u2013 LeichtpalettenKunststoffpaletten \u2013 Industrie \u2013 LeichtpalettenKunststoffpaletten \u2013 Industrie \u2013 LeichtpalettenInka-PalettenInka-PalettenHolz- und Holzblattk\u00f6rbeHolz- und Holzblattk\u00f6rbeHolz- und Holzblattk\u00f6rbeWinkelst\u00fccke und Zwischeneinlagen aus Kunststoff und KartonWinkelst\u00fccke und Zwischeneinlagen aus Kunststoff und KartonPolystyrolbeh\u00e4lterPolystyrolbeh\u00e4lterTrenner und Kistenb\u00f6den aus PolyethylenschaumTrenner und Kistenb\u00f6den aus PolyethylenschaumSchutzvorrichtungen und Trenner aus SchaumstoffSchutzvorrichtungen und Trenner aus SchaumstoffGlasflaschen [...]","protected":false},"author":1,"featured_media":0,"parent":0,"menu_order":0,"comment_status":"open","ping_status":"closed","template":"","meta":{"footnotes":""},"class_list":["post-7113","page","type-page","status-publish","hentry"],"_links":{"self":[{"href":"https:\/\/www.finser.ch\/de\/wp-json\/wp\/v2\/pages\/7113","targetHints":{"allow":["GET"]}}],"collection":[{"href":"https:\/\/www.finser.ch\/de\/wp-json\/wp\/v2\/pages"}],"about":[{"href":"https:\/\/www.finser.ch\/de\/wp-json\/wp\/v2\/types\/page"}],"author":[{"embeddable":true,"href":"https:\/\/www.finser.ch\/de\/wp-json\/wp\/v2\/users\/1"}],"replies":[{"embeddable":true,"href":"https:\/\/www.finser.ch\/de\/wp-json\/wp\/v2\/comments?post=7113"}],"version-history":[{"count":13,"href":"https:\/\/www.finser.ch\/de\/wp-json\/wp\/v2\/pages\/7113\/revisions"}],"predecessor-version":[{"id":7269,"href":"https:\/\/www.finser.ch\/de\/wp-json\/wp\/v2\/pages\/7113\/revisions\/7269"}],"wp:attachment":[{"href":"https:\/\/www.finser.ch\/de\/wp-json\/wp\/v2\/media?parent=7113"}],"curies":[{"name":"wp","href":"https:\/\/api.w.org\/{rel}","templated":true}]}}