{"id":7107,"date":"2016-02-17T17:13:33","date_gmt":"2016-02-17T16:13:33","guid":{"rendered":"http:\/\/www.finser.ch\/de\/?page_id=7107"},"modified":"2021-06-18T13:37:14","modified_gmt":"2021-06-18T12:37:14","slug":"download-kataloge","status":"publish","type":"page","link":"https:\/\/www.finser.ch\/de\/download-kataloge\/","title":{"rendered":"Download Kataloge"},"content":{"rendered":"<div class=\"vc_row wpb_row vc_row-fluid\"><div class=\"wpb_column vc_column_container vc_col-sm-4\"><div class=\"wpb_wrapper\"><div class=\"team_member \"><img decoding=\"async\" class=\"team_member_photo\" src=\"https:\/\/www.finser.ch\/wp-content\/uploads\/freshizer\/f1774c3de06a73658d9a73a2985ad7f1_FINSER_display_cover-615-c.png\" alt=\"\"><h3 class=\"team_member_title\">Dispaly 2021<\/h3><div class=\"team_member_description\"><p><a href=\"https:\/\/www.finser.ch\/wp-content\/uploads\/2021\/06\/brevetti.pdf\" target=\"_blank\">download\u00a0pdf<\/a><\/p><\/div><\/div><\/div><\/div><div class=\"wpb_column vc_column_container vc_col-sm-4\"><div class=\"wpb_wrapper\"><div class=\"team_member \"><img decoding=\"async\" class=\"team_member_photo\" src=\"https:\/\/www.finser.ch\/wp-content\/uploads\/freshizer\/431abff57829375854e59cfa53270c2e_GUILLIN_folder_high-1-615-c.jpg\" alt=\"\"><h3 class=\"team_member_title\">Kunststoffschalen f\u00fcr Obst und Gem\u00fcse 2018<\/h3><div class=\"team_member_description\"><p><a href=\"\/wp-content\/uploads\/2018\/01\/GUILLIN_folder_ok.pdf\" target=\"_blank\">download\u00a0pdf<\/a><\/p><\/div><\/div><\/div><\/div><div class=\"wpb_column vc_column_container vc_col-sm-4\"><div class=\"wpb_wrapper\"><div class=\"team_member \"><img decoding=\"async\" class=\"team_member_photo\" src=\"https:\/\/www.finser.ch\/wp-content\/uploads\/freshizer\/423d4adbf3a4f3a0b4293af559b0642f_Catalogo-vaschette_2017-1-615-c.jpg\" alt=\"\"><h3 class=\"team_member_title\">Kunststoffschalen 2017<\/h3><div class=\"team_member_description\"><p><a href=\"\/wp-content\/uploads\/2017\/03\/Catalogo Guillin vaschette_2017.pdf\" target=\"_blank\">download\u00a0pdf<\/a><\/p><\/div><\/div><\/div><\/div><\/div><div class=\"vc_row wpb_row vc_row-fluid\"><div class=\"wpb_column vc_column_container vc_col-sm-4\"><div class=\"wpb_wrapper\"><div class=\"team_member \"><img decoding=\"async\" class=\"team_member_photo\" src=\"https:\/\/www.finser.ch\/wp-content\/uploads\/freshizer\/42d927631bebaa3cc6e07a332644540e_Catalogo-Guillin-Funghi-1-615-c.jpg\" alt=\"\"><h3 class=\"team_member_title\">Kunststoffschalen f\u00fcr Pilze 2017<\/h3><div class=\"team_member_description\"><p><a href=\"\/wp-content\/uploads\/2017\/03\/Catalogo Guillin Funghi.pdf\" target=\"_blank\">download\u00a0pdf<\/a><\/p><\/div><\/div><\/div><\/div><div class=\"wpb_column vc_column_container vc_col-sm-4\"><div class=\"wpb_wrapper\"><div class=\"team_member \"><img decoding=\"async\" class=\"team_member_photo\" src=\"https:\/\/www.finser.ch\/wp-content\/uploads\/freshizer\/c8964529fc2a55d7c581f79b97dbfa08_Sormabag-GBR-1-615-c.jpg\" alt=\"\"><h3 class=\"team_member_title\">Sormabag 2017<\/h3><div class=\"team_member_description\"><p><a href=\"http:\/\/www.finser.ch\/wp-content\/uploads\/2014\/09\/Sormabag-GBR.pdf\" target=\"_blank\">download\u00a0pdf<\/a><\/p><\/div><\/div><\/div><\/div><div class=\"wpb_column vc_column_container vc_col-sm-4\"><div class=\"wpb_wrapper\"><div class=\"team_member \"><img decoding=\"async\" class=\"team_member_photo\" src=\"https:\/\/www.finser.ch\/wp-content\/uploads\/freshizer\/bbed1b095982dbdb73e14c21598263b5_SormaBag-DepA4_ING-1-1-615-c.jpg\" alt=\"\"><h3 class=\"team_member_title\">Sormabag 2017<\/h3><div class=\"team_member_description\"><p><a href=\"http:\/\/www.finser.ch\/wp-content\/uploads\/2014\/09\/SormaBag-DepA4_ING.pdf\" target=\"_blank\">download\u00a0pdf<\/a><\/p><\/div><\/div><\/div><\/div><\/div><div class=\"vc_row wpb_row vc_row-fluid\"><div class=\"wpb_column vc_column_container vc_col-sm-4\"><div class=\"wpb_wrapper\"><div class=\"team_member \"><img decoding=\"async\" class=\"team_member_photo\" src=\"https:\/\/www.finser.ch\/wp-content\/uploads\/freshizer\/cf322bcf36af95eba50d53a87b0804bf_SORMA-3ante_ING_2017-1-1-615-c.jpg\" alt=\"\"><h3 class=\"team_member_title\">Sorma Group 2017<\/h3><div class=\"team_member_description\"><p><a href=\"http:\/\/www.finser.ch\/wp-content\/uploads\/2014\/09\/SORMA-3ante_ING_2017.pdf\" target=\"_blank\">download\u00a0pdf<\/a><\/p><\/div><\/div><\/div><\/div><div class=\"wpb_column vc_column_container vc_col-sm-4\"><div class=\"wpb_wrapper\"><div class=\"team_member \"><img decoding=\"async\" class=\"team_member_photo\" src=\"https:\/\/www.finser.ch\/wp-content\/uploads\/freshizer\/d6f88c054b32260c9a14d6fc6ef8afde_SORMA-2ante_VEGETABLES-1-1-615-c.jpg\" alt=\"\"><h3 class=\"team_member_title\">Sorma Group Vegetables 2017<\/h3><div class=\"team_member_description\"><p><a href=\"http:\/\/www.finser.ch\/wp-content\/uploads\/2014\/09\/SORMA-2ante_VEGETABLES.pdf\" target=\"_blank\">download\u00a0pdf<\/a><\/p><\/div><\/div><\/div><\/div><div class=\"wpb_column vc_column_container vc_col-sm-4\"><div class=\"wpb_wrapper\"><div class=\"team_member \"><img decoding=\"async\" class=\"team_member_photo\" src=\"https:\/\/www.finser.ch\/wp-content\/uploads\/freshizer\/538220e585c9e50087547902f81ff1c9_SORMA-2ante_FRUIT-1-1-615-c.jpg\" alt=\"\"><h3 class=\"team_member_title\">Sorma Group Fruit 2017<\/h3><div class=\"team_member_description\"><p><a href=\"http:\/\/www.finser.ch\/wp-content\/uploads\/2014\/09\/SORMA-2ante_FRUIT.pdf\" target=\"_blank\">download\u00a0pdf<\/a><\/p><\/div><\/div><\/div><\/div><\/div><div class=\"vc_row wpb_row vc_row-fluid\"><div class=\"wpb_column vc_column_container vc_col-sm-4\"><div class=\"wpb_wrapper\"><div class=\"team_member \"><img decoding=\"async\" class=\"team_member_photo\" src=\"https:\/\/www.finser.ch\/wp-content\/uploads\/freshizer\/61064b9334f383d1d2221e504d1e3f61_NewEcoPun_2anteA5_ING-1-1-615-c.jpg\" alt=\"\"><h3 class=\"team_member_title\">Eco Punnet 2017<\/h3><div class=\"team_member_description\"><p><a href=\"http:\/\/www.finser.ch\/wp-content\/uploads\/2014\/09\/EcoPun-10x21-2012_ITA.pdf\" target=\"_blank\">download\u00a0pdf<\/a><\/p><\/div><\/div><\/div><\/div><div class=\"wpb_column vc_column_container vc_col-sm-4\"><div class=\"wpb_wrapper\"><div class=\"team_member \"><img decoding=\"async\" class=\"team_member_photo\" src=\"https:\/\/www.finser.ch\/wp-content\/uploads\/freshizer\/2b562cfb7f1c20edd9372ea93ec6a1df_finser_packaging_biotelo_agri_pellicole-615-c.jpg\" alt=\"\"><h3 class=\"team_member_title\">Biogewebe (franz\u00f6sisch)<\/h3><div class=\"team_member_description\"><p><a href=\"\/wp-content\/uploads\/2014\/09\/Biotelo francese.pdf\" target=\"_blank\">download pdf<\/a><\/p><\/div><\/div><\/div><\/div><div class=\"wpb_column vc_column_container vc_col-sm-4\"><div class=\"wpb_wrapper\"><div class=\"team_member \"><img decoding=\"async\" class=\"team_member_photo\" src=\"https:\/\/www.finser.ch\/wp-content\/uploads\/freshizer\/32fd3d5f5848344c5497a2d7878a1f2a_finser_packaging_contenitori_agricoltura_boxes_agriculture_conteneurs-615-c.jpg\" alt=\"\"><h3 class=\"team_member_title\">Boxen f\u00fcr die Landwirtschaft<\/h3><div class=\"team_member_description\"><p><a href=\"\/wp-content\/uploads\/2016\/01\/finser_packaging_cataloghi_contenitori_agricoltura_definitivo.pdf\" target=\"_blank\">download pdf<\/a><\/p><\/div><\/div><\/div><\/div><\/div><div class=\"vc_row wpb_row vc_row-fluid\"><div class=\"wpb_column vc_column_container vc_col-sm-4\"><div class=\"wpb_wrapper\"><div class=\"team_member \"><img decoding=\"async\" class=\"team_member_photo\" src=\"https:\/\/www.finser.ch\/wp-content\/uploads\/freshizer\/b72ea5046247bafa3f301b761d5c3f55_finser_packaging_contenitori_ecologia_waste_containers_conteneurs_dechets-615-c.jpg\" alt=\"\"><h3 class=\"team_member_title\">M\u00fcllcontainer<\/h3><div class=\"team_member_description\"><p><a href=\"\/wp-content\/uploads\/2016\/01\/finser_packaging_cataloghi_contenitoti_ecologia_interno.pdf\" target=\"_blank\">download pdf<\/a><\/p><\/div><\/div><\/div><\/div><div class=\"wpb_column vc_column_container vc_col-sm-4\"><div class=\"wpb_wrapper\"><div class=\"team_member \"><img decoding=\"async\" class=\"team_member_photo\" src=\"https:\/\/www.finser.ch\/wp-content\/uploads\/freshizer\/e9acf6fc5b2d505934cc9673968dbc67_finser_packaging_contenitori_box_conteneurs_industria-615-c.jpg\" alt=\"\"><h3 class=\"team_member_title\">Kisten f\u00fcr die Industrie<\/h3><div class=\"team_member_description\"><p><a href=\"\/wp-content\/uploads\/2016\/01\/finser_packaging_cataloghi_contenitori_Industria_definitivo.pdf\" target=\"_blank\">download pdf<\/a><\/p><\/div><\/div><\/div><\/div><div class=\"wpb_column vc_column_container vc_col-sm-4\"><div class=\"wpb_wrapper\"><div class=\"team_member \"><img decoding=\"async\" class=\"team_member_photo\" src=\"https:\/\/www.finser.ch\/wp-content\/uploads\/freshizer\/df8a543cd34de4e6897a922da32ba32c_finser_packaging_espositori_existant-615-c.jpg\" alt=\"\"><h3 class=\"team_member_title\">Aussteller<\/h3><div class=\"team_member_description\"><p><a href=\"\/wp-content\/uploads\/2016\/01\/finser_packaging_cataloghi_espositori.pdf\" target=\"_blank\">download pdf<\/a><\/p><\/div><\/div><\/div><\/div><\/div><div class=\"vc_row wpb_row vc_row-fluid\"><div class=\"wpb_column vc_column_container vc_col-sm-4\"><div class=\"wpb_wrapper\"><div class=\"team_member \"><img decoding=\"async\" class=\"team_member_photo\" src=\"https:\/\/www.finser.ch\/wp-content\/uploads\/freshizer\/812988f312a64473537836807a21b1e1_finser_packaging_plastic_boxes1-615-c.jpg\" alt=\"\"><h3 class=\"team_member_title\">Kunststoffkisten<\/h3><div class=\"team_member_description\"><p><a href=\"\/wp-content\/uploads\/2016\/01\/finser_packaging_cataloghi_plastic_boxes.pdf\" target=\"_blank\">download pdf<\/a><\/p><\/div><\/div><\/div><\/div><div class=\"wpb_column vc_column_container vc_col-sm-4\"><div class=\"wpb_wrapper\"><div class=\"team_member \"><img decoding=\"async\" class=\"team_member_photo\" src=\"https:\/\/www.finser.ch\/wp-content\/uploads\/freshizer\/d35ca311e80d5ce51a3a7cac563e01cb_finser_packaging_vaschette_legno-615-c.jpg\" alt=\"\"><h3 class=\"team_member_title\">Holzk\u00f6rbe<\/h3><div class=\"team_member_description\"><p><a href=\"\/wp-content\/uploads\/2016\/01\/finser_packaging_cataloghi_vaschette_legno.pdf\" target=\"_blank\">download pdf<\/a><\/p><\/div><\/div><\/div><\/div><div class=\"wpb_column vc_column_container vc_col-sm-4\"><div class=\"wpb_wrapper\"><div class=\"team_member \"><img decoding=\"async\" class=\"team_member_photo\" src=\"https:\/\/www.finser.ch\/wp-content\/uploads\/freshizer\/3463d1a699ddc388cada272c0fe8c11b_finser_packaging_temperature_controlled_pack1-615-c.jpg\" alt=\"\"><h3 class=\"team_member_title\">Tcp<\/h3><div class=\"team_member_description\"><p><a href=\"\/wp-content\/uploads\/2016\/01\/finser_packaging_cataloghi_tcp.pdf\" target=\"_blank\">download pdf<\/a><\/p><\/div><\/div><\/div><\/div><\/div><div class=\"vc_row wpb_row vc_row-fluid\"><div class=\"wpb_column vc_column_container vc_col-sm-4\"><div class=\"wpb_wrapper\"><div class=\"team_member \"><img decoding=\"async\" class=\"team_member_photo\" src=\"https:\/\/www.finser.ch\/wp-content\/uploads\/freshizer\/406941956d4330eaf9d1a9fc32a15cc7_finser_packaging_vino_packaging_innovazione_imballi_soluzioni_espositive-615-c.jpg\" alt=\"\"><h3 class=\"team_member_title\">Wein<\/h3><div class=\"team_member_description\"><p><a href=\"\/wp-content\/uploads\/2016\/01\/finser_packaging_cataloghi_brochure_vino.pdf\" target=\"_blank\">download pdf<\/a><\/p><\/div><\/div><\/div><\/div><div class=\"wpb_column vc_column_container vc_col-sm-4\"><div class=\"wpb_wrapper\"><div class=\"team_member \"><img decoding=\"async\" class=\"team_member_photo\" src=\"https:\/\/www.finser.ch\/wp-content\/uploads\/freshizer\/9cb3e80e15d8808e065e9c35fcc89933_FINSER_COP-615-c.jpg\" alt=\"\"><h3 class=\"team_member_title\">Finser Company Profile<\/h3><div class=\"team_member_description\"><p><a href=\"http:\/\/www.finser.ch\/wp-content\/uploads\/2016\/05\/D-Presentazione-Finser-2016-Quadrato.pdf\" target=\"_blank\">download pdf<\/a><\/p><\/div><\/div><\/div><\/div><div class=\"wpb_column vc_column_container vc_col-sm-4\"><div class=\"wpb_wrapper\"><\/div><\/div><\/div>\n","protected":false},"excerpt":{"rendered":"Dispaly 2021download\u00a0pdfKunststoffschalen f\u00fcr Obst und Gem\u00fcse 2018download\u00a0pdfKunststoffschalen 2017download\u00a0pdfKunststoffschalen f\u00fcr Pilze 2017download\u00a0pdfSormabag 2017download\u00a0pdfSormabag 2017download\u00a0pdfSorma Group 2017download\u00a0pdfSorma Group Vegetables 2017download\u00a0pdfSorma Group Fruit 2017download\u00a0pdfEco Punnet 2017download\u00a0pdfBiogewebe (franz\u00f6sisch)download pdfBoxen f\u00fcr die Landwirtschaftdownload pdfM\u00fcllcontainerdownload pdfKisten f\u00fcr die Industriedownload pdfAusstellerdownload pdfKunststoffkistendownload pdfHolzk\u00f6rbedownload pdfTcpdownload pdfWeindownload pdfFinser Company Profiledownload pdf","protected":false},"author":1,"featured_media":0,"parent":0,"menu_order":0,"comment_status":"open","ping_status":"closed","template":"","meta":{"footnotes":""},"class_list":["post-7107","page","type-page","status-publish","hentry"],"_links":{"self":[{"href":"https:\/\/www.finser.ch\/de\/wp-json\/wp\/v2\/pages\/7107","targetHints":{"allow":["GET"]}}],"collection":[{"href":"https:\/\/www.finser.ch\/de\/wp-json\/wp\/v2\/pages"}],"about":[{"href":"https:\/\/www.finser.ch\/de\/wp-json\/wp\/v2\/types\/page"}],"author":[{"embeddable":true,"href":"https:\/\/www.finser.ch\/de\/wp-json\/wp\/v2\/users\/1"}],"replies":[{"embeddable":true,"href":"https:\/\/www.finser.ch\/de\/wp-json\/wp\/v2\/comments?post=7107"}],"version-history":[{"count":26,"href":"https:\/\/www.finser.ch\/de\/wp-json\/wp\/v2\/pages\/7107\/revisions"}],"predecessor-version":[{"id":8270,"href":"https:\/\/www.finser.ch\/de\/wp-json\/wp\/v2\/pages\/7107\/revisions\/8270"}],"wp:attachment":[{"href":"https:\/\/www.finser.ch\/de\/wp-json\/wp\/v2\/media?parent=7107"}],"curies":[{"name":"wp","href":"https:\/\/api.w.org\/{rel}","templated":true}]}}