{"id":7087,"date":"2016-02-17T14:21:31","date_gmt":"2016-02-17T13:21:31","guid":{"rendered":"http:\/\/www.finser.ch\/de\/?page_id=7087"},"modified":"2016-03-04T16:32:44","modified_gmt":"2016-03-04T15:32:44","slug":"plastiktueten-und-folien","status":"publish","type":"page","link":"https:\/\/www.finser.ch\/de\/plastiktueten-und-folien\/","title":{"rendered":"Plastikt\u00fcten und -folien"},"content":{"rendered":"<div class=\"vc_row wpb_row vc_row-fluid\"><div class=\"wpb_column vc_column_container vc_col-sm-4\"><div class=\"wpb_wrapper\"><h2  style=\"text-align:center;\" >Bag-in-box S\u00e4cke<\/h2><div class=\"photo_slider-1 \" style=\"\"><ul><li  style=\"width:0;\" ><img decoding=\"async\" src=\"https:\/\/www.finser.ch\/wp-content\/uploads\/freshizer\/ecb45b3f80c4a94ef358110812b6bd9e_02_Finser_Packaging_Sacchi_bag_in_box-393-c.jpg\" data-at2x=\"https:\/\/www.finser.ch\/wp-content\/uploads\/freshizer\/ecb45b3f80c4a94ef358110812b6bd9e_02_Finser_Packaging_Sacchi_bag_in_box-393-c@2x.jpg\" alt=\"\" \/><h3 class=\"slider-caption\">Bag-in-box S\u00e4cke<\/h3><\/li><li  style=\"width:0;\" ><img decoding=\"async\" src=\"https:\/\/www.finser.ch\/wp-content\/uploads\/freshizer\/69c85552561700f9f7a483b0bcd15fc1_01_Finser_Packaging_Sacchi_bag_in_box-393-c.jpg\" data-at2x=\"https:\/\/www.finser.ch\/wp-content\/uploads\/freshizer\/69c85552561700f9f7a483b0bcd15fc1_01_Finser_Packaging_Sacchi_bag_in_box-393-c@2x.jpg\" alt=\"\" \/><h3 class=\"slider-caption\">Bag-in-box S\u00e4cke<\/h3><\/li><\/ul><\/div><\/div><\/div><div class=\"wpb_column vc_column_container vc_col-sm-4\"><div class=\"wpb_wrapper\"><h2  style=\"text-align:center;\" >Plastikt\u00fcten aufgerollt<\/h2><div class=\"photo_slider-1 \" style=\"\"><ul><li  style=\"width:0;\" ><img decoding=\"async\" src=\"https:\/\/www.finser.ch\/wp-content\/uploads\/freshizer\/73dda9c9f95cf5e541cb3385411620a8_01_Finser_Packaging_Sacchi_in_plastica_in_rotolo-393-c.jpg\" data-at2x=\"https:\/\/www.finser.ch\/wp-content\/uploads\/freshizer\/73dda9c9f95cf5e541cb3385411620a8_01_Finser_Packaging_Sacchi_in_plastica_in_rotolo-393-c@2x.jpg\" alt=\"\" \/><h3 class=\"slider-caption\">Plastikt\u00fcten aufgerollt<\/h3><\/li><li  style=\"width:0;\" ><img decoding=\"async\" src=\"https:\/\/www.finser.ch\/wp-content\/uploads\/freshizer\/6d2a0338cbe8e8331338d99a7e6cb83d_02_Finser_Packaging_Sacchi_in_plastica_in_rotolo-393-c.jpg\" data-at2x=\"https:\/\/www.finser.ch\/wp-content\/uploads\/freshizer\/6d2a0338cbe8e8331338d99a7e6cb83d_02_Finser_Packaging_Sacchi_in_plastica_in_rotolo-393-c@2x.jpg\" alt=\"\" \/><h3 class=\"slider-caption\">Plastikt\u00fcten aufgerollt<\/h3><\/li><li  style=\"width:0;\" ><img decoding=\"async\" src=\"https:\/\/www.finser.ch\/wp-content\/uploads\/freshizer\/1a8890154e71e95b7bed30f300c711c6_03_Finser_Packaging_Sacchi_in_plastica_in_rotolo-393-c.jpg\" data-at2x=\"https:\/\/www.finser.ch\/wp-content\/uploads\/freshizer\/1a8890154e71e95b7bed30f300c711c6_03_Finser_Packaging_Sacchi_in_plastica_in_rotolo-393-c@2x.jpg\" alt=\"\" \/><h3 class=\"slider-caption\">Plastikt\u00fcten aufgerollt<\/h3><\/li><li  style=\"width:0;\" ><img decoding=\"async\" src=\"https:\/\/www.finser.ch\/wp-content\/uploads\/freshizer\/854d715e2b279ac2ec7f5f45d2289a81_04_Finser_Packaging_Sacchi_in_plastica_in_rotolo-393-c.jpg\" data-at2x=\"https:\/\/www.finser.ch\/wp-content\/uploads\/freshizer\/854d715e2b279ac2ec7f5f45d2289a81_04_Finser_Packaging_Sacchi_in_plastica_in_rotolo-393-c@2x.jpg\" alt=\"\" \/><h3 class=\"slider-caption\">Plastikt\u00fcten aufgerollt<\/h3><\/li><\/ul><\/div><\/div><\/div><div class=\"wpb_column vc_column_container vc_col-sm-4\"><div class=\"wpb_wrapper\"><h2  style=\"text-align:center;\" >Vakuumbeutel vakuumverpackt<\/h2><div class=\"photo_slider-1 \" style=\"\"><ul><li  style=\"width:0;\" ><img decoding=\"async\" src=\"https:\/\/www.finser.ch\/wp-content\/uploads\/freshizer\/b946d4e5c8da4d0c690210b601811f2b_01_Finser_Packaging_Sacchi_vacuum_sottovuoto-393-c.jpg\" data-at2x=\"https:\/\/www.finser.ch\/wp-content\/uploads\/freshizer\/b946d4e5c8da4d0c690210b601811f2b_01_Finser_Packaging_Sacchi_vacuum_sottovuoto-393-c@2x.jpg\" alt=\"\" \/><h3 class=\"slider-caption\">Vakuumbeutel vakuumverpackt<\/h3><\/li><li  style=\"width:0;\" ><img decoding=\"async\" src=\"https:\/\/www.finser.ch\/wp-content\/uploads\/freshizer\/3473176c68ebb0d1542aa09870b5b3ac_02_Finser_Packaging_Sacchi_vacuum_sottovuoto-393-c.jpg\" data-at2x=\"https:\/\/www.finser.ch\/wp-content\/uploads\/freshizer\/3473176c68ebb0d1542aa09870b5b3ac_02_Finser_Packaging_Sacchi_vacuum_sottovuoto-393-c@2x.jpg\" alt=\"\" \/><h3 class=\"slider-caption\">Vakuumbeutel vakuumverpackt<\/h3><\/li><\/ul><\/div><\/div><\/div><\/div><div class=\"vc_row wpb_row vc_row-fluid\"><div class=\"wpb_column vc_column_container vc_col-sm-4\"><div class=\"wpb_wrapper\"><h2  style=\"text-align:center;\" >Kunststoffbeutel<\/h2><div class=\"photo_slider-1 \" style=\"\"><ul><li  style=\"width:0;\" ><img decoding=\"async\" src=\"https:\/\/www.finser.ch\/wp-content\/uploads\/freshizer\/94a0c9c0fba12f17befe79b7bd90bc69_01_Finser_Packaging_Sacchi_in_plastica_Shopper-393-c.jpg\" data-at2x=\"https:\/\/www.finser.ch\/wp-content\/uploads\/freshizer\/94a0c9c0fba12f17befe79b7bd90bc69_01_Finser_Packaging_Sacchi_in_plastica_Shopper-393-c@2x.jpg\" alt=\"\" \/><h3 class=\"slider-caption\">Kunststoffbeutel Shopper<\/h3><\/li><li  style=\"width:0;\" ><img decoding=\"async\" src=\"https:\/\/www.finser.ch\/wp-content\/uploads\/freshizer\/0fc10cb0de56199430de40b644aae6a6_02_Finser_Packaging_Sacchetti_ermetici_con_zip-393-c.jpg\" data-at2x=\"https:\/\/www.finser.ch\/wp-content\/uploads\/freshizer\/0fc10cb0de56199430de40b644aae6a6_02_Finser_Packaging_Sacchetti_ermetici_con_zip-393-c@2x.jpg\" alt=\"\" \/><h3 class=\"slider-caption\">Luftdichte Beutel mit Reissverschluss<\/h3><\/li><li  style=\"width:0;\" ><img decoding=\"async\" src=\"https:\/\/www.finser.ch\/wp-content\/uploads\/freshizer\/5673e782b61a536607f27be817726761_03_Finser_Packaging_Grandi_sacchi_in_plastica-393-c.jpg\" data-at2x=\"https:\/\/www.finser.ch\/wp-content\/uploads\/freshizer\/5673e782b61a536607f27be817726761_03_Finser_Packaging_Grandi_sacchi_in_plastica-393-c@2x.jpg\" alt=\"\" \/><h3 class=\"slider-caption\">Grosse Plastikt\u00fcten<\/h3><\/li><\/ul><\/div><\/div><\/div><div class=\"wpb_column vc_column_container vc_col-sm-4\"><div class=\"wpb_wrapper\"><h2  style=\"text-align:center;\" >Plastikfolien<\/h2><div class=\"photo_slider-1 no-slider-nav\" style=\"\"><ul><li  style=\"width:0;\" ><img decoding=\"async\" src=\"https:\/\/www.finser.ch\/wp-content\/uploads\/freshizer\/9002e34295a1f8c96fc7864031136af4_01_Finser_Packaging_Film_estensibili-393-c.jpg\" data-at2x=\"https:\/\/www.finser.ch\/wp-content\/uploads\/freshizer\/9002e34295a1f8c96fc7864031136af4_01_Finser_Packaging_Film_estensibili-393-c@2x.jpg\" alt=\"\" \/><h3 class=\"slider-caption\">Dehnbare Folien<\/h3><\/li><\/ul><\/div><\/div><\/div><div class=\"wpb_column vc_column_container vc_col-sm-4\"><div class=\"wpb_wrapper\"><h2  style=\"text-align:center;\" >Deckfolien f\u00fcr Landwirtschaft und biologisch abbaubare Deckfolien<\/h2><div class=\"photo_slider-1 \" style=\"\"><ul><li  style=\"width:0;\" ><img decoding=\"async\" src=\"https:\/\/www.finser.ch\/wp-content\/uploads\/freshizer\/052a165a722ca02c7f958202995a0f1b_01_Finser_Packaging_coperture_per_agrcoltura_biodegradabili-393-c.jpg\" data-at2x=\"https:\/\/www.finser.ch\/wp-content\/uploads\/freshizer\/052a165a722ca02c7f958202995a0f1b_01_Finser_Packaging_coperture_per_agrcoltura_biodegradabili-393-c@2x.jpg\" alt=\"\" \/><h3 class=\"slider-caption\">Biologisch abbaubare Deckfolien f\u00fcr die Landwirtschaft<\/h3><\/li><li  style=\"width:0;\" ><img decoding=\"async\" src=\"https:\/\/www.finser.ch\/wp-content\/uploads\/freshizer\/88cc4f25d3b6f0d1c197ea1eb4b12f11_02_Finser_Packaging_Copertura_per_agricoltura_in_vlies-393-c.jpg\" data-at2x=\"https:\/\/www.finser.ch\/wp-content\/uploads\/freshizer\/88cc4f25d3b6f0d1c197ea1eb4b12f11_02_Finser_Packaging_Copertura_per_agricoltura_in_vlies-393-c@2x.jpg\" alt=\"\" \/><h3 class=\"slider-caption\">Deckfolien f\u00fcr die Landwirtschaft in Vliesstoff<\/h3><\/li><\/ul><\/div><\/div><\/div><\/div><div class=\"vc_row wpb_row vc_row-fluid\"><div class=\"wpb_column vc_column_container vc_col-sm-4\"><div class=\"wpb_wrapper\"><h2  style=\"text-align:center;\" >Pluriball<\/h2><div class=\"photo_slider-1 no-slider-nav\" style=\"\"><ul><li  style=\"width:0;\" ><img decoding=\"async\" src=\"https:\/\/www.finser.ch\/wp-content\/uploads\/freshizer\/dc37cfbb6af3bb9cd62de35a17369b6a_01_Finser_Packaging_Pluriball-393-c.jpg\" data-at2x=\"https:\/\/www.finser.ch\/wp-content\/uploads\/freshizer\/dc37cfbb6af3bb9cd62de35a17369b6a_01_Finser_Packaging_Pluriball-393-c@2x.jpg\" alt=\"\" \/><h3 class=\"slider-caption\">Pluriball<\/h3><\/li><\/ul><\/div><\/div><\/div><div class=\"wpb_column vc_column_container vc_col-sm-4\"><div class=\"wpb_wrapper\"><\/div><\/div><div class=\"wpb_column vc_column_container vc_col-sm-4\"><div class=\"wpb_wrapper\"><\/div><\/div><\/div>\n","protected":false},"excerpt":{"rendered":"Bag-in-box S\u00e4ckeBag-in-box S\u00e4ckeBag-in-box S\u00e4ckePlastikt\u00fcten aufgerolltPlastikt\u00fcten aufgerolltPlastikt\u00fcten aufgerolltPlastikt\u00fcten aufgerolltPlastikt\u00fcten aufgerolltVakuumbeutel vakuumverpacktVakuumbeutel vakuumverpacktVakuumbeutel vakuumverpacktKunststoffbeutelKunststoffbeutel ShopperLuftdichte Beutel mit ReissverschlussGrosse Plastikt\u00fctenPlastikfolienDehnbare FolienDeckfolien f\u00fcr Landwirtschaft und biologisch abbaubare DeckfolienBiologisch abbaubare Deckfolien f\u00fcr die LandwirtschaftDeckfolien f\u00fcr die Landwirtschaft in VliesstoffPluriballPluriball","protected":false},"author":1,"featured_media":0,"parent":0,"menu_order":0,"comment_status":"open","ping_status":"closed","template":"","meta":{"footnotes":""},"class_list":["post-7087","page","type-page","status-publish","hentry"],"_links":{"self":[{"href":"https:\/\/www.finser.ch\/de\/wp-json\/wp\/v2\/pages\/7087","targetHints":{"allow":["GET"]}}],"collection":[{"href":"https:\/\/www.finser.ch\/de\/wp-json\/wp\/v2\/pages"}],"about":[{"href":"https:\/\/www.finser.ch\/de\/wp-json\/wp\/v2\/types\/page"}],"author":[{"embeddable":true,"href":"https:\/\/www.finser.ch\/de\/wp-json\/wp\/v2\/users\/1"}],"replies":[{"embeddable":true,"href":"https:\/\/www.finser.ch\/de\/wp-json\/wp\/v2\/comments?post=7087"}],"version-history":[{"count":5,"href":"https:\/\/www.finser.ch\/de\/wp-json\/wp\/v2\/pages\/7087\/revisions"}],"predecessor-version":[{"id":7265,"href":"https:\/\/www.finser.ch\/de\/wp-json\/wp\/v2\/pages\/7087\/revisions\/7265"}],"wp:attachment":[{"href":"https:\/\/www.finser.ch\/de\/wp-json\/wp\/v2\/media?parent=7087"}],"curies":[{"name":"wp","href":"https:\/\/api.w.org\/{rel}","templated":true}]}}