{"id":7060,"date":"2015-09-03T09:54:27","date_gmt":"2015-09-03T09:54:27","guid":{"rendered":"http:\/\/www.finser.ch\/de\/produkte\/imballaggi-in-carta-e-cartone-ondulato\/"},"modified":"2023-03-06T12:36:12","modified_gmt":"2023-03-06T11:36:12","slug":"verpackungen-aus-papier-und-pappe","status":"publish","type":"page","link":"https:\/\/www.finser.ch\/de\/verpackungen-aus-papier-und-pappe\/","title":{"rendered":"Verpackungen aus Papier und Pappe"},"content":{"rendered":"<div class=\"vc_row wpb_row vc_row-fluid\"><div class=\"wpb_column vc_column_container vc_col-sm-4\"><div class=\"wpb_wrapper\"><h2  style=\"text-align:center;\" >Verpackungen aus Wellpappe<\/h2><div class=\"photo_slider-1 \" style=\"\"><ul><li  style=\"width:0;\" ><img decoding=\"async\" src=\"https:\/\/www.finser.ch\/wp-content\/uploads\/freshizer\/a4602985e011a71f9def0bc564271e82_01_Finser_Packaging_Scatola_in_cartone_ondulato-393-c.jpg\" data-at2x=\"https:\/\/www.finser.ch\/wp-content\/uploads\/freshizer\/a4602985e011a71f9def0bc564271e82_01_Finser_Packaging_Scatola_in_cartone_ondulato-393-c@2x.jpg\" alt=\"\" \/><h3 class=\"slider-caption\">Faltschachtel aus Wellpappe zum Aufbau<\/h3><\/li><li  style=\"width:0;\" ><img decoding=\"async\" src=\"https:\/\/www.finser.ch\/wp-content\/uploads\/freshizer\/7a7a2008ea43bf63a229d9187d558189_02_Finser_Packaging_Fustellato_automontante_in_cartone_ondulato-393-c.jpg\" data-at2x=\"https:\/\/www.finser.ch\/wp-content\/uploads\/freshizer\/7a7a2008ea43bf63a229d9187d558189_02_Finser_Packaging_Fustellato_automontante_in_cartone_ondulato-393-c@2x.jpg\" alt=\"\" \/><h3 class=\"slider-caption\">Faltschachtel aus Wellpappe zum Aufbau<\/h3><\/li><li  style=\"width:0;\" ><img decoding=\"async\" src=\"https:\/\/www.finser.ch\/wp-content\/uploads\/freshizer\/e0682ee5fe85ae88f72d3fa06f8f0b16_03_Finser_Packaging_Fustellato_automontante_in_cartone_ondulato-393-c.jpg\" data-at2x=\"https:\/\/www.finser.ch\/wp-content\/uploads\/freshizer\/e0682ee5fe85ae88f72d3fa06f8f0b16_03_Finser_Packaging_Fustellato_automontante_in_cartone_ondulato-393-c@2x.jpg\" alt=\"\" \/><h3 class=\"slider-caption\">Faltschachtel aus Wellpappe zum Aufbau<\/h3><\/li><li  style=\"width:0;\" ><img decoding=\"async\" src=\"https:\/\/www.finser.ch\/wp-content\/uploads\/freshizer\/6e6d95cc41ea517a77afc876b8b75be1_04_Finser_Packaging_Fustellato_automontante_in_cartone_ondulato-393-c.jpg\" data-at2x=\"https:\/\/www.finser.ch\/wp-content\/uploads\/freshizer\/6e6d95cc41ea517a77afc876b8b75be1_04_Finser_Packaging_Fustellato_automontante_in_cartone_ondulato-393-c@2x.jpg\" alt=\"\" \/><h3 class=\"slider-caption\">Faltschachtel aus Wellpappe zum Aufbau<\/h3><\/li><li  style=\"width:0;\" ><img decoding=\"async\" src=\"https:\/\/www.finser.ch\/wp-content\/uploads\/freshizer\/1d8c292e2ab2317d17220107b69f06e5_05_Finser_Packaging_Scatola_in_cartone_ondulato-393-c.jpg\" data-at2x=\"https:\/\/www.finser.ch\/wp-content\/uploads\/freshizer\/1d8c292e2ab2317d17220107b69f06e5_05_Finser_Packaging_Scatola_in_cartone_ondulato-393-c@2x.jpg\" alt=\"\" \/><h3 class=\"slider-caption\">Schachtel aus Wellpappe<\/h3><\/li><li  style=\"width:0;\" ><img decoding=\"async\" src=\"https:\/\/www.finser.ch\/wp-content\/uploads\/freshizer\/28db8579ed26e4a781127030e9adf4d5_06_Finser_Packaging_Scatola_in_cartone_ondulato-393-c.jpg\" data-at2x=\"https:\/\/www.finser.ch\/wp-content\/uploads\/freshizer\/28db8579ed26e4a781127030e9adf4d5_06_Finser_Packaging_Scatola_in_cartone_ondulato-393-c@2x.jpg\" alt=\"\" \/><h3 class=\"slider-caption\">Schachtel aus Wellpappe<\/h3><\/li><li  style=\"width:0;\" ><img decoding=\"async\" src=\"https:\/\/www.finser.ch\/wp-content\/uploads\/freshizer\/4b06786700168b2f4790f02025f30bd0_07_Finser_Packaging_Scatola_in_cartone_ondulato-393-c.jpg\" data-at2x=\"https:\/\/www.finser.ch\/wp-content\/uploads\/freshizer\/4b06786700168b2f4790f02025f30bd0_07_Finser_Packaging_Scatola_in_cartone_ondulato-393-c@2x.jpg\" alt=\"\" \/><h3 class=\"slider-caption\">Schachtel aus Wellpappe<\/h3><\/li><\/ul><\/div><\/div><\/div><div class=\"wpb_column vc_column_container vc_col-sm-4\"><div class=\"wpb_wrapper\"><h2  style=\"text-align:center;\" >Obst-\/Gem\u00fcsesteigen und -kartons<\/h2><div class=\"photo_slider-1 \" style=\"\"><ul><li  style=\"width:0;\" ><img decoding=\"async\" src=\"https:\/\/www.finser.ch\/wp-content\/uploads\/freshizer\/9ff13cfc3b0e3072fe7770c892b9e098_01_Finser_Packaging_Plaform_e_plateaux_per_ortofrutta_40x30-393-c.jpg\" data-at2x=\"https:\/\/www.finser.ch\/wp-content\/uploads\/freshizer\/9ff13cfc3b0e3072fe7770c892b9e098_01_Finser_Packaging_Plaform_e_plateaux_per_ortofrutta_40x30-393-c@2x.jpg\" alt=\"\" \/><h3 class=\"slider-caption\">Paraffinierte Kartons und Steigen f\u00fcr Obst und Gem\u00fcse 40x30<\/h3><\/li><li  style=\"width:0;\" ><img decoding=\"async\" src=\"https:\/\/www.finser.ch\/wp-content\/uploads\/freshizer\/d863d5432bc4e0db804778ab2099f57a_02_Finser_Packaging_Plaform_e_plateaux_per_ortofrutta_40x30-393-c.jpg\" data-at2x=\"https:\/\/www.finser.ch\/wp-content\/uploads\/freshizer\/d863d5432bc4e0db804778ab2099f57a_02_Finser_Packaging_Plaform_e_plateaux_per_ortofrutta_40x30-393-c@2x.jpg\" alt=\"\" \/><h3 class=\"slider-caption\">Paraffinierte Kartons und Steigen f\u00fcr Obst und Gem\u00fcse 40x30<\/h3><\/li><li  style=\"width:0;\" ><img decoding=\"async\" src=\"https:\/\/www.finser.ch\/wp-content\/uploads\/freshizer\/4af4baedb0a597ccaf0e4cea4974a987_03_Finser_Packaging_Plaform_e_plateaux_per_ortofrutta_40x30-393-c.jpg\" data-at2x=\"https:\/\/www.finser.ch\/wp-content\/uploads\/freshizer\/4af4baedb0a597ccaf0e4cea4974a987_03_Finser_Packaging_Plaform_e_plateaux_per_ortofrutta_40x30-393-c@2x.jpg\" alt=\"\" \/><h3 class=\"slider-caption\">Paraffinierte Kartons und Steigen f\u00fcr Obst und Gem\u00fcse 40x30<\/h3><\/li><li  style=\"width:0;\" ><img decoding=\"async\" src=\"https:\/\/www.finser.ch\/wp-content\/uploads\/freshizer\/db34f549665e1d5f0ec2f215739b855b_04_Finser_Packaging_Plaform_e_plateaux_per_ortofrutta_40x30-393-c.jpg\" data-at2x=\"https:\/\/www.finser.ch\/wp-content\/uploads\/freshizer\/db34f549665e1d5f0ec2f215739b855b_04_Finser_Packaging_Plaform_e_plateaux_per_ortofrutta_40x30-393-c@2x.jpg\" alt=\"\" \/><h3 class=\"slider-caption\">Paraffinierte Kartons und Steigen f\u00fcr Obst und Gem\u00fcse 40x30<\/h3><\/li><li  style=\"width:0;\" ><img decoding=\"async\" src=\"https:\/\/www.finser.ch\/wp-content\/uploads\/freshizer\/be47d178e053ab699ff06d5790b8ca05_05_Finser_Packaging_Plaform_e_plateaux_per_ortofrutta_60x40-393-c.jpg\" data-at2x=\"https:\/\/www.finser.ch\/wp-content\/uploads\/freshizer\/be47d178e053ab699ff06d5790b8ca05_05_Finser_Packaging_Plaform_e_plateaux_per_ortofrutta_60x40-393-c@2x.jpg\" alt=\"\" \/><h3 class=\"slider-caption\">Paraffinierte Kartons und Steigen f\u00fcr Obst und Gem\u00fcse 60x40<\/h3><\/li><li  style=\"width:0;\" ><img decoding=\"async\" src=\"https:\/\/www.finser.ch\/wp-content\/uploads\/freshizer\/59963c15ae696405463542cbffe2db93_06_Finser_Packaging_Plaform_e_plateaux_per_ortofrutta_60x40-393-c.jpg\" data-at2x=\"https:\/\/www.finser.ch\/wp-content\/uploads\/freshizer\/59963c15ae696405463542cbffe2db93_06_Finser_Packaging_Plaform_e_plateaux_per_ortofrutta_60x40-393-c@2x.jpg\" alt=\"\" \/><h3 class=\"slider-caption\">Paraffinierte Kartons und Steigen f\u00fcr Obst und Gem\u00fcse 60x40<\/h3><\/li><li  style=\"width:0;\" ><img decoding=\"async\" src=\"https:\/\/www.finser.ch\/wp-content\/uploads\/freshizer\/87d2f45dc2ebec01ba1d5f940cbfade9_07_Finser_Packaging_Plaform_e_plateaux_per_ortofrutta_60x40-393-c.jpg\" data-at2x=\"https:\/\/www.finser.ch\/wp-content\/uploads\/freshizer\/87d2f45dc2ebec01ba1d5f940cbfade9_07_Finser_Packaging_Plaform_e_plateaux_per_ortofrutta_60x40-393-c@2x.jpg\" alt=\"\" \/><h3 class=\"slider-caption\">Paraffinierte Kartons und Steigen f\u00fcr Obst und Gem\u00fcse 60x40<\/h3><\/li><li  style=\"width:0;\" ><img decoding=\"async\" src=\"https:\/\/www.finser.ch\/wp-content\/uploads\/freshizer\/ca99072567d4bf702a89d1b88e30cd75_08_Finser_Packaging_Plaform_e_plateaux_per_ortofrutta_60x40-393-c.jpg\" data-at2x=\"https:\/\/www.finser.ch\/wp-content\/uploads\/freshizer\/ca99072567d4bf702a89d1b88e30cd75_08_Finser_Packaging_Plaform_e_plateaux_per_ortofrutta_60x40-393-c@2x.jpg\" alt=\"\" \/><h3 class=\"slider-caption\">Paraffinierte Kartons und Steigen f\u00fcr Obst und Gem\u00fcse 60x40<\/h3><\/li><\/ul><\/div><\/div><\/div><div class=\"wpb_column vc_column_container vc_col-sm-4\"><div class=\"wpb_wrapper\"><h2  style=\"text-align:center;\" >Bag in box<\/h2><div class=\"photo_slider-1 \" style=\"\"><ul><li  style=\"width:0;\" ><img decoding=\"async\" src=\"https:\/\/www.finser.ch\/wp-content\/uploads\/freshizer\/b99b8183f338bcd5c6ededa586c8a025_01_Finser_Packaging-393-c.jpg\" data-at2x=\"https:\/\/www.finser.ch\/wp-content\/uploads\/freshizer\/b99b8183f338bcd5c6ededa586c8a025_01_Finser_Packaging-393-c@2x.jpg\" alt=\"\" \/><h3 class=\"slider-caption\">Bag-in-box Karton  5 L.<\/h3><\/li><li  style=\"width:0;\" ><img decoding=\"async\" src=\"https:\/\/www.finser.ch\/wp-content\/uploads\/freshizer\/305ddcd0a9cb341a38c9617fece1a17f_02_Finser_Packaging-393-c.jpg\" data-at2x=\"https:\/\/www.finser.ch\/wp-content\/uploads\/freshizer\/305ddcd0a9cb341a38c9617fece1a17f_02_Finser_Packaging-393-c@2x.jpg\" alt=\"\" \/><h3 class=\"slider-caption\">Bag-in-box Karton  5 L.<\/h3><\/li><li  style=\"width:0;\" ><img decoding=\"async\" src=\"https:\/\/www.finser.ch\/wp-content\/uploads\/freshizer\/b0866be5ee9c8fe7ec991fa01a136926_03_Finser_Packaging-393-c.jpg\" data-at2x=\"https:\/\/www.finser.ch\/wp-content\/uploads\/freshizer\/b0866be5ee9c8fe7ec991fa01a136926_03_Finser_Packaging-393-c@2x.jpg\" alt=\"\" \/><h3 class=\"slider-caption\">Bag-in-box Karton  10 L.<\/h3><\/li><li  style=\"width:0;\" ><img decoding=\"async\" src=\"https:\/\/www.finser.ch\/wp-content\/uploads\/freshizer\/7c5f9b911e0246eae97a2157fb09ba06_04_Finser_Packaging-393-c.jpg\" data-at2x=\"https:\/\/www.finser.ch\/wp-content\/uploads\/freshizer\/7c5f9b911e0246eae97a2157fb09ba06_04_Finser_Packaging-393-c@2x.jpg\" alt=\"\" \/><h3 class=\"slider-caption\">Bag-in-box Karton  10 L.<\/h3><\/li><li  style=\"width:0;\" ><img decoding=\"async\" src=\"https:\/\/www.finser.ch\/wp-content\/uploads\/freshizer\/dab85110f1ce85b204740a6c7c0c4b58_05_Finser_Packaging-393-c.jpg\" data-at2x=\"https:\/\/www.finser.ch\/wp-content\/uploads\/freshizer\/dab85110f1ce85b204740a6c7c0c4b58_05_Finser_Packaging-393-c@2x.jpg\" alt=\"\" \/><h3 class=\"slider-caption\">Bag-in-box Karton  10 L.<\/h3><\/li><\/ul><\/div><\/div><\/div><\/div><div class=\"vc_row wpb_row vc_row-fluid\"><div class=\"wpb_column vc_column_container vc_col-sm-4\"><div class=\"wpb_wrapper\"><h2  style=\"text-align:center;\" >Schalen, K\u00f6rbchen und Sch\u00e4lchen aus Vollpappe<\/h2><div class=\"photo_slider-1 \" style=\"\"><ul><li  style=\"width:0;\" ><img decoding=\"async\" src=\"https:\/\/www.finser.ch\/wp-content\/uploads\/freshizer\/ca6c502d32750fe7dca680732653a7f7_vaschetta-lamponi-1x1-1-393-c.jpg\" data-at2x=\"https:\/\/www.finser.ch\/wp-content\/uploads\/freshizer\/ca6c502d32750fe7dca680732653a7f7_vaschetta-lamponi-1x1-1-393-c@2x.jpg\" alt=\"\" \/><h3 class=\"slider-caption\">K\u00f6rbchen aus Vollpappe f\u00fcr kleine Fr\u00fcchte<\/h3><\/li><li  style=\"width:0;\" ><img decoding=\"async\" src=\"https:\/\/www.finser.ch\/wp-content\/uploads\/freshizer\/1fae22063c89164b5b763f4bf463a864_mirtlli-393-c.jpg\" data-at2x=\"https:\/\/www.finser.ch\/wp-content\/uploads\/freshizer\/1fae22063c89164b5b763f4bf463a864_mirtlli-393-c@2x.jpg\" alt=\"\" \/><h3 class=\"slider-caption\">K\u00f6rbchen aus Vollpappe f\u00fcr kleine Fr\u00fcchte<\/h3><\/li><li  style=\"width:0;\" ><img decoding=\"async\" src=\"https:\/\/www.finser.ch\/wp-content\/uploads\/freshizer\/7cc9198745063c4497236c063de1587d_02_Finser_Packaging_Vaschette_in_cartoncino_per_ortofruta-393-c.jpg\" data-at2x=\"https:\/\/www.finser.ch\/wp-content\/uploads\/freshizer\/7cc9198745063c4497236c063de1587d_02_Finser_Packaging_Vaschette_in_cartoncino_per_ortofruta-393-c@2x.jpg\" alt=\"\" \/><h3 class=\"slider-caption\">Sch\u00e4lchen aus Pappe f\u00fcr Obst und Gem\u00fcse<\/h3><\/li><li  style=\"width:0;\" ><img decoding=\"async\" src=\"https:\/\/www.finser.ch\/wp-content\/uploads\/freshizer\/81f0eb73ef44f43292f031cec387f8f7_03_Finser_Packaging_Vaschette_finestrate_per_ortofrutta-393-c.jpg\" data-at2x=\"https:\/\/www.finser.ch\/wp-content\/uploads\/freshizer\/81f0eb73ef44f43292f031cec387f8f7_03_Finser_Packaging_Vaschette_finestrate_per_ortofrutta-393-c@2x.jpg\" alt=\"\" \/><h3 class=\"slider-caption\">Sch\u00e4lchen mit Fenster f\u00fcr Obst und Gem\u00fcse<\/h3><\/li><li  style=\"width:0;\" ><img decoding=\"async\" src=\"https:\/\/www.finser.ch\/wp-content\/uploads\/freshizer\/1e6078b4278200bd4e9ef58db407f8c5_04_Finser_Packaging_Cestelli_in_cartoncino_teso_per_piccoli_frutti-393-c.jpg\" data-at2x=\"https:\/\/www.finser.ch\/wp-content\/uploads\/freshizer\/1e6078b4278200bd4e9ef58db407f8c5_04_Finser_Packaging_Cestelli_in_cartoncino_teso_per_piccoli_frutti-393-c@2x.jpg\" alt=\"\" \/><h3 class=\"slider-caption\">K\u00f6rbchen aus Vollpappe f\u00fcr kleine Fr\u00fcchte<\/h3><\/li><li  style=\"width:0;\" ><img decoding=\"async\" src=\"https:\/\/www.finser.ch\/wp-content\/uploads\/freshizer\/818e34cab98ac5acbcee368afb9ef58b_05_Finser_Packaging_Cestelli_in_cartoncino_teso_per_piccoli_frutti-393-c.jpg\" data-at2x=\"https:\/\/www.finser.ch\/wp-content\/uploads\/freshizer\/818e34cab98ac5acbcee368afb9ef58b_05_Finser_Packaging_Cestelli_in_cartoncino_teso_per_piccoli_frutti-393-c@2x.jpg\" alt=\"\" \/><h3 class=\"slider-caption\">K\u00f6rbchen aus Vollpappe f\u00fcr kleine Fr\u00fcchte<\/h3><\/li><li  style=\"width:0;\" ><img decoding=\"async\" src=\"https:\/\/www.finser.ch\/wp-content\/uploads\/freshizer\/ee0d24469eddea4820f30496033dbd23_06_Finser_Packaging_Cestelli_in_cartoncino_teso_per_piccoli_frutti-393-c.jpg\" data-at2x=\"https:\/\/www.finser.ch\/wp-content\/uploads\/freshizer\/ee0d24469eddea4820f30496033dbd23_06_Finser_Packaging_Cestelli_in_cartoncino_teso_per_piccoli_frutti-393-c@2x.jpg\" alt=\"\" \/><h3 class=\"slider-caption\">K\u00f6rbchen aus Vollpappe f\u00fcr kleine Fr\u00fcchte<\/h3><\/li><li  style=\"width:0;\" ><img decoding=\"async\" src=\"https:\/\/www.finser.ch\/wp-content\/uploads\/freshizer\/e4121c59f36e3264ef277c06c1032b45_01_Finser_Packaging_Vaschetta_in_cartoncino_per-ortofrutta-393-c.jpg\" data-at2x=\"https:\/\/www.finser.ch\/wp-content\/uploads\/freshizer\/e4121c59f36e3264ef277c06c1032b45_01_Finser_Packaging_Vaschetta_in_cartoncino_per-ortofrutta-393-c@2x.jpg\" alt=\"\" \/><h3 class=\"slider-caption\">Sch\u00e4lchen aus Pappe f\u00fcr Obst und Gem\u00fcse<\/h3><\/li><li  style=\"width:0;\" ><img decoding=\"async\" src=\"https:\/\/www.finser.ch\/wp-content\/uploads\/freshizer\/e086cb162f0f70c8da580aa9fcc9b4b1_02_Finser_Packaging_Cestello_in_cartoncino_teso-393-c.jpg\" data-at2x=\"https:\/\/www.finser.ch\/wp-content\/uploads\/freshizer\/e086cb162f0f70c8da580aa9fcc9b4b1_02_Finser_Packaging_Cestello_in_cartoncino_teso-393-c@2x.jpg\" alt=\"\" \/><h3 class=\"slider-caption\">Cestello in cartoncino teso<\/h3><\/li><li  style=\"width:0;\" ><img decoding=\"async\" src=\"https:\/\/www.finser.ch\/wp-content\/uploads\/freshizer\/6cf55c0e92c8838f78bfea4aca5f95fc_03_Finser_Packaging_Astuccio_in_cartoncino_teso_con_finestra-393-c.jpg\" data-at2x=\"https:\/\/www.finser.ch\/wp-content\/uploads\/freshizer\/6cf55c0e92c8838f78bfea4aca5f95fc_03_Finser_Packaging_Astuccio_in_cartoncino_teso_con_finestra-393-c@2x.jpg\" alt=\"\" \/><h3 class=\"slider-caption\">Schalen aus Vollpappe mit Fenster<\/h3><\/li><li  style=\"width:0;\" ><img decoding=\"async\" src=\"https:\/\/www.finser.ch\/wp-content\/uploads\/freshizer\/f78c4444e08f244b6717ba73551a40d7_04_Finser_Packaging_Astuccio_in_cartoncino_teso_per_industria_alimentare-393-c.jpg\" data-at2x=\"https:\/\/www.finser.ch\/wp-content\/uploads\/freshizer\/f78c4444e08f244b6717ba73551a40d7_04_Finser_Packaging_Astuccio_in_cartoncino_teso_per_industria_alimentare-393-c@2x.jpg\" alt=\"\" \/><h3 class=\"slider-caption\">Schalen aus Vollpappe f\u00fcr die Lebensmittelindustrie<\/h3><\/li><li  style=\"width:0;\" ><img decoding=\"async\" src=\"https:\/\/www.finser.ch\/wp-content\/uploads\/freshizer\/fef385e64aaa646dd1d4cf663ab29399_05_Finser_Packaging_Astuccio_in_cartoncino_teso_per_industria_alimentare-393-c.jpg\" data-at2x=\"https:\/\/www.finser.ch\/wp-content\/uploads\/freshizer\/fef385e64aaa646dd1d4cf663ab29399_05_Finser_Packaging_Astuccio_in_cartoncino_teso_per_industria_alimentare-393-c@2x.jpg\" alt=\"\" \/><h3 class=\"slider-caption\">Schalen aus Vollpappe f\u00fcr die Lebensmittelindustrie<\/h3><\/li><li  style=\"width:0;\" ><img decoding=\"async\" src=\"https:\/\/www.finser.ch\/wp-content\/uploads\/freshizer\/40706e2b93d8acff22e49afc80e3a540_01_Finser_Packaging_Vaschetta_in_cartoncino_per-ortofrutta-600x600_04-393-c.jpg\" data-at2x=\"https:\/\/www.finser.ch\/wp-content\/uploads\/freshizer\/40706e2b93d8acff22e49afc80e3a540_01_Finser_Packaging_Vaschetta_in_cartoncino_per-ortofrutta-600x600_04-393-c@2x.jpg\" alt=\"\" \/><h3 class=\"slider-caption\">Graspapierk\u00f6rbe f\u00fcr Obst und Gem\u00fcse<\/h3><\/li><\/ul><\/div><\/div><\/div><div class=\"wpb_column vc_column_container vc_col-sm-4\"><div class=\"wpb_wrapper\"><h2  style=\"text-align:center;\" >Aussteller aus Karton<\/h2><div class=\"photo_slider-1 \" style=\"\"><ul><li  style=\"width:0;\" ><img decoding=\"async\" src=\"https:\/\/www.finser.ch\/wp-content\/uploads\/freshizer\/2eaee9501ee10ed96cfa732121b507cd_01_Finser_Packaging_Espositore_in_cartone_con_carrelli-393-c.jpg\" data-at2x=\"https:\/\/www.finser.ch\/wp-content\/uploads\/freshizer\/2eaee9501ee10ed96cfa732121b507cd_01_Finser_Packaging_Espositore_in_cartone_con_carrelli-393-c@2x.jpg\" alt=\"\" \/><h3 class=\"slider-caption\">Aussteller aus Karton mit Rollgestell<\/h3><\/li><li  style=\"width:0;\" ><img decoding=\"async\" src=\"https:\/\/www.finser.ch\/wp-content\/uploads\/freshizer\/72dbb17046288e406a3553220fafbc7f_02_Finser_Packaging_Espositori_in_cartone-393-c.jpg\" data-at2x=\"https:\/\/www.finser.ch\/wp-content\/uploads\/freshizer\/72dbb17046288e406a3553220fafbc7f_02_Finser_Packaging_Espositori_in_cartone-393-c@2x.jpg\" alt=\"\" \/><h3 class=\"slider-caption\">Aussteller aus Karton<\/h3><\/li><li  style=\"width:0;\" ><img decoding=\"async\" src=\"https:\/\/www.finser.ch\/wp-content\/uploads\/freshizer\/e1381340eaef094ed681f74fc6262be6_03_Finser_Packaging_Espositori_in_cartone-393-c.jpg\" data-at2x=\"https:\/\/www.finser.ch\/wp-content\/uploads\/freshizer\/e1381340eaef094ed681f74fc6262be6_03_Finser_Packaging_Espositori_in_cartone-393-c@2x.jpg\" alt=\"\" \/><h3 class=\"slider-caption\">Aussteller aus Karton<\/h3><\/li><\/ul><\/div><\/div><\/div><div class=\"wpb_column vc_column_container vc_col-sm-4\"><div class=\"wpb_wrapper\"><h2  style=\"text-align:center;\" >Papiert\u00fcten und -t\u00fctchen<\/h2><div class=\"photo_slider-1 \" style=\"\"><ul><li  style=\"width:0;\" ><img decoding=\"async\" src=\"https:\/\/www.finser.ch\/wp-content\/uploads\/freshizer\/f48918ea76739920a4dbcdb155b40bcd_01_Finser_Packaging_Sacchi_in_carta_per_industria-393-c.jpg\" data-at2x=\"https:\/\/www.finser.ch\/wp-content\/uploads\/freshizer\/f48918ea76739920a4dbcdb155b40bcd_01_Finser_Packaging_Sacchi_in_carta_per_industria-393-c@2x.jpg\" alt=\"\" \/><h3 class=\"slider-caption\">Papiert\u00fcten f\u00fcr die Industrie<\/h3><\/li><li  style=\"width:0;\" ><img decoding=\"async\" src=\"https:\/\/www.finser.ch\/wp-content\/uploads\/freshizer\/95c6c2ccb93aab76a2790ec6fc57437f_02_Finser_Packaging_Sacchi_in_carta_per_industria-393-c.jpg\" data-at2x=\"https:\/\/www.finser.ch\/wp-content\/uploads\/freshizer\/95c6c2ccb93aab76a2790ec6fc57437f_02_Finser_Packaging_Sacchi_in_carta_per_industria-393-c@2x.jpg\" alt=\"\" \/><h3 class=\"slider-caption\">Papiert\u00fcten f\u00fcr die Industrie<\/h3><\/li><li  style=\"width:0;\" ><img decoding=\"async\" src=\"https:\/\/www.finser.ch\/wp-content\/uploads\/freshizer\/e5cbd337170c942af888e3435c71ef1b_03_Finser_Packaging_Sacchetti_in_carta-393-c.jpg\" data-at2x=\"https:\/\/www.finser.ch\/wp-content\/uploads\/freshizer\/e5cbd337170c942af888e3435c71ef1b_03_Finser_Packaging_Sacchetti_in_carta-393-c@2x.jpg\" alt=\"\" \/><h3 class=\"slider-caption\">Papiert\u00fcten<\/h3><\/li><li  style=\"width:0;\" ><img decoding=\"async\" src=\"https:\/\/www.finser.ch\/wp-content\/uploads\/freshizer\/e80c3374e1c38303d3211e42770ef163_04_Finser_Packaging_Sacchetti_in_carta-393-c.jpg\" data-at2x=\"https:\/\/www.finser.ch\/wp-content\/uploads\/freshizer\/e80c3374e1c38303d3211e42770ef163_04_Finser_Packaging_Sacchetti_in_carta-393-c@2x.jpg\" alt=\"\" \/><h3 class=\"slider-caption\">Sacchi in carta<\/h3><\/li><li  style=\"width:0;\" ><img decoding=\"async\" src=\"https:\/\/www.finser.ch\/wp-content\/uploads\/freshizer\/d0538b23d142da6780777541c6a79e62_05_Finser_Packaging_Sacchetti_in_carta-393-c.jpg\" data-at2x=\"https:\/\/www.finser.ch\/wp-content\/uploads\/freshizer\/d0538b23d142da6780777541c6a79e62_05_Finser_Packaging_Sacchetti_in_carta-393-c@2x.jpg\" alt=\"\" \/><h3 class=\"slider-caption\">Papiert\u00fcten<\/h3><\/li><li  style=\"width:0;\" ><img decoding=\"async\" src=\"https:\/\/www.finser.ch\/wp-content\/uploads\/freshizer\/7d3c8bf37a5c563ac97418066b287c58_06_Finser_Packaging_Sacchetti_in_carta-393-c.jpg\" data-at2x=\"https:\/\/www.finser.ch\/wp-content\/uploads\/freshizer\/7d3c8bf37a5c563ac97418066b287c58_06_Finser_Packaging_Sacchetti_in_carta-393-c@2x.jpg\" alt=\"\" \/><h3 class=\"slider-caption\">Papiert\u00fcten<\/h3><\/li><li  style=\"width:0;\" ><img decoding=\"async\" src=\"https:\/\/www.finser.ch\/wp-content\/uploads\/freshizer\/7c7ab385fed4ae61c888d18e6755e03a_07_Finser_Packaging_Sacchetti_in_carta-393-c.jpg\" data-at2x=\"https:\/\/www.finser.ch\/wp-content\/uploads\/freshizer\/7c7ab385fed4ae61c888d18e6755e03a_07_Finser_Packaging_Sacchetti_in_carta-393-c@2x.jpg\" alt=\"\" \/><h3 class=\"slider-caption\">Papiert\u00fcten<\/h3><\/li><li  style=\"width:0;\" ><img decoding=\"async\" src=\"https:\/\/www.finser.ch\/wp-content\/uploads\/freshizer\/5924fb13faa01c538a64280a4be3b5bc_08_Finser_Packaging_Sacchetti_in_carta-393-c.jpg\" data-at2x=\"https:\/\/www.finser.ch\/wp-content\/uploads\/freshizer\/5924fb13faa01c538a64280a4be3b5bc_08_Finser_Packaging_Sacchetti_in_carta-393-c@2x.jpg\" alt=\"\" \/><h3 class=\"slider-caption\">Papiert\u00fcten<\/h3><\/li><\/ul><\/div><\/div><\/div><\/div><div class=\"vc_row wpb_row vc_row-fluid\"><div class=\"wpb_column vc_column_container vc_col-sm-4\"><div class=\"wpb_wrapper\"><h2  style=\"text-align:center;\" >Sonstige Verpackungen<\/h2><div class=\"photo_slider-1 \" style=\"\"><ul><li  style=\"width:0;\" ><img decoding=\"async\" src=\"https:\/\/www.finser.ch\/wp-content\/uploads\/freshizer\/6899bb2b1711809931b4f72ddbcd89da_01_Finser_Packaging_Astucci_cartoncino_teso-393-c.jpg\" data-at2x=\"https:\/\/www.finser.ch\/wp-content\/uploads\/freshizer\/6899bb2b1711809931b4f72ddbcd89da_01_Finser_Packaging_Astucci_cartoncino_teso-393-c@2x.jpg\" alt=\"\" \/><h3 class=\"slider-caption\">Schalen aus Vollpappe<\/h3><\/li><li  style=\"width:0;\" ><img decoding=\"async\" src=\"https:\/\/www.finser.ch\/wp-content\/uploads\/freshizer\/6fc2456b7293e6aa71e27aaba3541036_07_Finser_Packaging_Astucci_in_cartoncino_teso_per_industria-393-c.jpg\" data-at2x=\"https:\/\/www.finser.ch\/wp-content\/uploads\/freshizer\/6fc2456b7293e6aa71e27aaba3541036_07_Finser_Packaging_Astucci_in_cartoncino_teso_per_industria-393-c@2x.jpg\" alt=\"\" \/><h3 class=\"slider-caption\">Schalen aus Vollpappe f\u00fcr die Industrie<\/h3><\/li><\/ul><\/div><\/div><\/div><div class=\"wpb_column vc_column_container vc_col-sm-4\"><div class=\"wpb_wrapper\"><h2  style=\"text-align:center;\" >Kistenbodenpapier<\/h2><div class=\"photo_slider-1 \" style=\"\"><ul><li  style=\"width:0;\" ><img decoding=\"async\" src=\"https:\/\/www.finser.ch\/wp-content\/uploads\/freshizer\/e0278b93a0402408089ff0c7d52b9e92_01_Finser_Packaging1-393-c.jpg\" data-at2x=\"https:\/\/www.finser.ch\/wp-content\/uploads\/freshizer\/e0278b93a0402408089ff0c7d52b9e92_01_Finser_Packaging1-393-c@2x.jpg\" alt=\"\" \/><h3 class=\"slider-caption\">Kistenbodenpapier<\/h3><\/li><li  style=\"width:0;\" ><img decoding=\"async\" src=\"https:\/\/www.finser.ch\/wp-content\/uploads\/freshizer\/254b58a3c0b5c2c4720815e921e7f076_02_Finser_Packaging1-393-c.jpg\" data-at2x=\"https:\/\/www.finser.ch\/wp-content\/uploads\/freshizer\/254b58a3c0b5c2c4720815e921e7f076_02_Finser_Packaging1-393-c@2x.jpg\" alt=\"\" \/><h3 class=\"slider-caption\">Kistenbodenpapier<\/h3><\/li><\/ul><\/div><\/div><\/div><div class=\"wpb_column vc_column_container vc_col-sm-4\"><div class=\"wpb_wrapper\"><\/div><\/div><\/div>\n","protected":false},"excerpt":{"rendered":"Verpackungen aus WellpappeFaltschachtel aus Wellpappe zum AufbauFaltschachtel aus Wellpappe zum AufbauFaltschachtel aus Wellpappe zum AufbauFaltschachtel aus Wellpappe zum AufbauSchachtel aus WellpappeSchachtel aus WellpappeSchachtel aus WellpappeObst-\/Gem\u00fcsesteigen und -kartonsParaffinierte Kartons und Steigen f\u00fcr Obst und Gem\u00fcse 40x30Paraffinierte Kartons und Steigen f\u00fcr Obst und Gem\u00fcse 40x30Paraffinierte Kartons und Steigen f\u00fcr Obst und Gem\u00fcse 40x30Paraffinierte Kartons und Steigen f\u00fcr [...]","protected":false},"author":1,"featured_media":0,"parent":0,"menu_order":0,"comment_status":"open","ping_status":"closed","template":"","meta":{"footnotes":""},"class_list":["post-7060","page","type-page","status-publish","hentry"],"_links":{"self":[{"href":"https:\/\/www.finser.ch\/de\/wp-json\/wp\/v2\/pages\/7060","targetHints":{"allow":["GET"]}}],"collection":[{"href":"https:\/\/www.finser.ch\/de\/wp-json\/wp\/v2\/pages"}],"about":[{"href":"https:\/\/www.finser.ch\/de\/wp-json\/wp\/v2\/types\/page"}],"author":[{"embeddable":true,"href":"https:\/\/www.finser.ch\/de\/wp-json\/wp\/v2\/users\/1"}],"replies":[{"embeddable":true,"href":"https:\/\/www.finser.ch\/de\/wp-json\/wp\/v2\/comments?post=7060"}],"version-history":[{"count":19,"href":"https:\/\/www.finser.ch\/de\/wp-json\/wp\/v2\/pages\/7060\/revisions"}],"predecessor-version":[{"id":8453,"href":"https:\/\/www.finser.ch\/de\/wp-json\/wp\/v2\/pages\/7060\/revisions\/8453"}],"wp:attachment":[{"href":"https:\/\/www.finser.ch\/de\/wp-json\/wp\/v2\/media?parent=7060"}],"curies":[{"name":"wp","href":"https:\/\/api.w.org\/{rel}","templated":true}]}}