{"id":6963,"date":"2015-11-13T10:55:17","date_gmt":"2015-11-13T10:55:17","guid":{"rendered":"http:\/\/www.finser.ch\/de\/firma\/aspetti-ambientali\/"},"modified":"2016-03-21T13:54:23","modified_gmt":"2016-03-21T12:54:23","slug":"umweltaspekte","status":"publish","type":"page","link":"https:\/\/www.finser.ch\/de\/umweltaspekte\/","title":{"rendered":"Umweltaspekte"},"content":{"rendered":"<div class=\"vc_row wpb_row vc_row-fluid\"><div class=\"wpb_column vc_column_container vc_col-sm-12\"><div class=\"wpb_wrapper\"><div class=\"\"><p>Wir legen besonders gro\u00dfen Wert auf \u00f6kologische Aspekte und m\u00f6chten die Umweltbelastung durch Verpackungen w\u00e4hrend des Marktzyklus auf ein Minimum reduzieren.<\/p>\n<p><strong>Konkret bedeutet das<\/strong>:<\/p>\n<ul>\n<li>Wir verwenden FSC- und FSC-MIX-zertifizierte Rohstoffe (sie stammen aus W\u00e4ldern, die unter Ber\u00fccksichtigung der gesellschaftlichen, finanziellen und umweltspezifischen Bed\u00fcrfnisse der heutigen und zuk\u00fcnftigen Generationen verwaltet werden)<\/li>\n<li>F\u00fcr Kunststoffverpackungen verwenden wir recycelte Rohstoffe<\/li>\n<li>Als Alternative zu Kunststoff empfehlen wir PLA (Biokunststoff)<\/li>\n<li>Wir wenden m\u00f6glichst umweltschonende Produktionsverfahren an, indem wir erneuerbare Energien einsetzen und die Restenergie zur\u00fcckgewinnen<\/li>\n<li>Um den CO2-Aussto\u00df auf ein Minimum zu reduzieren, ziehen wir den Zugtransport vor<\/li>\n<li>Wir arbeiten st\u00e4ndig neue Verpackungsstrukturen aus, um das Verh\u00e4ltnis zwischen der Quantit\u00e4t der verwendeten Rohstoffe und der Verpackungsleistung zu verbessern<\/li>\n<\/ul>\n<p>\n<\/div><\/div><\/div><\/div>\n","protected":false},"excerpt":{"rendered":"Wir legen besonders gro\u00dfen Wert auf \u00f6kologische Aspekte und m\u00f6chten die Umweltbelastung durch Verpackungen w\u00e4hrend des Marktzyklus auf ein Minimum reduzieren. Konkret bedeutet das: Wir verwenden FSC- und FSC-MIX-zertifizierte Rohstoffe (sie stammen aus W\u00e4ldern, die unter Ber\u00fccksichtigung der gesellschaftlichen, finanziellen und umweltspezifischen Bed\u00fcrfnisse der heutigen und zuk\u00fcnftigen Generationen verwaltet werden) F\u00fcr Kunststoffverpackungen verwenden wir recycelte [...]","protected":false},"author":1,"featured_media":0,"parent":0,"menu_order":0,"comment_status":"open","ping_status":"closed","template":"","meta":{"footnotes":""},"class_list":["post-6963","page","type-page","status-publish","hentry"],"_links":{"self":[{"href":"https:\/\/www.finser.ch\/de\/wp-json\/wp\/v2\/pages\/6963","targetHints":{"allow":["GET"]}}],"collection":[{"href":"https:\/\/www.finser.ch\/de\/wp-json\/wp\/v2\/pages"}],"about":[{"href":"https:\/\/www.finser.ch\/de\/wp-json\/wp\/v2\/types\/page"}],"author":[{"embeddable":true,"href":"https:\/\/www.finser.ch\/de\/wp-json\/wp\/v2\/users\/1"}],"replies":[{"embeddable":true,"href":"https:\/\/www.finser.ch\/de\/wp-json\/wp\/v2\/comments?post=6963"}],"version-history":[{"count":14,"href":"https:\/\/www.finser.ch\/de\/wp-json\/wp\/v2\/pages\/6963\/revisions"}],"predecessor-version":[{"id":7464,"href":"https:\/\/www.finser.ch\/de\/wp-json\/wp\/v2\/pages\/6963\/revisions\/7464"}],"wp:attachment":[{"href":"https:\/\/www.finser.ch\/de\/wp-json\/wp\/v2\/media?parent=6963"}],"curies":[{"name":"wp","href":"https:\/\/api.w.org\/{rel}","templated":true}]}}