{"id":6956,"date":"2014-11-27T13:34:44","date_gmt":"2014-11-27T13:34:44","guid":{"rendered":"http:\/\/www.finser.ch\/de\/display\/"},"modified":"2021-06-18T14:22:33","modified_gmt":"2021-06-18T13:22:33","slug":"display","status":"publish","type":"page","link":"https:\/\/www.finser.ch\/de\/display\/","title":{"rendered":"Display"},"content":{"rendered":"<div class=\"vc_row wpb_row vc_row-fluid\"><div class=\"wpb_column vc_column_container vc_col-sm-12\"><div class=\"wpb_wrapper\"><div class=\"\"><p>Mit der Abteilung \u201eDisplays\u201c wenden wir uns an alle Unternehmen, die sich und die eigenen Produkte auf eine innovative, ansprechende Art pr\u00e4sentieren m\u00f6chten.<br \/>\nDisplays finden immer gr\u00f6\u00dferen Einsatz, da ein im Aussteller statt im Regal pr\u00e4sentiertes Produkt die Aufmerksamkeit des Kunden viel mehr anzieht und demzufolge zu einer Verkaufssteigerung f\u00fchrt.<br \/>\nUnsere zukunftsorientierte Produktpalette umfasst auf die individuellen Bed\u00fcrfnisse zugeschnittene L\u00f6sungen und auch Standardmodelle.<\/p>\n<p>In der Planungsphase kann unser Grafikb\u00fcro ein 3D-Rendering vorbereiten, um eine sofortige, realistische Visualisierung von Struktur und Grafik zu erhalten. Dadurch k\u00f6nnen vom Kunden gew\u00fcnschte \u00c4nderungen und Verbesserungen vorgenommen werden.<br \/>\nVor Einleitung der Produktion k\u00f6nnen wir Ihre W\u00fcnsche konkretisieren, indem wir ein digital gedrucktes Muster im Ma\u00dfstab 1:1 anfertigen.<\/p>\n<p><strong>Produktpalette:<\/strong><\/p>\n<ul>\n<li>Selbsttragende Displays aus Wellpappe<\/li>\n<li>Thekendisplays aus Karton<\/li>\n<li>Displays aus beschichtetem Papier mit hoher grafischer Aufl\u00f6sung<\/li>\n<li>Shelf Ready Packaging<\/li>\n<\/ul>\n<p>\n<\/div><\/div><\/div><\/div><div class=\"vc_row wpb_row vc_row-fluid\"><div class=\"wpb_column vc_column_container vc_col-sm-4\"><div class=\"wpb_wrapper\"><div class=\"team_member \"><img decoding=\"async\" class=\"team_member_photo\" src=\"https:\/\/www.finser.ch\/wp-content\/uploads\/freshizer\/f1774c3de06a73658d9a73a2985ad7f1_FINSER_display_cover-615-c.png\" alt=\"\"><h3 class=\"team_member_title\">Display<\/h3><div class=\"team_member_description\"><p><\/p>\n<p class=\"p1\"><span class=\"s1\"><a href=\"https:\/\/www.finser.ch\/wp-content\/uploads\/2021\/06\/brevetti.pdf\" target=\"_blank\">download\u00a0pdf<\/a><\/span><\/p>\n<p><\/p><\/div><\/div><\/div><\/div><div class=\"wpb_column vc_column_container vc_col-sm-4\"><div class=\"wpb_wrapper\"><\/div><\/div><div class=\"wpb_column vc_column_container vc_col-sm-4\"><div class=\"wpb_wrapper\"><\/div><\/div><\/div><div class=\"vc_row wpb_row vc_row-fluid vc_custom_1624022550882\"><div class=\"wpb_column vc_column_container vc_col-sm-6\"><div class=\"wpb_wrapper\"><iframe loading=\"lazy\" title=\"YouTube video player\" src=\"https:\/\/www.youtube.com\/embed\/OFuRWw92mbE\" width=\"350\" height=\"196\" frameborder=\"0\" allowfullscreen=\"allowfullscreen\"><\/iframe><iframe loading=\"lazy\" title=\"YouTube video player\" src=\"https:\/\/www.youtube.com\/embed\/76Digt5Po94\" width=\"350\" height=\"196\" frameborder=\"0\" allowfullscreen=\"allowfullscreen\"><\/iframe><iframe loading=\"lazy\" title=\"YouTube video player\" src=\"https:\/\/www.youtube.com\/embed\/ltcP4MGh2IE\" width=\"350\" height=\"196\" frameborder=\"0\" allowfullscreen=\"allowfullscreen\"><\/iframe><\/div><\/div><div class=\"wpb_column vc_column_container vc_col-sm-6\"><div class=\"wpb_wrapper\"><iframe loading=\"lazy\" title=\"YouTube video player\" src=\"https:\/\/www.youtube.com\/embed\/Q5gW_Ljh1s0\" width=\"350\" height=\"196\" frameborder=\"0\" allowfullscreen=\"allowfullscreen\"><\/iframe><iframe loading=\"lazy\" title=\"YouTube video player\" src=\"https:\/\/www.youtube.com\/embed\/lwmLejaVBXQ\" width=\"350\" height=\"196\" frameborder=\"0\" allowfullscreen=\"allowfullscreen\"><\/iframe><\/div><\/div><\/div>\n","protected":false},"excerpt":{"rendered":"Mit der Abteilung \u201eDisplays\u201c wenden wir uns an alle Unternehmen, die sich und die eigenen Produkte auf eine innovative, ansprechende Art pr\u00e4sentieren m\u00f6chten. Displays finden immer gr\u00f6\u00dferen Einsatz, da ein im Aussteller statt im Regal pr\u00e4sentiertes Produkt die Aufmerksamkeit des Kunden viel mehr anzieht und demzufolge zu einer Verkaufssteigerung f\u00fchrt. Unsere zukunftsorientierte Produktpalette umfasst auf [...]","protected":false},"author":1,"featured_media":5902,"parent":0,"menu_order":0,"comment_status":"open","ping_status":"closed","template":"page-sidebar-right.php","meta":{"footnotes":""},"class_list":["post-6956","page","type-page","status-publish","has-post-thumbnail","hentry"],"_links":{"self":[{"href":"https:\/\/www.finser.ch\/de\/wp-json\/wp\/v2\/pages\/6956","targetHints":{"allow":["GET"]}}],"collection":[{"href":"https:\/\/www.finser.ch\/de\/wp-json\/wp\/v2\/pages"}],"about":[{"href":"https:\/\/www.finser.ch\/de\/wp-json\/wp\/v2\/types\/page"}],"author":[{"embeddable":true,"href":"https:\/\/www.finser.ch\/de\/wp-json\/wp\/v2\/users\/1"}],"replies":[{"embeddable":true,"href":"https:\/\/www.finser.ch\/de\/wp-json\/wp\/v2\/comments?post=6956"}],"version-history":[{"count":11,"href":"https:\/\/www.finser.ch\/de\/wp-json\/wp\/v2\/pages\/6956\/revisions"}],"predecessor-version":[{"id":8287,"href":"https:\/\/www.finser.ch\/de\/wp-json\/wp\/v2\/pages\/6956\/revisions\/8287"}],"wp:featuredmedia":[{"embeddable":true,"href":"https:\/\/www.finser.ch\/de\/wp-json\/wp\/v2\/media\/5902"}],"wp:attachment":[{"href":"https:\/\/www.finser.ch\/de\/wp-json\/wp\/v2\/media?parent=6956"}],"curies":[{"name":"wp","href":"https:\/\/api.w.org\/{rel}","templated":true}]}}