{"id":6952,"date":"2014-11-27T13:52:28","date_gmt":"2014-11-27T13:52:28","guid":{"rendered":"http:\/\/www.finser.ch\/de\/imballaggio-non-food\/"},"modified":"2016-03-09T16:07:55","modified_gmt":"2016-03-09T15:07:55","slug":"verpackung-non-food","status":"publish","type":"page","link":"https:\/\/www.finser.ch\/de\/verpackung-non-food\/","title":{"rendered":"Verpackung &quot;Non-Food&quot;"},"content":{"rendered":"<div class=\"vc_row wpb_row vc_row-fluid\"><div class=\"wpb_column vc_column_container vc_col-sm-12\"><div class=\"wpb_wrapper\"><div class=\"\"><p>Unsere Abteilung <strong>\u201cNon-Food\u201d-Industrie<\/strong> wendet sich vorwiegend an die Sektoren Elektronik, Pharmazeutik, Kosmetik, Mechanik, Bekleidung und Dienstleistungen.<\/p>\n<p><strong>Produktpalette:<\/strong><\/p>\n<ul>\n<li>Standardverpackungen und personalisierte Verpackungen<\/li>\n<li>Verpackungen aus Wellpappe<\/li>\n<li>Etuis aus Vollpappe<\/li>\n<li>Spezialverpackungen und\/oder gro\u00dfe Verpackungen<\/li>\n<li>Blisterverpackungen<\/li>\n<li>Gro\u00dfe Kunststoffbeh\u00e4lter<\/li>\n<li>Kisten aus Kunststoff und Holz<\/li>\n<li>Papier- und Kunststoffbeutel<\/li>\n<li>Displays<\/li>\n<\/ul>\n<p>Wir entwerfen und bieten auch Spezialprodukte wie beispielsweise TCP an: es handelt sich um eine patentierte Verpackung, die gew\u00e4hrleistet, dass der Inhalt \u00fcber einen Zeitraum von 48 Stunden eine Temperatur von unter 8\u00b0C beibeh\u00e4lt.<\/p>\n<\/div><\/div><\/div><\/div>\n","protected":false},"excerpt":{"rendered":"Unsere Abteilung \u201cNon-Food\u201d-Industrie wendet sich vorwiegend an die Sektoren Elektronik, Pharmazeutik, Kosmetik, Mechanik, Bekleidung und Dienstleistungen. Produktpalette: Standardverpackungen und personalisierte Verpackungen Verpackungen aus Wellpappe Etuis aus Vollpappe Spezialverpackungen und\/oder gro\u00dfe Verpackungen Blisterverpackungen Gro\u00dfe Kunststoffbeh\u00e4lter Kisten aus Kunststoff und Holz Papier- und Kunststoffbeutel Displays Wir entwerfen und bieten auch Spezialprodukte wie beispielsweise TCP an: es handelt [...]","protected":false},"author":1,"featured_media":0,"parent":0,"menu_order":0,"comment_status":"open","ping_status":"closed","template":"page-sidebar-right.php","meta":{"footnotes":""},"class_list":["post-6952","page","type-page","status-publish","hentry"],"_links":{"self":[{"href":"https:\/\/www.finser.ch\/de\/wp-json\/wp\/v2\/pages\/6952","targetHints":{"allow":["GET"]}}],"collection":[{"href":"https:\/\/www.finser.ch\/de\/wp-json\/wp\/v2\/pages"}],"about":[{"href":"https:\/\/www.finser.ch\/de\/wp-json\/wp\/v2\/types\/page"}],"author":[{"embeddable":true,"href":"https:\/\/www.finser.ch\/de\/wp-json\/wp\/v2\/users\/1"}],"replies":[{"embeddable":true,"href":"https:\/\/www.finser.ch\/de\/wp-json\/wp\/v2\/comments?post=6952"}],"version-history":[{"count":8,"href":"https:\/\/www.finser.ch\/de\/wp-json\/wp\/v2\/pages\/6952\/revisions"}],"predecessor-version":[{"id":7355,"href":"https:\/\/www.finser.ch\/de\/wp-json\/wp\/v2\/pages\/6952\/revisions\/7355"}],"wp:attachment":[{"href":"https:\/\/www.finser.ch\/de\/wp-json\/wp\/v2\/media?parent=6952"}],"curies":[{"name":"wp","href":"https:\/\/api.w.org\/{rel}","templated":true}]}}