{"id":6947,"date":"2014-11-27T13:50:43","date_gmt":"2014-11-27T13:50:43","guid":{"rendered":"http:\/\/www.finser.ch\/de\/imballaggio-food\/"},"modified":"2016-03-18T13:04:35","modified_gmt":"2016-03-18T12:04:35","slug":"verpackung-food","status":"publish","type":"page","link":"https:\/\/www.finser.ch\/de\/verpackung-food\/","title":{"rendered":"Verpackung &quot;Food&quot;"},"content":{"rendered":"<div class=\"vc_row wpb_row vc_row-fluid\"><div class=\"wpb_column vc_column_container vc_col-sm-12\"><div class=\"wpb_wrapper\"><div class=\"\"><p>Mit der Abteilung \u201e<strong>Food\u201c<\/strong>&#8211;<strong>Industrie <\/strong>wenden wir uns an die Lebensmittel-, K\u00e4se-, Fisch- und Fleischindustrie.<\/p>\n<p>Die Ausarbeitung von modernen, zweckdienlichen Verpackungen, die Entwicklung und Anfertigung von ansprechenden Grafiken und die Verwendung von innovativen, umweltfreundlichen Materialien sind nur einige der Dienstleistungen, die wir Ihnen in diesen Sektoren bieten.<\/p>\n<p><strong>Produktpalette:<\/strong><\/p>\n<ul>\n<li>Standardverpackungen und personalisierte Verpackungen<\/li>\n<li>Verpackungen aus Wellpappe<\/li>\n<li>K\u00f6rbchen aus Karton bzw. Vollpappe<\/li>\n<li>Kunststoffschalen (PP, PET bzw. PS)<\/li>\n<li>Blister<\/li>\n<li>Kunststofffolien f\u00fcr Flow-Pack, Schrumpffolie<\/li>\n<li>Bag-in-Box<\/li>\n<li>Gro\u00dfe Kunststoffbeh\u00e4lter<\/li>\n<li>Kisten aus Kunststoff und Holz<\/li>\n<li>Kunststoffbeutel<\/li>\n<li>Papiert\u00fcten<\/li>\n<li>Displays<\/li>\n<\/ul>\n<p>Unser Team verfolgt st\u00e4ndig die Trends im Zusammenhang mit den Geschm\u00e4ckern der Verbraucher, die immer gr\u00f6\u00dferen Wert auf \u00f6kologische Aspekte und die Einhaltung hygienisch-gesundheitlicher Vorschriften legen.<br \/>\nEin besonderes Augenmerk gilt dem umweltgerechten Recycling, den Lagerbed\u00fcrfnissen und den Konservierungstechniken.<\/p>\n<\/div><\/div><\/div><\/div>\n","protected":false},"excerpt":{"rendered":"Mit der Abteilung \u201eFood\u201c-Industrie wenden wir uns an die Lebensmittel-, K\u00e4se-, Fisch- und Fleischindustrie. Die Ausarbeitung von modernen, zweckdienlichen Verpackungen, die Entwicklung und Anfertigung von ansprechenden Grafiken und die Verwendung von innovativen, umweltfreundlichen Materialien sind nur einige der Dienstleistungen, die wir Ihnen in diesen Sektoren bieten. Produktpalette: Standardverpackungen und personalisierte Verpackungen Verpackungen aus Wellpappe K\u00f6rbchen [...]","protected":false},"author":1,"featured_media":0,"parent":0,"menu_order":0,"comment_status":"open","ping_status":"closed","template":"page-sidebar-right.php","meta":{"footnotes":""},"class_list":["post-6947","page","type-page","status-publish","hentry"],"_links":{"self":[{"href":"https:\/\/www.finser.ch\/de\/wp-json\/wp\/v2\/pages\/6947","targetHints":{"allow":["GET"]}}],"collection":[{"href":"https:\/\/www.finser.ch\/de\/wp-json\/wp\/v2\/pages"}],"about":[{"href":"https:\/\/www.finser.ch\/de\/wp-json\/wp\/v2\/types\/page"}],"author":[{"embeddable":true,"href":"https:\/\/www.finser.ch\/de\/wp-json\/wp\/v2\/users\/1"}],"replies":[{"embeddable":true,"href":"https:\/\/www.finser.ch\/de\/wp-json\/wp\/v2\/comments?post=6947"}],"version-history":[{"count":18,"href":"https:\/\/www.finser.ch\/de\/wp-json\/wp\/v2\/pages\/6947\/revisions"}],"predecessor-version":[{"id":7442,"href":"https:\/\/www.finser.ch\/de\/wp-json\/wp\/v2\/pages\/6947\/revisions\/7442"}],"wp:attachment":[{"href":"https:\/\/www.finser.ch\/de\/wp-json\/wp\/v2\/media?parent=6947"}],"curies":[{"name":"wp","href":"https:\/\/api.w.org\/{rel}","templated":true}]}}