{"id":6938,"date":"2014-11-27T13:47:02","date_gmt":"2014-11-27T13:47:02","guid":{"rendered":"http:\/\/www.finser.ch\/de\/?page_id=6938"},"modified":"2016-05-12T14:21:59","modified_gmt":"2016-05-12T13:21:59","slug":"verpackung-obst-und-gemuese","status":"publish","type":"page","link":"https:\/\/www.finser.ch\/de\/verpackung-obst-und-gemuese\/","title":{"rendered":"Verpackung Obst- und Gem\u00fcse"},"content":{"rendered":"<div class=\"vc_row wpb_row vc_row-fluid\"><div class=\"wpb_column vc_column_container vc_col-sm-12\"><div class=\"wpb_wrapper\"><div class=\"\"><p>Mit unserer Abteilung Obst- und Gem\u00fcse bieten und liefern wir Ihnen alles Notwendige, um Obst und Gem\u00fcse zu transportieren, lagern, sch\u00fctzen und auszustellen.<\/p>\n<p><strong>Produktpalette:<\/strong><\/p>\n<ul>\n<li>Standardverpackungen und personalisierte Verpackungen<\/li>\n<li>Verpackungen aus Wellpappe, wie z.B. geklebte bzw. manuell zu montierende Kisten<\/li>\n<li>Deckfolien<\/li>\n<li>Kunststoffschalen (PP, PET oder PS)<\/li>\n<li>Einlagen aus Papier und Kunststoff<\/li>\n<li>Displays<\/li>\n<li>K\u00f6rbchen aus Karton bzw. Vollpappe<\/li>\n<li>Kunststofffolien f\u00fcr Flow-Pack, Schrumpffolie und Folien f\u00fcr den Einsatz in der Landwirtschaft<\/li>\n<li>Gro\u00dfe Kunststoffbeh\u00e4lter<\/li>\n<li>Kisten aus Kunststoff und Holz<\/li>\n<li>Kunststoffbeutel<\/li>\n<li>Kunststofffolien zur Abdeckung von Treibh\u00e4usern, Vliesstoff, EVA-Folie<\/li>\n<\/ul>\n<p>Unser Angebot wird ferner abgerundet durch Klebezentren und den kostenlosen Verleih von Klebemaschinen.<\/p>\n<\/div><\/div><\/div><\/div>\n","protected":false},"excerpt":{"rendered":"Mit unserer Abteilung Obst- und Gem\u00fcse bieten und liefern wir Ihnen alles Notwendige, um Obst und Gem\u00fcse zu transportieren, lagern, sch\u00fctzen und auszustellen. Produktpalette: Standardverpackungen und personalisierte Verpackungen Verpackungen aus Wellpappe, wie z.B. geklebte bzw. manuell zu montierende Kisten Deckfolien Kunststoffschalen (PP, PET oder PS) Einlagen aus Papier und Kunststoff Displays K\u00f6rbchen aus Karton bzw. [...]","protected":false},"author":1,"featured_media":5893,"parent":0,"menu_order":0,"comment_status":"open","ping_status":"closed","template":"page-sidebar-right.php","meta":{"footnotes":""},"class_list":["post-6938","page","type-page","status-publish","has-post-thumbnail","hentry"],"_links":{"self":[{"href":"https:\/\/www.finser.ch\/de\/wp-json\/wp\/v2\/pages\/6938","targetHints":{"allow":["GET"]}}],"collection":[{"href":"https:\/\/www.finser.ch\/de\/wp-json\/wp\/v2\/pages"}],"about":[{"href":"https:\/\/www.finser.ch\/de\/wp-json\/wp\/v2\/types\/page"}],"author":[{"embeddable":true,"href":"https:\/\/www.finser.ch\/de\/wp-json\/wp\/v2\/users\/1"}],"replies":[{"embeddable":true,"href":"https:\/\/www.finser.ch\/de\/wp-json\/wp\/v2\/comments?post=6938"}],"version-history":[{"count":15,"href":"https:\/\/www.finser.ch\/de\/wp-json\/wp\/v2\/pages\/6938\/revisions"}],"predecessor-version":[{"id":7441,"href":"https:\/\/www.finser.ch\/de\/wp-json\/wp\/v2\/pages\/6938\/revisions\/7441"}],"wp:featuredmedia":[{"embeddable":true,"href":"https:\/\/www.finser.ch\/de\/wp-json\/wp\/v2\/media\/5893"}],"wp:attachment":[{"href":"https:\/\/www.finser.ch\/de\/wp-json\/wp\/v2\/media?parent=6938"}],"curies":[{"name":"wp","href":"https:\/\/api.w.org\/{rel}","templated":true}]}}