{"id":4887,"date":"2014-05-22T13:33:23","date_gmt":"2014-05-22T13:33:23","guid":{"rendered":"http:\/\/www.finser.ch\/?page_id=4887"},"modified":"2014-05-22T13:33:23","modified_gmt":"2014-05-22T13:33:23","slug":"geschaftsbereich-wein","status":"publish","type":"page","link":"https:\/\/www.finser.ch\/de\/abteilungen\/geschaftsbereich-wein\/","title":{"rendered":"Gesch\u00e4ftsbereich Wein"},"content":{"rendered":"<div class=\"vc_row wpb_row vc_row-fluid\"><div class=\"wpb_column vc_column_container vc_col-sm-12\"><div class=\"wpb_wrapper\"><div class=\"\"><\/p>\n<div align=\"left\">\n<p align=\"justify\">Die Firma<strong> Finser Packaging<\/strong>, die auf langj\u00e4hrige Erfahrung in der Weinbranche zur\u00fcckblicken kann, bietet Auswahl an hochqualitativen Produkten, die mit den neuen Trends Schritt halten.<\/p>\n<p align=\"justify\">Die umfangreiche Palette, die wir unseren Kunden anbieten k\u00f6nnen, ist das Ergebnis einer Zusammenarbeit mit weltweit f\u00fchrenden Unternehmen, wie beispielsweise \u00a0International Paper, Saint-Gobain und Alplast.<\/p>\n<p><strong>Produktpalette:<\/strong><\/p>\n<ul>\n<li><strong>Glasflaschen<\/strong><br \/>\nStandard- und Sonderausf\u00fchrungen in verschiedenen Modellen, Gr\u00f6\u00dfen und Farben<\/li>\n<li><strong>BVS-Schraubverschl\u00fcsse aus Aluminium<\/strong><br \/>\nIn verschiedenen Farben, im Siebdruckverfahren bedruckt und mit unterschiedlicher Dichtung<\/li>\n<li><strong>Schachteln aus Wellpappe f\u00fcr Flaschen<\/strong><br \/>\nStandardausf\u00fchrungen und individuell gestaltete Modelle, mit eingeklebten Wabeneins\u00e4tzen<\/li>\n<li><strong>Beh\u00e4ltnisse und Ausstattung f\u00fcr die Weinlese und die Weinherstellung <\/strong><\/li>\n<li><strong>Bag-in-Box-Verpackungen in verschiedenen Gr\u00f6\u00dfen, Standardausf\u00fchrung oder individuell gestaltete Modelle <\/strong><\/li>\n<\/ul>\n<p align=\"justify\">Auch besondere W\u00fcnsche, wie die Herstellung von individuell gestalteten Flaschen, werden von der Firma <strong>Finser Packaging<\/strong> erf\u00fcllt \u2013 mit nur minimalem Aufwand f\u00fcr den Kunden.<\/p>\n<\/div>\n<p>\n<\/div><\/div><\/div><\/div>\n","protected":false},"excerpt":{"rendered":"Die Firma Finser Packaging, die auf langj\u00e4hrige Erfahrung in der Weinbranche zur\u00fcckblicken kann, bietet Auswahl an hochqualitativen Produkten, die mit den neuen Trends Schritt halten. Die umfangreiche Palette, die wir unseren Kunden anbieten k\u00f6nnen, ist das Ergebnis einer Zusammenarbeit mit weltweit f\u00fchrenden Unternehmen, wie beispielsweise \u00a0International Paper, Saint-Gobain und Alplast. Produktpalette: Glasflaschen Standard- und Sonderausf\u00fchrungen [...]","protected":false},"author":1,"featured_media":0,"parent":4870,"menu_order":0,"comment_status":"open","ping_status":"closed","template":"page-sidebar-right.php","meta":{"footnotes":""},"class_list":["post-4887","page","type-page","status-publish","hentry"],"_links":{"self":[{"href":"https:\/\/www.finser.ch\/de\/wp-json\/wp\/v2\/pages\/4887","targetHints":{"allow":["GET"]}}],"collection":[{"href":"https:\/\/www.finser.ch\/de\/wp-json\/wp\/v2\/pages"}],"about":[{"href":"https:\/\/www.finser.ch\/de\/wp-json\/wp\/v2\/types\/page"}],"author":[{"embeddable":true,"href":"https:\/\/www.finser.ch\/de\/wp-json\/wp\/v2\/users\/1"}],"replies":[{"embeddable":true,"href":"https:\/\/www.finser.ch\/de\/wp-json\/wp\/v2\/comments?post=4887"}],"version-history":[{"count":1,"href":"https:\/\/www.finser.ch\/de\/wp-json\/wp\/v2\/pages\/4887\/revisions"}],"predecessor-version":[{"id":4889,"href":"https:\/\/www.finser.ch\/de\/wp-json\/wp\/v2\/pages\/4887\/revisions\/4889"}],"up":[{"embeddable":true,"href":"https:\/\/www.finser.ch\/de\/wp-json\/wp\/v2\/pages\/4870"}],"wp:attachment":[{"href":"https:\/\/www.finser.ch\/de\/wp-json\/wp\/v2\/media?parent=4887"}],"curies":[{"name":"wp","href":"https:\/\/api.w.org\/{rel}","templated":true}]}}