{"id":4879,"date":"2014-05-22T13:25:23","date_gmt":"2014-05-22T13:25:23","guid":{"rendered":"http:\/\/www.finser.ch\/?page_id=4879"},"modified":"2014-05-22T13:25:23","modified_gmt":"2014-05-22T13:25:23","slug":"geschaftsbereich-nahrungsmittelindustrie","status":"publish","type":"page","link":"https:\/\/www.finser.ch\/de\/abteilungen\/geschaftsbereich-nahrungsmittelindustrie\/","title":{"rendered":"Gesch\u00e4ftsbereich Nahrungsmittelindustrie"},"content":{"rendered":"<div class=\"vc_row wpb_row vc_row-fluid\"><div class=\"wpb_column vc_column_container vc_col-sm-12\"><div class=\"wpb_wrapper\"><div class=\"\"><\/p>\n<p align=\"justify\">Die Gesch\u00e4ftsbereich Nahrungsmittelindustrie wendet sich an die breit und bunt gef\u00e4cherte Klientel der Nahrungsmittel-, K\u00e4se-, Fisch- und Fleischindustrie.<\/p>\n<p align=\"justify\">Die Ausarbeitung moderner und funktionaler Verpackungen, die Planung und Realisierung ansprechender Grafiken sowie die Verwendung gesundheits- und umweltfreundlicher Materialien sind nur einige der Leistungen, die <strong>Finser Packaging<\/strong> f\u00fcr diese Branchen anbietet.<\/p>\n<p><strong>Produktpalette:<\/strong><\/p>\n<ul>\n<li>Standard- und\/oder individuell gestaltete Verpackungen, die alle spezifischen Anspr\u00fcche des Kunden erf\u00fcllen<\/li>\n<li>Verpackungen aus Wellpappe, wie beispielsweise Plaform-Kartons und Obst- und Gem\u00fcsesteigen<\/li>\n<li>K\u00f6rbchen aus Karton oder Vollpappe<\/li>\n<li>Sch\u00e4lchen aus PP, PET oder PS<\/li>\n<li>Blisterpackungen<\/li>\n<li>Kunststofffolien f\u00fcr Flow-Packs, Thermoschrumpfpackungen und die Landwirtschaft<\/li>\n<li>Bag-In-Box-Verpackungen<\/li>\n<li>Gro\u00dfbeh\u00e4ltnisse aus Kunststoff<\/li>\n<li>Kisten aus Kunststoff und Holz<\/li>\n<li>Plastikt\u00fcten<\/li>\n<li>Papiert\u00fcten<\/li>\n<li>Displays<\/li>\n<\/ul>\n<p align=\"justify\"><strong>Finser Packaging<\/strong> richtet sich best\u00e4ndig nach den Trends und Entwicklungen des Geschmacks der Verbraucher aus, die immer gr\u00f6\u00dferen Wert auf \u00f6kologische Aspekte und die Einhaltung hygienisch-gesundheitlicher Vorschriften legen. Einen hohen Stellenwert nehmen auch Recycling, Lageranforderungen und Konservierungsmethoden ein.<\/p>\n<p>\n<\/div><\/div><\/div><\/div>\n","protected":false},"excerpt":{"rendered":"Die Gesch\u00e4ftsbereich Nahrungsmittelindustrie wendet sich an die breit und bunt gef\u00e4cherte Klientel der Nahrungsmittel-, K\u00e4se-, Fisch- und Fleischindustrie. Die Ausarbeitung moderner und funktionaler Verpackungen, die Planung und Realisierung ansprechender Grafiken sowie die Verwendung gesundheits- und umweltfreundlicher Materialien sind nur einige der Leistungen, die Finser Packaging f\u00fcr diese Branchen anbietet. Produktpalette: Standard- und\/oder individuell gestaltete Verpackungen, [...]","protected":false},"author":1,"featured_media":0,"parent":4870,"menu_order":0,"comment_status":"open","ping_status":"closed","template":"page-sidebar-right.php","meta":{"footnotes":""},"class_list":["post-4879","page","type-page","status-publish","hentry"],"_links":{"self":[{"href":"https:\/\/www.finser.ch\/de\/wp-json\/wp\/v2\/pages\/4879","targetHints":{"allow":["GET"]}}],"collection":[{"href":"https:\/\/www.finser.ch\/de\/wp-json\/wp\/v2\/pages"}],"about":[{"href":"https:\/\/www.finser.ch\/de\/wp-json\/wp\/v2\/types\/page"}],"author":[{"embeddable":true,"href":"https:\/\/www.finser.ch\/de\/wp-json\/wp\/v2\/users\/1"}],"replies":[{"embeddable":true,"href":"https:\/\/www.finser.ch\/de\/wp-json\/wp\/v2\/comments?post=4879"}],"version-history":[{"count":1,"href":"https:\/\/www.finser.ch\/de\/wp-json\/wp\/v2\/pages\/4879\/revisions"}],"predecessor-version":[{"id":4881,"href":"https:\/\/www.finser.ch\/de\/wp-json\/wp\/v2\/pages\/4879\/revisions\/4881"}],"up":[{"embeddable":true,"href":"https:\/\/www.finser.ch\/de\/wp-json\/wp\/v2\/pages\/4870"}],"wp:attachment":[{"href":"https:\/\/www.finser.ch\/de\/wp-json\/wp\/v2\/media?parent=4879"}],"curies":[{"name":"wp","href":"https:\/\/api.w.org\/{rel}","templated":true}]}}