{"id":4875,"date":"2014-05-22T13:23:24","date_gmt":"2014-05-22T13:23:24","guid":{"rendered":"http:\/\/www.finser.ch\/?page_id=4875"},"modified":"2014-05-22T13:23:24","modified_gmt":"2014-05-22T13:23:24","slug":"geschaftsbereich-obst-und-gemuse","status":"publish","type":"page","link":"https:\/\/www.finser.ch\/de\/abteilungen\/geschaftsbereich-obst-und-gemuse\/","title":{"rendered":"Gesch\u00e4ftsbereich Obst und Gem\u00fcse"},"content":{"rendered":"<p align=\"justify\">Der Gesch\u00e4ftsbereich Obst und Gem\u00fcse von <strong>Finser Packaging<\/strong> steht f\u00fcr das beste spezialisierte Angebot an branchen\u00fcblichen Verpackungen.<\/p>\n<p align=\"justify\">Durch den Gesch\u00e4ftsbereich Obst und Gem\u00fcse bietet und liefert <strong>Finser Packaging <\/strong>alle erforderlichen Erzeugnisse f\u00fcr den Transport, die Lagerung, den Schutz und die Verkaufspr\u00e4sentation von Obst- und Gem\u00fcseerzeugnissen.<\/p>\n<p align=\"justify\"><strong>Produktpalette:<\/strong><\/p>\n<div align=\"justify\">\n<ul>\n<li>\n<div align=\"left\">Standard- und\/oder individuell gestaltete Verpackungen, die alle spezifischen Anspr\u00fcche des Kunden erf\u00fcllen<\/div>\n<\/li>\n<li>\n<div align=\"left\">Verpackungen aus Wellpappe, wie beispielsweise Plaform-Kartons und Obst- und Gem\u00fcsesteigen<\/div>\n<\/li>\n<li>\n<div align=\"left\">Abdeckfolien<\/div>\n<\/li>\n<li>\n<div align=\"left\">Sch\u00e4lchen aus PP, PET oder PS<\/div>\n<\/li>\n<li>\n<div align=\"left\">Trennwaben aus Papier und Kunststoff<\/div>\n<\/li>\n<li>\n<div align=\"left\">Displays<\/div>\n<\/li>\n<li>\n<div align=\"left\">K\u00f6rbchen aus Vollpappe<\/div>\n<\/li>\n<li>\n<div align=\"left\">Kunststofffolien f\u00fcr Flow-Packs, Thermoschrumpfpackungen und die Landwirtschaft<\/div>\n<\/li>\n<li>\n<div align=\"left\">Gro\u00dfbeh\u00e4ltnisse aus Kunststoff<\/div>\n<\/li>\n<li>\n<div align=\"left\">Kisten aus Kunststoff und Holz<\/div>\n<\/li>\n<li>\n<div align=\"left\">Plastikt\u00fcten<\/div>\n<\/li>\n<li>\n<div align=\"left\">Kunststofffolien zur Abdeckung von Gew\u00e4chsh\u00e4usern, Vliesstoff, \u00a0EVA-Folien<\/div>\n<\/li>\n<\/ul>\n<\/div>\n<p align=\"justify\">Unser Zentrum f\u00fcr Klebetechnik und der unentgeltliche Verleih von Klebemaschinen an unsere Kunden runden das Angebot ab.<\/p>\n","protected":false},"excerpt":{"rendered":"<p>Der Gesch\u00e4ftsbereich Obst und Gem\u00fcse von Finser Packaging steht f\u00fcr das beste spezialisierte Angebot an branchen\u00fcblichen Verpackungen. Durch den Gesch\u00e4ftsbereich Obst und Gem\u00fcse bietet und liefert Finser Packaging alle erforderlichen Erzeugnisse f\u00fcr den Transport, die Lagerung, den Schutz und die Verkaufspr\u00e4sentation von Obst- und Gem\u00fcseerzeugnissen. Produktpalette: Standard- und\/oder individuell gestaltete Verpackungen, die alle spezifischen Anspr\u00fcche [&hellip;]<\/p>\n","protected":false},"author":1,"featured_media":0,"parent":4870,"menu_order":0,"comment_status":"open","ping_status":"closed","template":"page-sidebar-right.php","meta":{"footnotes":""},"class_list":["post-4875","page","type-page","status-publish","hentry"],"_links":{"self":[{"href":"https:\/\/www.finser.ch\/de\/wp-json\/wp\/v2\/pages\/4875","targetHints":{"allow":["GET"]}}],"collection":[{"href":"https:\/\/www.finser.ch\/de\/wp-json\/wp\/v2\/pages"}],"about":[{"href":"https:\/\/www.finser.ch\/de\/wp-json\/wp\/v2\/types\/page"}],"author":[{"embeddable":true,"href":"https:\/\/www.finser.ch\/de\/wp-json\/wp\/v2\/users\/1"}],"replies":[{"embeddable":true,"href":"https:\/\/www.finser.ch\/de\/wp-json\/wp\/v2\/comments?post=4875"}],"version-history":[{"count":1,"href":"https:\/\/www.finser.ch\/de\/wp-json\/wp\/v2\/pages\/4875\/revisions"}],"predecessor-version":[{"id":4877,"href":"https:\/\/www.finser.ch\/de\/wp-json\/wp\/v2\/pages\/4875\/revisions\/4877"}],"up":[{"embeddable":true,"href":"https:\/\/www.finser.ch\/de\/wp-json\/wp\/v2\/pages\/4870"}],"wp:attachment":[{"href":"https:\/\/www.finser.ch\/de\/wp-json\/wp\/v2\/media?parent=4875"}],"curies":[{"name":"wp","href":"https:\/\/api.w.org\/{rel}","templated":true}]}}