{"id":4866,"date":"2014-05-22T07:35:03","date_gmt":"2014-05-22T07:35:03","guid":{"rendered":"http:\/\/www.finser.ch\/?page_id=4866"},"modified":"2016-03-20T11:10:39","modified_gmt":"2016-03-20T10:10:39","slug":"partnerschaften","status":"publish","type":"page","link":"https:\/\/www.finser.ch\/de\/partnerschaften\/","title":{"rendered":"Partnerschaften"},"content":{"rendered":"<div class=\"vc_row wpb_row vc_row-fluid\"><div class=\"wpb_column vc_column_container vc_col-sm-12\"><div class=\"wpb_wrapper\"><div class=\"\"><p>Die Qualit\u00e4t der Produkte und die Zuverl\u00e4ssigkeit unseres Service haben uns im Laufe der Zeit erlaubt, zahlreiche Beziehungen mit renommierten Schweizer Unternehmen einzugehen.<\/p>\n<p>Es war jedoch stets unsere Absicht, \u00fcber die einfache Lieferanten-Kunden-Beziehung hinauszugehen und partnerschaftliche Beziehungen zu schaffen, wodurch aufgrund der zus\u00e4tzlichen N\u00e4he gemeinsam mit Ihnen umfassendere und effektivere L\u00f6sungen gefunden werden k\u00f6nnen.<\/p>\n<\/div><\/div><\/div><\/div>\n","protected":false},"excerpt":{"rendered":"Die Qualit\u00e4t der Produkte und die Zuverl\u00e4ssigkeit unseres Service haben uns im Laufe der Zeit erlaubt, zahlreiche Beziehungen mit renommierten Schweizer Unternehmen einzugehen. Es war jedoch stets unsere Absicht, \u00fcber die einfache Lieferanten-Kunden-Beziehung hinauszugehen und partnerschaftliche Beziehungen zu schaffen, wodurch aufgrund der zus\u00e4tzlichen N\u00e4he gemeinsam mit Ihnen umfassendere und effektivere L\u00f6sungen gefunden werden k\u00f6nnen.","protected":false},"author":1,"featured_media":0,"parent":0,"menu_order":0,"comment_status":"open","ping_status":"closed","template":"page-sidebar-right.php","meta":{"footnotes":""},"class_list":["post-4866","page","type-page","status-publish","hentry"],"_links":{"self":[{"href":"https:\/\/www.finser.ch\/de\/wp-json\/wp\/v2\/pages\/4866","targetHints":{"allow":["GET"]}}],"collection":[{"href":"https:\/\/www.finser.ch\/de\/wp-json\/wp\/v2\/pages"}],"about":[{"href":"https:\/\/www.finser.ch\/de\/wp-json\/wp\/v2\/types\/page"}],"author":[{"embeddable":true,"href":"https:\/\/www.finser.ch\/de\/wp-json\/wp\/v2\/users\/1"}],"replies":[{"embeddable":true,"href":"https:\/\/www.finser.ch\/de\/wp-json\/wp\/v2\/comments?post=4866"}],"version-history":[{"count":4,"href":"https:\/\/www.finser.ch\/de\/wp-json\/wp\/v2\/pages\/4866\/revisions"}],"predecessor-version":[{"id":7449,"href":"https:\/\/www.finser.ch\/de\/wp-json\/wp\/v2\/pages\/4866\/revisions\/7449"}],"wp:attachment":[{"href":"https:\/\/www.finser.ch\/de\/wp-json\/wp\/v2\/media?parent=4866"}],"curies":[{"name":"wp","href":"https:\/\/api.w.org\/{rel}","templated":true}]}}