{"id":4858,"date":"2014-05-22T12:55:29","date_gmt":"2014-05-22T12:55:29","guid":{"rendered":"http:\/\/www.finser.ch\/?page_id=4858"},"modified":"2014-05-22T13:02:13","modified_gmt":"2014-05-22T13:02:13","slug":"ursprunge-und-markt","status":"publish","type":"page","link":"https:\/\/www.finser.ch\/de\/firma\/ursprunge-und-markt\/","title":{"rendered":"Urspr\u00fcnge und Markt"},"content":{"rendered":"<div class=\"vc_row wpb_row vc_row-fluid\"><div class=\"wpb_column vc_column_container vc_col-sm-12\"><div class=\"wpb_wrapper\"><div class=\"\"><\/p>\n<div align=\"left\">\n<p align=\"justify\"><strong>Finser Packaging<\/strong>, das f\u00fchrende Unternehmen der Verpackungsbranche in der Schweiz, ist heute die Anlaufstelle par excellence f\u00fcr alle Arten von Verpackungsl\u00f6sungen.<\/p>\n<p align=\"justify\">Von Anfang an stellte die Verpackung von Obst- und Gem\u00fcseerzeugnissen einen der wichtigsten Bereiche f\u00fcr <strong>Finser Packaging<\/strong> dar; als Partner wichtiger Obst- und Gem\u00fcsebetriebe aus der ganzen Schweiz liefert <strong>Finser Packaging<\/strong> Steigen und Plaform-Kartons aus Wellpappe, Gro\u00dfbeh\u00e4ltnisse aus Kunststoff f\u00fcr Obst, Sch\u00e4lchen und K\u00f6rbchen aus Kunststoff sowie Kunststofffolien f\u00fcr Flow-Packs und installiert bei den Kunden Formmaschinen f\u00fcr Plaform-Kartons.<\/p>\n<p align=\"justify\"><strong>Finser Packaging<\/strong> erweitert die Palette an angebotenen Produkten und kann durch die Weiterentwicklung in den Bereichen Wellpappe, Vollpappe, Glas und Kunststoff wichtige und repr\u00e4sentative Kunden in der Nahrungsmittel- und Non-Food-Industrie f\u00fcr sich gewinnen.<\/p>\n<p align=\"justify\">Gro\u00dfe Bedeutung nimmt die Zusammenarbeit mit dem Organisierten Einzelhandel der Schweiz ein, der <strong>Finser Packaging<\/strong> bereits seit Jahren als offiziellen Hersteller von Verpackungen der Marken Migros und Coop anerkennt.<\/p>\n<p align=\"justify\"><strong>Finser Packaging<\/strong> hat sich auch auf dem Markt f\u00fcr Verpackungen rund um den Wein etablieren k\u00f6nnen und liefert Glasflaschen und Zubeh\u00f6r, Schachteln aus Wellpappe f\u00fcr Flaschen und Schraubverschl\u00fcsse aus Aluminium.<\/p>\n<div align=\"justify\">Bedeutende Entwicklungen in der Geschichte von <strong>Finser Packaging<\/strong> im Laufe der Jahre waren das neue Zentrum f\u00fcr das Abpacken und die Lagerung von Verpackungen im Wallis, das Abkommen mit der Gesellschaft Planzer Transport und die neuen Gesch\u00e4ftsbeziehungen als Exklusivhersteller mit weltweit f\u00fchrenden Unternehmen in der Verpackungsproduktion.<\/div>\n<\/div>\n<p>\n<\/div><\/div><\/div><\/div>\n","protected":false},"excerpt":{"rendered":"Finser Packaging, das f\u00fchrende Unternehmen der Verpackungsbranche in der Schweiz, ist heute die Anlaufstelle par excellence f\u00fcr alle Arten von Verpackungsl\u00f6sungen. Von Anfang an stellte die Verpackung von Obst- und Gem\u00fcseerzeugnissen einen der wichtigsten Bereiche f\u00fcr Finser Packaging dar; als Partner wichtiger Obst- und Gem\u00fcsebetriebe aus der ganzen Schweiz liefert Finser Packaging Steigen und Plaform-Kartons [...]","protected":false},"author":1,"featured_media":0,"parent":4856,"menu_order":0,"comment_status":"closed","ping_status":"closed","template":"page-sidebar-right.php","meta":{"footnotes":""},"class_list":["post-4858","page","type-page","status-publish","hentry"],"_links":{"self":[{"href":"https:\/\/www.finser.ch\/de\/wp-json\/wp\/v2\/pages\/4858","targetHints":{"allow":["GET"]}}],"collection":[{"href":"https:\/\/www.finser.ch\/de\/wp-json\/wp\/v2\/pages"}],"about":[{"href":"https:\/\/www.finser.ch\/de\/wp-json\/wp\/v2\/types\/page"}],"author":[{"embeddable":true,"href":"https:\/\/www.finser.ch\/de\/wp-json\/wp\/v2\/users\/1"}],"replies":[{"embeddable":true,"href":"https:\/\/www.finser.ch\/de\/wp-json\/wp\/v2\/comments?post=4858"}],"version-history":[{"count":3,"href":"https:\/\/www.finser.ch\/de\/wp-json\/wp\/v2\/pages\/4858\/revisions"}],"predecessor-version":[{"id":4861,"href":"https:\/\/www.finser.ch\/de\/wp-json\/wp\/v2\/pages\/4858\/revisions\/4861"}],"up":[{"embeddable":true,"href":"https:\/\/www.finser.ch\/de\/wp-json\/wp\/v2\/pages\/4856"}],"wp:attachment":[{"href":"https:\/\/www.finser.ch\/de\/wp-json\/wp\/v2\/media?parent=4858"}],"curies":[{"name":"wp","href":"https:\/\/api.w.org\/{rel}","templated":true}]}}