{"id":4661,"date":"2013-12-04T15:30:22","date_gmt":"2013-12-04T15:30:22","guid":{"rendered":"http:\/\/www.finser.ch\/home-6-2\/"},"modified":"2022-12-21T09:39:53","modified_gmt":"2022-12-21T08:39:53","slug":"home-6","status":"publish","type":"page","link":"https:\/\/www.finser.ch\/de\/","title":{"rendered":"Home &#8211; Finser Packaging"},"content":{"rendered":"<div class=\"vc_row wpb_row vc_row-fluid vc_custom_1521790183816\"><div class=\"wpb_column vc_column_container vc_col-sm-12 vc_hidden-lg vc_hidden-md vc_hidden-sm\"><div class=\"wpb_wrapper\"><div class=\"\">\t\t\t\t<p class=\"rs-p-wp-fix\"><\/p>\t\t\t\t<sr7-module data-alias=\"default_mobile_de\" data-id=\"48\" id=\"SR7_48_1\" data-version=\"6.7.51\">\t\t\t\t\t<sr7-adjuster><\/sr7-adjuster>\t\t\t\t\t<sr7-content>\t\t\t\t\t\t<sr7-slide id=\"SR7_48_1-78\" data-key=\"78\">\t\t\t\t\t\t\t<sr7-bg id=\"SR7_48_1-78-slidebg\" class=\"sr7-layer\"><noscript><img decoding=\"async\" src=\"https:\/\/www.finser.ch\/wp-content\/uploads\/2022\/11\/FINSER_cest_fragole.png\" alt=\"\" title=\"Home &#8211; Finser Packaging\"><\/noscript><\/sr7-bg>\t\t\t\t\t\t\t<sr7-txt id=\"SR7_48_1-78-2\" class=\"sr7-layer\">Was <\/br>wir tun.<\/sr7-txt>\t\t\t\t\t\t\t<sr7-txt id=\"SR7_48_1-78-3\" class=\"sr7-layer\">Wir entwerfen und stellen <\/br>innovative <\/br>Verpackungsl\u00f6sungen her,<\/br>wobei unsere Priorit\u00e4t <\/br>auf Qualit\u00e4t und <\/br>Benutzerfreundlichkeit liegt.<\/sr7-txt>\t\t\t\t\t\t<\/sr7-slide>\t\t\t\t\t\t<sr7-slide id=\"SR7_48_1-79\" data-key=\"79\">\t\t\t\t\t\t\t<sr7-bg id=\"SR7_48_1-79-slidebg\" class=\"sr7-layer\"><noscript><img decoding=\"async\" src=\"https:\/\/www.finser.ch\/wp-content\/uploads\/2022\/03\/ScheFINSER_shooting-per-sito_02.jpg\" alt=\"\" title=\"Home &#8211; Finser Packaging\"><\/noscript><\/sr7-bg>\t\t\t\t\t\t\t<sr7-txt id=\"SR7_48_1-79-2\" class=\"sr7-layer\">Was<\/br>vir tun.<\/sr7-txt>\t\t\t\t\t\t\t<sr7-txt id=\"SR7_48_1-79-3\" class=\"sr7-layer\">Wir stellen verschiedene <\/br>Arten von Verpackung her, <\/br>die Ihre Bed\u00fcrfnisse im <\/br>Bereich Marketing erg\u00e4nzen.<\/sr7-txt>\t\t\t\t\t\t<\/sr7-slide>\t\t\t\t\t\t<sr7-slide id=\"SR7_48_1-80\" data-key=\"80\">\t\t\t\t\t\t\t<sr7-bg id=\"SR7_48_1-80-slidebg\" class=\"sr7-layer\"><noscript><img decoding=\"async\" src=\"https:\/\/www.finser.ch\/wp-content\/uploads\/2022\/03\/ScheFINSER_shooting-per-sito_01.jpg\" alt=\"\" title=\"Home &#8211; Finser Packaging\"><\/noscript><\/sr7-bg>\t\t\t\t\t\t\t<sr7-txt id=\"SR7_48_1-80-2\" class=\"sr7-layer\">Was<\/br>wir tun.<\/sr7-txt>\t\t\t\t\t\t\t<sr7-txt id=\"SR7_48_1-80-3\" class=\"sr7-layer\">Wir bieten <br>Standardverpackungen <br>oder personalisierte<br>Verpackungen an, <br>die ein umfassendes <br>Dienstleistungspaket <br>beinhalten.<\/sr7-txt>\t\t\t\t\t\t<\/sr7-slide>\t\t\t\t\t\t<sr7-slide id=\"SR7_48_1-99\" data-key=\"99\">\t\t\t\t\t\t<\/sr7-slide>\t\t\t\t\t<\/sr7-content>\t\t\t\t<\/sr7-module>\t\t\t\t<script>\t\t\t\t\twindow.SR7 ??={};SR7.PMH ??={}; SR7.PMH[\"SR7_48_1\"] = {cn:100,state:false,fn: function() { if (window._tpt!==undefined && window._tpt.prepareModuleHeight !== undefined) {  _tpt.prepareModuleHeight({id:\"SR7_48_1\",el:[290,290,290,900],type:'standard',shdw:'0',gh:[290,290,290,900],gw:[1100,1100,1100,600],vpt:['-200px'],size:{fullWidth:true, fullHeight:true},offsetContainer:'',offset:'',mh:'0',onh:0,onw:0,bg:{color:'#fafafa'},plType:'0',plColor:'#FFFFFF'});   SR7.PMH[\"SR7_48_1\"].state=true;} else if(SR7.PMH[\"SR7_48_1\"].cn-->0)\tsetTimeout( SR7.PMH[\"SR7_48_1\"].fn,19);}};SR7.PMH[\"SR7_48_1\" ].fn();\t\t\t\t<\/script><\/div><\/div><\/div><\/div><div class=\"vc_row wpb_row vc_row-fluid vc_custom_1521790195116\"><div class=\"wpb_column vc_column_container vc_col-sm-4\"><div class=\"wpb_wrapper\"><h3  style=\"text-align:left;\" >Verpackung Obst-und Gem\u00fcse<\/h3><div class=\"photo_slider-1 \" style=\"\"><ul><li  style=\"width:0;\" ><img decoding=\"async\" src=\"https:\/\/www.finser.ch\/wp-content\/uploads\/freshizer\/e68469b26dd28e74127d8baa5489ff89_finser_imballaggio_ortofrutta_01-615-c.jpg\" data-at2x=\"https:\/\/www.finser.ch\/wp-content\/uploads\/freshizer\/e68469b26dd28e74127d8baa5489ff89_finser_imballaggio_ortofrutta_01-615-c@2x.jpg\" alt=\"\" \/><\/li><li  style=\"width:0;\" ><img decoding=\"async\" src=\"https:\/\/www.finser.ch\/wp-content\/uploads\/freshizer\/53f858a2a8ad5d60902de067acdcdb87_finser_imballaggio_ortofrutta_02-615-c.jpg\" data-at2x=\"https:\/\/www.finser.ch\/wp-content\/uploads\/freshizer\/53f858a2a8ad5d60902de067acdcdb87_finser_imballaggio_ortofrutta_02-615-c@2x.jpg\" alt=\"\" \/><\/li><li  style=\"width:0;\" ><img decoding=\"async\" src=\"https:\/\/www.finser.ch\/wp-content\/uploads\/freshizer\/56f4bc6d73a6991aac394f46015a5ec6_finser_imballaggio_ortofrutta_06-615-c.jpg\" data-at2x=\"https:\/\/www.finser.ch\/wp-content\/uploads\/freshizer\/56f4bc6d73a6991aac394f46015a5ec6_finser_imballaggio_ortofrutta_06-615-c@2x.jpg\" alt=\"\" \/><\/li><\/ul><\/div>Mit unserer Abteilung Obst- und Gem\u00fcse bieten und liefern wir Ihnen alles Notwendige, um Obst und Gem\u00fcse zu transportieren, zu lagern, sch\u00fctzen und auszustellen..<a class=\"hp-link-finser\" href=\"de\/verpackung-obst-und-gemuese\">\u25ba<\/a><div class=\" \" style=\"margin-top:0px;padding-bottom:0px;\"><\/div><\/div><\/div><div class=\"wpb_column vc_column_container vc_col-sm-4\"><div class=\"wpb_wrapper\"><h3  style=\"text-align:left;\" >Verpackung ``Food``<\/h3><div class=\"photo_slider-1 \" style=\"\"><ul><li  style=\"width:0;\" ><img decoding=\"async\" src=\"https:\/\/www.finser.ch\/wp-content\/uploads\/freshizer\/4d0acf96e9f5915e34d6d111fe0fa2b9_finser_-imballaggio_food_02-615-c.jpg\" data-at2x=\"https:\/\/www.finser.ch\/wp-content\/uploads\/freshizer\/4d0acf96e9f5915e34d6d111fe0fa2b9_finser_-imballaggio_food_02-615-c@2x.jpg\" alt=\"\" \/><\/li><li  style=\"width:0;\" ><img decoding=\"async\" src=\"https:\/\/www.finser.ch\/wp-content\/uploads\/freshizer\/440397b865857d4e68b7133dcdc7b67f_finser_imballaggio_food_01-615-c.jpg\" data-at2x=\"https:\/\/www.finser.ch\/wp-content\/uploads\/freshizer\/440397b865857d4e68b7133dcdc7b67f_finser_imballaggio_food_01-615-c@2x.jpg\" alt=\"\" \/><\/li><li  style=\"width:0;\" ><img decoding=\"async\" src=\"https:\/\/www.finser.ch\/wp-content\/uploads\/freshizer\/f4910fb6fd6f8c45d6153ba221c3dafb_finser_imballaggio_food_03-615-c.jpg\" data-at2x=\"https:\/\/www.finser.ch\/wp-content\/uploads\/freshizer\/f4910fb6fd6f8c45d6153ba221c3dafb_finser_imballaggio_food_03-615-c@2x.jpg\" alt=\"\" \/><\/li><\/ul><\/div>Mit der Abteilung \u201cFood\u201d-Industrie wenden wir uns an die Lebensmittel-, K\u00e4se-, Fisch- und Fleischindustrie. Die Ausarbeitung von modernen, zweckdienlichen Verpackungen, die Entwicklung und Anfertigung von ansprechenden Grafiken und die Verwendung von innovativen, umweltfreundlichen Materialien sind nur einige der Dienstleistungen&#8230;<a class=\"hp-link-finser\" href=\"de\/verpackung-food\">\u25ba<\/a><div class=\" \" style=\"margin-top:0px;padding-bottom:0px;\"><\/div><\/div><\/div><div class=\"wpb_column vc_column_container vc_col-sm-4\"><div class=\"wpb_wrapper\"><h3  style=\"text-align:left;\" >Verpackung ``Non-Food``<\/h3><div class=\"photo_slider-1 \" style=\"\"><ul><li  style=\"width:0;\" ><img decoding=\"async\" src=\"https:\/\/www.finser.ch\/wp-content\/uploads\/freshizer\/61023b12bf1c7924aa2e5dba867c9c00_finser_imballaggio-non-food-615-c.jpg\" data-at2x=\"https:\/\/www.finser.ch\/wp-content\/uploads\/freshizer\/61023b12bf1c7924aa2e5dba867c9c00_finser_imballaggio-non-food-615-c@2x.jpg\" alt=\"\" \/><\/li><li  style=\"width:0;\" ><img decoding=\"async\" src=\"https:\/\/www.finser.ch\/wp-content\/uploads\/freshizer\/06fbc1b7a6206d2c4259f9fcadca5d56_finser_imballaggio-non-food_02-615-c.jpg\" data-at2x=\"https:\/\/www.finser.ch\/wp-content\/uploads\/freshizer\/06fbc1b7a6206d2c4259f9fcadca5d56_finser_imballaggio-non-food_02-615-c@2x.jpg\" alt=\"\" \/><\/li><li  style=\"width:0;\" ><img decoding=\"async\" src=\"https:\/\/www.finser.ch\/wp-content\/uploads\/freshizer\/9d436c7c29857403edb6ca23209232a0_finser_imballaggio-non-food_03-615-c.jpg\" data-at2x=\"https:\/\/www.finser.ch\/wp-content\/uploads\/freshizer\/9d436c7c29857403edb6ca23209232a0_finser_imballaggio-non-food_03-615-c@2x.jpg\" alt=\"\" \/><\/li><\/ul><\/div>Unsere Abteilung \u201cNon-Food\u201d-Industrie wendet sich vorwiegend an die Sektoren Elektronik, Pharmazeutik, Kosmetik, Mechanik, Bekleidung und Dienstleistungen&#8230; <a class=\"hp-link-finser\" href=\"de\/verpackung-non-food\">\u25ba<\/a><div class=\" \" style=\"margin-top:0px;padding-bottom:0px;\"><\/div><\/div><\/div><\/div><div class=\"vc_row wpb_row vc_row-fluid\"><div class=\"wpb_column vc_column_container vc_col-sm-4\"><div class=\"wpb_wrapper\"><h3  style=\"text-align:left;\" >Display<\/h3><div class=\"photo_slider-1 \" style=\"\"><ul><li  style=\"width:0;\" ><img decoding=\"async\" src=\"https:\/\/www.finser.ch\/wp-content\/uploads\/freshizer\/34ee433cce6a971ba78aa7bcbfa97edc_finser_display_02-615-c.jpg\" data-at2x=\"https:\/\/www.finser.ch\/wp-content\/uploads\/freshizer\/34ee433cce6a971ba78aa7bcbfa97edc_finser_display_02-615-c@2x.jpg\" alt=\"\" \/><\/li><li  style=\"width:0;\" ><img decoding=\"async\" src=\"https:\/\/www.finser.ch\/wp-content\/uploads\/freshizer\/3d27f6c74f98e53e3f79593502a842b9_finser_display_03-615-c.jpg\" data-at2x=\"https:\/\/www.finser.ch\/wp-content\/uploads\/freshizer\/3d27f6c74f98e53e3f79593502a842b9_finser_display_03-615-c@2x.jpg\" alt=\"\" \/><\/li><li  style=\"width:0;\" ><img decoding=\"async\" src=\"https:\/\/www.finser.ch\/wp-content\/uploads\/freshizer\/45b6cc6550a234cde4ca8cd3a9414054_finser_display_04-615-c.jpg\" data-at2x=\"https:\/\/www.finser.ch\/wp-content\/uploads\/freshizer\/45b6cc6550a234cde4ca8cd3a9414054_finser_display_04-615-c@2x.jpg\" alt=\"\" \/><\/li><\/ul><\/div>Mit der Abteilung \u201cDisplays\u201d wenden wir uns an alle Unternehmen, die sich und die eigenen Produkte auf eine innovative, ansprechende Art pr\u00e4sentieren m\u00f6chten&#8230; <a class=\"hp-link-finser\" href=\"de\/display\">\u25ba<\/a><div class=\" \" style=\"margin-top:0px;padding-bottom:0px;\"><\/div><\/div><\/div><div class=\"wpb_column vc_column_container vc_col-sm-4\"><div class=\"wpb_wrapper\"><h3  style=\"text-align:left;\" >Logistik und Lager<\/h3><div class=\"photo_slider-1 \" style=\"\"><ul><li  style=\"width:0;\" ><img decoding=\"async\" src=\"https:\/\/www.finser.ch\/wp-content\/uploads\/freshizer\/d6603bf4afd84695645ff0f79e97ae76_finser_logistica_e_magazzino_01-615-c.jpg\" data-at2x=\"https:\/\/www.finser.ch\/wp-content\/uploads\/freshizer\/d6603bf4afd84695645ff0f79e97ae76_finser_logistica_e_magazzino_01-615-c@2x.jpg\" alt=\"\" \/><\/li><li  style=\"width:0;\" ><img decoding=\"async\" src=\"https:\/\/www.finser.ch\/wp-content\/uploads\/freshizer\/f13bc2f4a1581c823cc0fabb50f5cb75_finser_logistica_e_magazzino_02-615-c.jpg\" data-at2x=\"https:\/\/www.finser.ch\/wp-content\/uploads\/freshizer\/f13bc2f4a1581c823cc0fabb50f5cb75_finser_logistica_e_magazzino_02-615-c@2x.jpg\" alt=\"\" \/><\/li><\/ul><\/div>Wir m\u00f6chten Sie von den Problemen im Zusammenhang mit Verpackung und Lagerung befreien, damit Sie sich auf Ihr Hauptgesch\u00e4ft konzentrieren k\u00f6nnen&#8230; <a class=\"hp-link-finser\" href=\"de\/logistik-und-lager\">\u25ba<\/a><div class=\" \" style=\"margin-top:0px;padding-bottom:0px;\"><\/div><\/div><\/div><div class=\"wpb_column vc_column_container vc_col-sm-4\"><div class=\"wpb_wrapper\"><h3  style=\"text-align:left;\" >Nachrichten<\/h3><div class=\"photo_slider-1 no-slider-nav\" style=\"\"><ul><li  style=\"width:0;\" ><img decoding=\"async\" src=\"https:\/\/www.finser.ch\/wp-content\/uploads\/freshizer\/9adb803b3cc67fd6ba2286f48392e3f6_FINSER-fragola_new-615-c.png\" data-at2x=\"https:\/\/www.finser.ch\/wp-content\/uploads\/freshizer\/9adb803b3cc67fd6ba2286f48392e3f6_FINSER-fragola_new-615-c@2x.png\" alt=\"\" \/><\/li><\/ul><\/div>Magnetic Display<a class=\"hp-link-finser\" href=\"\/category\/novita\/\">\u25ba<\/a><div class=\" \" style=\"margin-top:0px;padding-bottom:0px;\"><\/div><\/div><\/div><\/div>\n","protected":false},"excerpt":{"rendered":"Was wir tun. Wir entwerfen und stellen innovative Verpackungsl\u00f6sungen her,wobei unsere Priorit\u00e4t auf Qualit\u00e4t und Benutzerfreundlichkeit liegt. Wasvir tun. Wir stellen verschiedene Arten von Verpackung her, die Ihre Bed\u00fcrfnisse im Bereich Marketing erg\u00e4nzen. Waswir tun. Wir bieten Standardverpackungen oder personalisierteVerpackungen an, die ein umfassendes Dienstleistungspaket beinhalten. window.SR7 ??={};SR7.PMH ??={}; SR7.PMH[\"SR7_48_2\"] = {cn:100,state:false,fn: function() { if [...]","protected":false},"author":1,"featured_media":0,"parent":0,"menu_order":0,"comment_status":"open","ping_status":"closed","template":"","meta":{"footnotes":""},"class_list":["post-4661","page","type-page","status-publish","hentry"],"_links":{"self":[{"href":"https:\/\/www.finser.ch\/de\/wp-json\/wp\/v2\/pages\/4661","targetHints":{"allow":["GET"]}}],"collection":[{"href":"https:\/\/www.finser.ch\/de\/wp-json\/wp\/v2\/pages"}],"about":[{"href":"https:\/\/www.finser.ch\/de\/wp-json\/wp\/v2\/types\/page"}],"author":[{"embeddable":true,"href":"https:\/\/www.finser.ch\/de\/wp-json\/wp\/v2\/users\/1"}],"replies":[{"embeddable":true,"href":"https:\/\/www.finser.ch\/de\/wp-json\/wp\/v2\/comments?post=4661"}],"version-history":[{"count":63,"href":"https:\/\/www.finser.ch\/de\/wp-json\/wp\/v2\/pages\/4661\/revisions"}],"predecessor-version":[{"id":8409,"href":"https:\/\/www.finser.ch\/de\/wp-json\/wp\/v2\/pages\/4661\/revisions\/8409"}],"wp:attachment":[{"href":"https:\/\/www.finser.ch\/de\/wp-json\/wp\/v2\/media?parent=4661"}],"curies":[{"name":"wp","href":"https:\/\/api.w.org\/{rel}","templated":true}]}}